{"id":12588,"date":"2025-08-06T17:24:47","date_gmt":"2025-08-06T10:24:47","guid":{"rendered":"https:\/\/dafabetlogin.com\/vn\/?page_id=12588"},"modified":"2025-08-06T17:24:47","modified_gmt":"2025-08-06T10:24:47","slug":"dafabet-bonuses-vietnam","status":"publish","type":"page","link":"https:\/\/dafabetlogin.com\/vn\/dafabet-bonuses-vietnam\/","title":{"rendered":"Dafabet Bonuses Vietnam"},"content":{"rendered":"<h1 style=\"text-align: center;\"><strong>Ch\u01b0\u01a1ng tr\u00ecnh khuy\u1ebfn m\u00e3i Dafabet \u2013 \u01afu \u0111\u00e3i h\u1ea5p d\u1eabn cho m\u1ecdi ng\u01b0\u1eddi ch\u01a1i<\/strong><\/h1>\n<p><strong>Dafabet<\/strong> kh\u00f4ng ch\u1ec9 n\u1ed5i ti\u1ebfng v\u1edbi h\u1ec7 sinh th\u00e1i c\u00e1 c\u01b0\u1ee3c \u0111a d\u1ea1ng, m\u00e0 c\u00f2n thu h\u00fat ng\u01b0\u1eddi ch\u01a1i nh\u1edd lo\u1ea1t ch\u01b0\u01a1ng tr\u00ecnh khuy\u1ebfn m\u00e3i v\u00f4 c\u00f9ng h\u1ea5p d\u1eabn. T\u1eeb c\u00e1c \u01b0u \u0111\u00e3i ch\u00e0o m\u1eebng d\u00e0nh cho th\u00e0nh vi\u00ean m\u1edbi, \u0111\u1ebfn ho\u00e0n ti\u1ec1n th\u1ec3 thao, casino, arcade hay th\u01b0\u1edfng theo m\u00f9a gi\u1ea3i \u2013 t\u1ea5t c\u1ea3 \u0111\u1ec1u \u0111\u01b0\u1ee3c thi\u1ebft k\u1ebf \u0111\u1ec3 ng\u01b0\u1eddi ch\u01a1i nh\u1eadn \u0111\u01b0\u1ee3c nhi\u1ec1u gi\u00e1 tr\u1ecb nh\u1ea5t khi tham gia.<\/p>\n<p>D\u01b0\u1edbi \u0111\u00e2y l\u00e0 t\u1ed5ng h\u1ee3p c\u00e1c khuy\u1ebfn m\u00e3i n\u1ed5i b\u1eadt hi\u1ec7n \u0111ang \u00e1p d\u1ee5ng t\u1ea1i Dafabet.<\/p>\n<p style=\"text-align: center;\">    <div class=\"dafabet-cta-wrapper\">\n        <a class=\"dafabet-cta-button\" href=\"https:\/\/dafa07.net\/VNDF?btag=654470_VNDLDFSBT0000&#038;utm_source=654470&#038;utm_medium=SEO&#038;utm_campaign=0000\" target=\"_blank\" rel=\"noopener noreferrer\">\n            <span class=\"cta-text\">JOIN NOW<\/span>\n            <img decoding=\"async\" class=\"cta-logo\" src=\"https:\/\/dafabetlogin.com\/vn\/wp-content\/uploads\/2025\/06\/logo-dafabet.png\" alt=\"Dafabet\" \/>\n        <\/a>\n    <\/div>\n    <\/p>\n<h2><strong>C\u00e1ch tham gia v\u00e0 nh\u1eadn khuy\u1ebfn m\u00e3i Dafabet<\/strong><\/h2>\n<p><img loading=\"lazy\" decoding=\"async\" class=\"aligncenter wp-image-12589\" src=\"https:\/\/dafabetlogin.com\/vn\/wp-content\/uploads\/2025\/05\/dafabet-bonus.png\" alt=\"dafabet bonus\" width=\"728\" height=\"322\" srcset=\"https:\/\/dafabetlogin.com\/vn\/wp-content\/uploads\/2025\/05\/dafabet-bonus.png 1384w, https:\/\/dafabetlogin.com\/vn\/wp-content\/uploads\/2025\/05\/dafabet-bonus-250x111.png 250w, https:\/\/dafabetlogin.com\/vn\/wp-content\/uploads\/2025\/05\/dafabet-bonus-700x310.png 700w, https:\/\/dafabetlogin.com\/vn\/wp-content\/uploads\/2025\/05\/dafabet-bonus-768x340.png 768w, https:\/\/dafabetlogin.com\/vn\/wp-content\/uploads\/2025\/05\/dafabet-bonus-120x53.png 120w\" sizes=\"auto, (max-width: 728px) 100vw, 728px\" \/><\/p>\n<p>\u0110\u1ec3 t\u1eadn d\u1ee5ng to\u00e0n b\u1ed9 c\u00e1c \u01b0u \u0111\u00e3i h\u1ea5p d\u1eabn n\u00e0y, b\u1ea1n ch\u1ec9 c\u1ea7n th\u1ef1c hi\u1ec7n v\u00e0i b\u01b0\u1edbc \u0111\u01a1n gi\u1ea3n:<\/p>\n<ol>\n<li><strong>\u0110\u0103ng nh\u1eadp t\u00e0i kho\u1ea3n Dafabet<\/strong><\/li>\n<li><strong>V\u00e0o m\u1ee5c &#8220;Khuy\u1ebfn M\u00e3i&#8221;<\/strong> tr\u00ean thanh menu<\/li>\n<li><strong>Ch\u1ecdn ch\u01b0\u01a1ng tr\u00ecnh b\u1ea1n mu\u1ed1n tham gia<\/strong><\/li>\n<li><strong>\u0110\u1ecdc k\u1ef9 \u0111i\u1ec1u kho\u1ea3n v\u00e0 \u0111i\u1ec1u ki\u1ec7n \u00e1p d\u1ee5ng<\/strong><\/li>\n<li>Nh\u1ea5n <strong>&#8220;Tham Gia&#8221;<\/strong> (n\u1ebfu y\u00eau c\u1ea7u), sau \u0111\u00f3 b\u1eaft \u0111\u1ea7u ch\u01a1i theo \u0111\u00fang quy \u0111\u1ecbnh<\/li>\n<\/ol>\n<p>M\u1ed9t s\u1ed1 khuy\u1ebfn m\u00e3i s\u1ebd \u0111\u01b0\u1ee3c k\u00edch ho\u1ea1t t\u1ef1 \u0111\u1ed9ng m\u00e0 kh\u00f4ng c\u1ea7n \u0111\u0103ng k\u00fd tr\u01b0\u1edbc, trong khi nh\u1eefng ch\u01b0\u01a1ng tr\u00ecnh \u0111\u1eb7c bi\u1ec7t nh\u01b0 c\u01b0\u1ee3c xi\u00ean, ho\u00e0n ti\u1ec1n ho\u1eb7c th\u01b0\u1edfng n\u1ea1p l\u1ea7n \u0111\u1ea7u s\u1ebd y\u00eau c\u1ea7u ng\u01b0\u1eddi ch\u01a1i k\u00edch ho\u1ea1t t\u1eeb tr\u01b0\u1edbc khi \u0111\u1eb7t c\u01b0\u1ee3c.<\/p>\n<h2><strong>\u01afu \u0111\u00e3i ch\u00e0o m\u1eebng th\u00e0nh vi\u00ean m\u1edbi<\/strong><\/h2>\n<p><img loading=\"lazy\" decoding=\"async\" class=\"aligncenter wp-image-12590\" src=\"https:\/\/dafabetlogin.com\/vn\/wp-content\/uploads\/2025\/05\/dafabet-welcome-bonus.png\" alt=\"dafabet welcome bonus\" width=\"763\" height=\"321\" srcset=\"https:\/\/dafabetlogin.com\/vn\/wp-content\/uploads\/2025\/05\/dafabet-welcome-bonus.png 1138w, https:\/\/dafabetlogin.com\/vn\/wp-content\/uploads\/2025\/05\/dafabet-welcome-bonus-250x105.png 250w, https:\/\/dafabetlogin.com\/vn\/wp-content\/uploads\/2025\/05\/dafabet-welcome-bonus-700x295.png 700w, https:\/\/dafabetlogin.com\/vn\/wp-content\/uploads\/2025\/05\/dafabet-welcome-bonus-768x323.png 768w, https:\/\/dafabetlogin.com\/vn\/wp-content\/uploads\/2025\/05\/dafabet-welcome-bonus-120x51.png 120w\" sizes=\"auto, (max-width: 763px) 100vw, 763px\" \/><\/p>\n<h3><strong>Th\u01b0\u1edfng \u0111\u0103ng k\u00fd mi\u1ec5n ph\u00ed 200.000 VN\u0110<\/strong><\/h3>\n<p>D\u00e0nh ri\u00eang cho ng\u01b0\u1eddi ch\u01a1i m\u1edbi t\u1ea1i khu v\u1ef1c Th\u1ec3 Thao Dafa, ch\u1ec9 c\u1ea7n t\u1ea1o t\u00e0i kho\u1ea3n th\u00e0nh c\u00f4ng, b\u1ea1n s\u1ebd \u0111\u01b0\u1ee3c t\u1eb7ng ngay 200.000 VN\u0110 m\u00e0 kh\u00f4ng c\u1ea7n n\u1ea1p ti\u1ec1n. \u0110\u00e2y l\u00e0 c\u01a1 h\u1ed9i tuy\u1ec7t v\u1eddi \u0111\u1ec3 l\u00e0m quen v\u1edbi h\u1ec7 th\u1ed1ng v\u00e0 b\u1eaft \u0111\u1ea7u c\u00e1 c\u01b0\u1ee3c th\u1eed nghi\u1ec7m m\u00e0 kh\u00f4ng r\u1ee7i ro.<\/p>\n<h3><strong>Th\u01b0\u1edfng n\u1ea1p l\u1ea7n \u0111\u1ea7u l\u00ean \u0111\u1ebfn 2.888.000 VN\u0110<\/strong><\/h3>\n<p>Khi n\u1ea1p ti\u1ec1n l\u1ea7n \u0111\u1ea7u t\u1ea1i Th\u1ec3 Thao Dafa, b\u1ea1n s\u1ebd nh\u1eadn \u0111\u01b0\u1ee3c <strong>100% gi\u00e1 tr\u1ecb th\u01b0\u1edfng<\/strong>, t\u1ed1i \u0111a l\u00ean \u0111\u1ebfn <strong>2.888.000 VN\u0110<\/strong>. \u0110\u00e2y l\u00e0 m\u1ed9t trong nh\u1eefng m\u1ee9c th\u01b0\u1edfng ch\u00e0o m\u1eebng cao nh\u1ea5t th\u1ecb tr\u01b0\u1eddng c\u00e1 c\u01b0\u1ee3c tr\u1ef1c tuy\u1ebfn hi\u1ec7n nay. \u0110i\u1ec1u ki\u1ec7n \u00e1p d\u1ee5ng \u0111\u01a1n gi\u1ea3n, ch\u1ec9 c\u1ea7n n\u1ea1p s\u1ed1 ti\u1ec1n t\u1ed1i thi\u1ec3u v\u00e0 ho\u00e0n th\u00e0nh doanh thu c\u01b0\u1ee3c theo y\u00eau c\u1ea7u.<\/p>\n<h2><strong>Khuy\u1ebfn m\u00e3i Th\u1ec3 Thao Dafa \u2013 \u01afu \u0111\u00e3i chuy\u00ean bi\u1ec7t cho ng\u01b0\u1eddi ch\u01a1i y\u00eau b\u00f3ng \u0111\u00e1<\/strong><\/h2>\n<h3><strong>Khuy\u1ebfn m\u00e3i \u201cCu\u1ed3ng nhi\u1ec7t c\u00f9ng V-League\u201d<\/strong><\/h3>\n<p>D\u00e0nh ri\u00eang cho ng\u01b0\u1eddi ch\u01a1i y\u00eau b\u00f3ng \u0111\u00e1 Vi\u1ec7t Nam, ch\u01b0\u01a1ng tr\u00ecnh n\u00e0y mang \u0111\u1ebfn c\u00e1c ph\u1ea7n th\u01b0\u1edfng h\u1ea5p d\u1eabn khi b\u1ea1n tham gia \u0111\u1eb7t c\u01b0\u1ee3c v\u00e0o gi\u1ea3i <strong>V-League<\/strong>. Ch\u1ec9 c\u1ea7n \u0111\u1ea1t doanh thu c\u01b0\u1ee3c theo y\u00eau c\u1ea7u, ng\u01b0\u1eddi ch\u01a1i s\u1ebd \u0111\u01b0\u1ee3c t\u1eb7ng ti\u1ec1n th\u01b0\u1edfng \u0111\u1ed9c quy\u1ec1n cho m\u1ed7i v\u00f2ng \u0111\u1ea5u.<\/p>\n<h3><strong>Th\u01b0\u1edfng c\u01b0\u1ee3c xi\u00ean \u2013 T\u0103ng c\u1ea5p c\u01a1 h\u1ed9i th\u1eafng l\u1edbn<\/strong><\/h3>\n<p>\u0110\u1eb7t c\u01b0\u1ee3c xi\u00ean (parlay) v\u1edbi t\u1ed1i thi\u1ec3u 3 l\u1ef1a ch\u1ecdn, b\u1ea1n s\u1ebd \u0111\u1ee7 \u0111i\u1ec1u ki\u1ec7n nh\u1eadn th\u00eam th\u01b0\u1edfng \u0111\u1eb7c bi\u1ec7t. C\u00e0ng nhi\u1ec1u l\u1ef1a ch\u1ecdn, ph\u1ea7n th\u01b0\u1edfng c\u00e0ng cao. \u0110\u00e2y l\u00e0 ch\u01b0\u01a1ng tr\u00ecnh l\u00fd t\u01b0\u1edfng cho ng\u01b0\u1eddi ch\u01a1i mu\u1ed1n th\u1eed s\u1ee9c v\u1edbi h\u00ecnh th\u1ee9c c\u01b0\u1ee3c k\u1ebft h\u1ee3p \u0111\u1ec3 nh\u00e2n \u0111\u00f4i l\u1ee3i nhu\u1eadn.<\/p>\n<h3><strong>N\u00e2ng c\u1ea5p k\u00e8o 1&#215;2 \u2013 T\u1ef7 l\u1ec7 t\u0103ng c\u01b0\u1eddng m\u1ed7i ng\u00e0y<\/strong><\/h3>\n<p>M\u1ed7i ng\u00e0y, Dafabet ch\u1ecdn l\u1ecdc c\u00e1c tr\u1eadn \u0111\u1ea5u h\u1ea5p d\u1eabn v\u00e0 \u00e1p d\u1ee5ng <strong>t\u1ef7 l\u1ec7 c\u01b0\u1ee3c t\u0103ng c\u01b0\u1eddng<\/strong> cho k\u00e8o 1&#215;2 (Th\u1eafng \u2013 H\u00f2a \u2013 Thua). Ng\u01b0\u1eddi ch\u01a1i ch\u1ec9 c\u1ea7n c\u01b0\u1ee3c \u0111\u00fang tr\u1eadn \u0111\u01b0\u1ee3c \u0111\u00e1nh d\u1ea5u l\u00e0 &#8220;T\u0103ng c\u01b0\u1eddng&#8221;, l\u1ee3i nhu\u1eadn thu v\u1ec1 s\u1ebd cao h\u01a1n \u0111\u00e1ng k\u1ec3 so v\u1edbi k\u00e8o th\u00f4ng th\u01b0\u1eddng.<\/p>\n<h2><strong>Ho\u00e0n ti\u1ec1n th\u1ec3 thao \u2013 Kh\u00f4ng bao gi\u1edd ra v\u1ec1 tay tr\u1eafng<\/strong><\/h2>\n<h3><strong>Ho\u00e0n ti\u1ec1n NBA &amp; MLB<\/strong><\/h3>\n<p>Trong m\u1ed7i tu\u1ea7n thi \u0111\u1ea5u c\u1ee7a m\u00f9a gi\u1ea3i NBA 2024\u20132025 v\u00e0 MLB 2025, ng\u01b0\u1eddi ch\u01a1i \u0111\u1eb7t c\u01b0\u1ee3c v\u00e0o c\u00e1c tr\u1eadn \u0111\u1ea5u s\u1ebd \u0111\u01b0\u1ee3c ho\u00e0n l\u1ea1i <strong>t\u1edbi 10%<\/strong>, t\u1ed1i \u0111a <strong>6.250.000 VN\u0110<\/strong> cho NBA v\u00e0 <strong>2.000.000 VN\u0110<\/strong> cho MLB. D\u00f9 th\u1eafng hay thua, b\u1ea1n v\u1eabn c\u00f3 th\u1ec3 nh\u1eadn l\u1ea1i m\u1ed9t ph\u1ea7n ti\u1ec1n \u0111\u00e3 ch\u01a1i.<\/p>\n<h3><strong>Ho\u00e0n tr\u1ea3 th\u1ec3 thao \u1ea3o 1.2% kh\u00f4ng gi\u1edbi h\u1ea1n<\/strong><\/h3>\n<p>N\u1ebfu b\u1ea1n y\u00eau th\u00edch \u0111\u1eb7t c\u01b0\u1ee3c v\u00e0o <strong>Th\u1ec3 Thao \u1ea2o<\/strong>, Dafabet ho\u00e0n ti\u1ec1n <strong>1.2% kh\u00f4ng gi\u1edbi h\u1ea1n<\/strong> \u2013 t\u00ednh tr\u00ean t\u1ed5ng doanh thu c\u01b0\u1ee3c h\u1ee3p l\u1ec7. T\u00ednh n\u0103ng n\u00e0y \u00e1p d\u1ee5ng li\u00ean t\u1ee5c m\u00e0 kh\u00f4ng c\u1ea7n \u0111\u0103ng k\u00fd tr\u01b0\u1edbc, gi\u00fap ng\u01b0\u1eddi ch\u01a1i ti\u1ebft ki\u1ec7m \u0111\u00e1ng k\u1ec3 trong d\u00e0i h\u1ea1n.<\/p>\n<h2><strong>\u01afu \u0111\u00e3i d\u00e0nh cho Th\u1ec3 Thao OW<\/strong><\/h2>\n<h3><strong>Th\u01b0\u1edfng ch\u00e0o m\u1eebng 80% \u0111\u1ebfn 2.500.000 VN\u0110<\/strong><\/h3>\n<p>Khi b\u1ea1n n\u1ea1p ti\u1ec1n l\u1ea7n \u0111\u1ea7u v\u00e0o t\u00e0i kho\u1ea3n Th\u1ec3 Thao OW, Dafabet s\u1ebd t\u1eb7ng th\u00eam 80% gi\u00e1 tr\u1ecb n\u1ea1p, v\u1edbi m\u1ee9c th\u01b0\u1edfng t\u1ed1i \u0111a l\u00ean \u0111\u1ebfn <strong>2.500.000 VN\u0110<\/strong> ho\u1eb7c 100 USDT. Ch\u1ec9 c\u1ea7n ho\u00e0n th\u00e0nh y\u00eau c\u1ea7u doanh thu c\u01b0\u1ee3c, b\u1ea1n c\u00f3 th\u1ec3 r\u00fat th\u01b0\u1edfng v\u1ec1 d\u1ec5 d\u00e0ng.<\/p>\n<h3><strong>Th\u01b0\u1edfng d\u1ef1 \u0111o\u00e1n tr\u1eadn Celtic FC<\/strong><\/h3>\n<p>L\u00e0 \u0111\u1ed1i t\u00e1c ch\u00ednh th\u1ee9c c\u1ee7a CLB Celtic FC, Dafabet th\u01b0\u1eddng xuy\u00ean t\u1ed5 ch\u1ee9c ch\u01b0\u01a1ng tr\u00ecnh d\u1ef1 \u0111o\u00e1n t\u1ef7 s\u1ed1 ch\u00ednh x\u00e1c cho c\u00e1c tr\u1eadn \u0111\u1ea5u c\u1ee7a \u0111\u1ed9i b\u00f3ng n\u00e0y. M\u1ed7i d\u1ef1 \u0111o\u00e1n \u0111\u00fang s\u1ebd \u0111\u01b0\u1ee3c th\u01b0\u1edfng <strong>100.000 VN\u0110<\/strong>, kh\u00f4ng gi\u1edbi h\u1ea1n s\u1ed1 l\u1ea7n tham gia trong m\u00f9a gi\u1ea3i.<\/p>\n<h2><strong>\u01afu \u0111\u00e3i theo ph\u01b0\u01a1ng th\u1ee9c n\u1ea1p ti\u1ec1n v\u00e0 n\u1ec1n t\u1ea3ng<\/strong><\/h2>\n<h3><strong>Th\u01b0\u1edfng n\u1ea1p l\u1ea7n \u0111\u1ea7u b\u1eb1ng Bitcoin<\/strong><\/h3>\n<p>D\u00e0nh cho ng\u01b0\u1eddi ch\u01a1i y\u00eau th\u00edch ti\u1ec1n \u0111i\u1ec7n t\u1eed, Dafabet c\u00f3 ch\u01b0\u01a1ng tr\u00ecnh th\u01b0\u1edfng ri\u00eang cho t\u00e0i kho\u1ea3n n\u1ea1p l\u1ea7n \u0111\u1ea7u b\u1eb1ng <strong>Bitcoin<\/strong>. Khi n\u1ea1p BTC v\u00e0o v\u00ed Dafabet, b\u1ea1n s\u1ebd nh\u1eadn th\u01b0\u1edfng h\u1ea5p d\u1eabn v\u00e0 c\u00f3 th\u1ec3 \u0111\u1eb7t c\u01b0\u1ee3c nh\u01b0 b\u00ecnh th\u01b0\u1eddng m\u00e0 v\u1eabn b\u1ea3o m\u1eadt danh t\u00ednh.<\/p>\n<h3><strong>Khuy\u1ebfn m\u00e3i theo n\u1ec1n t\u1ea3ng PT+<\/strong><\/h3>\n<p>Khi s\u1eed d\u1ee5ng <strong>v\u00ed PT+<\/strong>, ng\u01b0\u1eddi ch\u01a1i s\u1ebd \u0111\u01b0\u1ee3c tham gia ch\u01b0\u01a1ng tr\u00ecnh <strong>Th\u01b0\u1edfng Ch\u00e0o M\u1eebng<\/strong> 100% v\u1edbi s\u1ed1 ti\u1ec1n l\u00ean t\u1edbi <strong>1.800.000 VN\u0110<\/strong>. \u0110\u00e2y l\u00e0 v\u00ed ph\u1ee5 chuy\u00ean d\u1ee5ng \u0111\u01b0\u1ee3c Dafabet ph\u00e1t tri\u1ec3n cho m\u1ed9t s\u1ed1 tr\u00f2 ch\u01a1i nh\u1ea5t \u0111\u1ecbnh v\u00e0 c\u00f3 khuy\u1ebfn m\u00e3i \u0111\u1ed9c l\u1eadp.<\/p>\n<h2><strong>\u01afu \u0111\u00e3i d\u00e0nh cho Casino v\u00e0 Arcade<\/strong><\/h2>\n<h3><strong>Ho\u00e0n tr\u1ea3 Casino Tr\u1ef1c Tuy\u1ebfn 0.88%<\/strong><\/h3>\n<p>\u0110\u1eb7t c\u01b0\u1ee3c v\u00e0o c\u00e1c tr\u00f2 ch\u01a1i casino tr\u1ef1c tuy\u1ebfn nh\u01b0 baccarat, roulette hay poker v\u00e0 nh\u1eadn l\u1ea1i <strong>0.88% ho\u00e0n tr\u1ea3 ti\u1ec1n m\u1eb7t<\/strong>. Kh\u00f4ng c\u1ea7n \u0111\u0103ng k\u00fd tr\u01b0\u1edbc, ti\u1ec1n ho\u00e0n l\u1ea1i \u0111\u01b0\u1ee3c c\u1ed9ng v\u00e0o t\u00e0i kho\u1ea3n h\u1eb1ng tu\u1ea7n.<\/p>\n<h3><strong>Ho\u00e0n tr\u1ea3 Arcade 0.95% kh\u00f4ng gi\u1edbi h\u1ea1n<\/strong><\/h3>\n<p>T\u1ea1i khu v\u1ef1c Arcade, n\u01a1i quy t\u1ee5 h\u00e0ng tr\u0103m tr\u00f2 ch\u01a1i slot game, b\u1eafn c\u00e1, gi\u1ea3i tr\u00ed nh\u1eb9 nh\u00e0ng \u2013 Dafabet \u00e1p d\u1ee5ng ho\u00e0n tr\u1ea3 <strong>0.95% kh\u00f4ng gi\u1edbi h\u1ea1n<\/strong> theo tu\u1ea7n. D\u00f9 th\u1eafng hay thua, b\u1ea1n v\u1eabn \u0111\u01b0\u1ee3c ho\u00e0n l\u1ea1i m\u1ed9t ph\u1ea7n ti\u1ec1n c\u01b0\u1ee3c.<\/p>\n<p style=\"text-align: center;\">    <div class=\"dafabet-cta-wrapper\">\n        <a class=\"dafabet-cta-button\" href=\"https:\/\/dafa07.net\/VNDF?btag=654470_VNDLDFSBT0000&#038;utm_source=654470&#038;utm_medium=SEO&#038;utm_campaign=0000\" target=\"_blank\" rel=\"noopener noreferrer\">\n            <span class=\"cta-text\">JOIN NOW<\/span>\n            <img decoding=\"async\" class=\"cta-logo\" src=\"https:\/\/dafabetlogin.com\/vn\/wp-content\/uploads\/2025\/06\/logo-dafabet.png\" alt=\"Dafabet\" \/>\n        <\/a>\n    <\/div>\n    <\/p>\n<h2><strong>L\u01b0u \u00fd khi nh\u1eadn khuy\u1ebfn m\u00e3i<\/strong><\/h2>\n<ul>\n<li>M\u1ed7i ch\u01b0\u01a1ng tr\u00ecnh c\u00f3 \u0111i\u1ec1u ki\u1ec7n ri\u00eang v\u1ec1 doanh thu c\u01b0\u1ee3c, th\u1eddi gian tham gia v\u00e0 tr\u00f2 ch\u01a1i h\u1ee3p l\u1ec7.<\/li>\n<li>Kh\u00f4ng \u0111\u01b0\u1ee3c r\u00fat th\u01b0\u1edfng n\u1ebfu ch\u01b0a ho\u00e0n th\u00e0nh y\u00eau c\u1ea7u rollover (v\u00f2ng c\u01b0\u1ee3c).<\/li>\n<li>C\u00e1c ch\u01b0\u01a1ng tr\u00ecnh c\u00f3 th\u1ec3 thay \u0111\u1ed5i m\u00e0 kh\u00f4ng c\u1ea7n th\u00f4ng b\u00e1o tr\u01b0\u1edbc \u2013 h\u00e3y ki\u1ec3m tra k\u1ef9 m\u1ee5c <strong>Khuy\u1ebfn M\u00e3i<\/strong> tr\u01b0\u1edbc khi ch\u01a1i.<\/li>\n<\/ul>\n<p>&nbsp;<\/p>\n","protected":false},"excerpt":{"rendered":"Ch\u01b0\u01a1ng tr\u00ecnh khuy\u1ebfn m\u00e3i Dafabet \u2013 \u01afu \u0111\u00e3i h\u1ea5p d\u1eabn cho m\u1ecdi ng\u01b0\u1eddi ch\u01a1i Dafabet kh\u00f4ng ch\u1ec9 n\u1ed5i ti\u1ebfng v\u1edbi h\u1ec7 sinh th\u00e1i c\u00e1 c\u01b0\u1ee3c \u0111a d\u1ea1ng, m\u00e0 c\u00f2n thu h\u00fat ng\u01b0\u1eddi ch\u01a1i nh\u1edd lo\u1ea1t ch\u01b0\u01a1ng tr\u00ecnh khuy\u1ebfn m\u00e3i v\u00f4 c\u00f9ng h\u1ea5p d\u1eabn. T\u1eeb c\u00e1c \u01b0u \u0111\u00e3i ch\u00e0o m\u1eebng d\u00e0nh cho th\u00e0nh vi\u00ean m\u1edbi, \u0111\u1ebfn&#8230; <a class=\"view-article\" href=\"https:\/\/dafabetlogin.com\/vn\/dafabet-bonuses-vietnam\/\">View Article<\/a>","protected":false},"author":9,"featured_media":0,"parent":0,"menu_order":0,"comment_status":"closed","ping_status":"closed","template":"front-page.php","meta":{"_acf_changed":false,"yasr_overall_rating":0,"yasr_post_is_review":"","yasr_auto_insert_disabled":"","yasr_review_type":"","footnotes":""},"class_list":["post-12588","page","type-page","status-publish","hentry"],"acf":[],"yoast_head":"<!-- This site is optimized with the Yoast SEO plugin v27.3 - https:\/\/yoast.com\/product\/yoast-seo-wordpress\/ -->\n<title>Khuy\u1ebfn M\u00e3i Dafabet \u2013 \u01afu \u0110\u00e3i H\u1ea5p D\u1eabn Cho Ng\u01b0\u1eddi Ch\u01a1i<\/title>\n<meta name=\"description\" content=\"Kh\u00e1m ph\u00e1 lo\u1ea1t khuy\u1ebfn m\u00e3i Dafabet h\u1ea5p d\u1eabn: th\u01b0\u1edfng ch\u00e0o m\u1eebng, ho\u00e0n ti\u1ec1n th\u1ec3 thao, casino, c\u01b0\u1ee3c xi\u00ean, n\u1ea1p b\u1eb1ng Bitcoin v\u00e0 nhi\u1ec1u \u01b0u \u0111\u00e3i theo m\u00f9a gi\u1ea3i.\" \/>\n<meta name=\"robots\" content=\"index, follow, max-snippet:-1, max-image-preview:large, max-video-preview:-1\" \/>\n<link rel=\"canonical\" href=\"https:\/\/dafabetlogin.com\/vn\/dafabet-bonuses-vietnam\/\" \/>\n<meta property=\"og:locale\" content=\"en_US\" \/>\n<meta property=\"og:type\" content=\"article\" \/>\n<meta property=\"og:title\" content=\"Khuy\u1ebfn M\u00e3i Dafabet \u2013 \u01afu \u0110\u00e3i H\u1ea5p D\u1eabn Cho Ng\u01b0\u1eddi Ch\u01a1i\" \/>\n<meta property=\"og:description\" content=\"Kh\u00e1m ph\u00e1 lo\u1ea1t khuy\u1ebfn m\u00e3i Dafabet h\u1ea5p d\u1eabn: th\u01b0\u1edfng ch\u00e0o m\u1eebng, ho\u00e0n ti\u1ec1n th\u1ec3 thao, casino, c\u01b0\u1ee3c xi\u00ean, n\u1ea1p b\u1eb1ng Bitcoin v\u00e0 nhi\u1ec1u \u01b0u \u0111\u00e3i theo m\u00f9a gi\u1ea3i.\" \/>\n<meta property=\"og:url\" content=\"https:\/\/dafabetlogin.com\/vn\/dafabet-bonuses-vietnam\/\" \/>\n<meta property=\"og:site_name\" content=\"Dafabet Login VN\" \/>\n<meta property=\"og:image\" content=\"https:\/\/dafabetlogin.com\/vn\/wp-content\/uploads\/2025\/05\/dafabet-bonus.png\" \/>\n<meta name=\"twitter:card\" content=\"summary_large_image\" \/>\n<meta name=\"twitter:label1\" content=\"Est. reading time\" \/>\n\t<meta name=\"twitter:data1\" content=\"6 minutes\" \/>\n<script type=\"application\/ld+json\" class=\"yoast-schema-graph\">{\"@context\":\"https:\\\/\\\/schema.org\",\"@graph\":[{\"@type\":\"WebPage\",\"@id\":\"https:\\\/\\\/dafabetlogin.com\\\/vn\\\/dafabet-bonuses-vietnam\\\/\",\"url\":\"https:\\\/\\\/dafabetlogin.com\\\/vn\\\/dafabet-bonuses-vietnam\\\/\",\"name\":\"Khuy\u1ebfn M\u00e3i Dafabet \u2013 \u01afu \u0110\u00e3i H\u1ea5p D\u1eabn Cho Ng\u01b0\u1eddi Ch\u01a1i\",\"isPartOf\":{\"@id\":\"https:\\\/\\\/dafabetlogin.com\\\/vn\\\/#website\"},\"primaryImageOfPage\":{\"@id\":\"https:\\\/\\\/dafabetlogin.com\\\/vn\\\/dafabet-bonuses-vietnam\\\/#primaryimage\"},\"image\":{\"@id\":\"https:\\\/\\\/dafabetlogin.com\\\/vn\\\/dafabet-bonuses-vietnam\\\/#primaryimage\"},\"thumbnailUrl\":\"https:\\\/\\\/dafabetlogin.com\\\/vn\\\/wp-content\\\/uploads\\\/2025\\\/05\\\/dafabet-bonus.png\",\"datePublished\":\"2025-08-06T10:24:47+00:00\",\"description\":\"Kh\u00e1m ph\u00e1 lo\u1ea1t khuy\u1ebfn m\u00e3i Dafabet h\u1ea5p d\u1eabn: th\u01b0\u1edfng ch\u00e0o m\u1eebng, ho\u00e0n ti\u1ec1n th\u1ec3 thao, casino, c\u01b0\u1ee3c xi\u00ean, n\u1ea1p b\u1eb1ng Bitcoin v\u00e0 nhi\u1ec1u \u01b0u \u0111\u00e3i theo m\u00f9a gi\u1ea3i.\",\"breadcrumb\":{\"@id\":\"https:\\\/\\\/dafabetlogin.com\\\/vn\\\/dafabet-bonuses-vietnam\\\/#breadcrumb\"},\"inLanguage\":\"en-US\",\"potentialAction\":[{\"@type\":\"ReadAction\",\"target\":[\"https:\\\/\\\/dafabetlogin.com\\\/vn\\\/dafabet-bonuses-vietnam\\\/\"]}]},{\"@type\":\"ImageObject\",\"inLanguage\":\"en-US\",\"@id\":\"https:\\\/\\\/dafabetlogin.com\\\/vn\\\/dafabet-bonuses-vietnam\\\/#primaryimage\",\"url\":\"https:\\\/\\\/dafabetlogin.com\\\/vn\\\/wp-content\\\/uploads\\\/2025\\\/05\\\/dafabet-bonus.png\",\"contentUrl\":\"https:\\\/\\\/dafabetlogin.com\\\/vn\\\/wp-content\\\/uploads\\\/2025\\\/05\\\/dafabet-bonus.png\",\"width\":1384,\"height\":612,\"caption\":\"dafabet bonus\"},{\"@type\":\"BreadcrumbList\",\"@id\":\"https:\\\/\\\/dafabetlogin.com\\\/vn\\\/dafabet-bonuses-vietnam\\\/#breadcrumb\",\"itemListElement\":[{\"@type\":\"ListItem\",\"position\":1,\"name\":\"Home\",\"item\":\"https:\\\/\\\/dafabetlogin.com\\\/vn\\\/\"},{\"@type\":\"ListItem\",\"position\":2,\"name\":\"Dafabet Bonuses Vietnam\"}]},{\"@type\":\"WebSite\",\"@id\":\"https:\\\/\\\/dafabetlogin.com\\\/vn\\\/#website\",\"url\":\"https:\\\/\\\/dafabetlogin.com\\\/vn\\\/\",\"name\":\"Dafabet Login VN\",\"description\":\"Dafabet l\u00e0 nh\u00e0 c\u00e1i s\u1ed1 1 Ch\u00e2u \u00c1. Dafabet.tips h\u01b0\u1edbng d\u1eabn c\u00e1c b\u1ea1n c\u00e1ch tham gia v\u00e0o Dafabet, m\u1eb9o chi\u1ebfn th\u1eafng khi ch\u01a1i c\u00e1 c\u01b0\u1ee3c online\",\"potentialAction\":[{\"@type\":\"SearchAction\",\"target\":{\"@type\":\"EntryPoint\",\"urlTemplate\":\"https:\\\/\\\/dafabetlogin.com\\\/vn\\\/?s={search_term_string}\"},\"query-input\":{\"@type\":\"PropertyValueSpecification\",\"valueRequired\":true,\"valueName\":\"search_term_string\"}}],\"inLanguage\":\"en-US\"},false]}<\/script>\n<!-- \/ Yoast SEO plugin. -->","yoast_head_json":{"title":"Khuy\u1ebfn M\u00e3i Dafabet \u2013 \u01afu \u0110\u00e3i H\u1ea5p D\u1eabn Cho Ng\u01b0\u1eddi Ch\u01a1i","description":"Kh\u00e1m ph\u00e1 lo\u1ea1t khuy\u1ebfn m\u00e3i Dafabet h\u1ea5p d\u1eabn: th\u01b0\u1edfng ch\u00e0o m\u1eebng, ho\u00e0n ti\u1ec1n th\u1ec3 thao, casino, c\u01b0\u1ee3c xi\u00ean, n\u1ea1p b\u1eb1ng Bitcoin v\u00e0 nhi\u1ec1u \u01b0u \u0111\u00e3i theo m\u00f9a gi\u1ea3i.","robots":{"index":"index","follow":"follow","max-snippet":"max-snippet:-1","max-image-preview":"max-image-preview:large","max-video-preview":"max-video-preview:-1"},"canonical":"https:\/\/dafabetlogin.com\/vn\/dafabet-bonuses-vietnam\/","og_locale":"en_US","og_type":"article","og_title":"Khuy\u1ebfn M\u00e3i Dafabet \u2013 \u01afu \u0110\u00e3i H\u1ea5p D\u1eabn Cho Ng\u01b0\u1eddi Ch\u01a1i","og_description":"Kh\u00e1m ph\u00e1 lo\u1ea1t khuy\u1ebfn m\u00e3i Dafabet h\u1ea5p d\u1eabn: th\u01b0\u1edfng ch\u00e0o m\u1eebng, ho\u00e0n ti\u1ec1n th\u1ec3 thao, casino, c\u01b0\u1ee3c xi\u00ean, n\u1ea1p b\u1eb1ng Bitcoin v\u00e0 nhi\u1ec1u \u01b0u \u0111\u00e3i theo m\u00f9a gi\u1ea3i.","og_url":"https:\/\/dafabetlogin.com\/vn\/dafabet-bonuses-vietnam\/","og_site_name":"Dafabet Login VN","og_image":[{"url":"https:\/\/dafabetlogin.com\/vn\/wp-content\/uploads\/2025\/05\/dafabet-bonus.png","type":"","width":"","height":""}],"twitter_card":"summary_large_image","twitter_misc":{"Est. reading time":"6 minutes"},"schema":{"@context":"https:\/\/schema.org","@graph":[{"@type":"WebPage","@id":"https:\/\/dafabetlogin.com\/vn\/dafabet-bonuses-vietnam\/","url":"https:\/\/dafabetlogin.com\/vn\/dafabet-bonuses-vietnam\/","name":"Khuy\u1ebfn M\u00e3i Dafabet \u2013 \u01afu \u0110\u00e3i H\u1ea5p D\u1eabn Cho Ng\u01b0\u1eddi Ch\u01a1i","isPartOf":{"@id":"https:\/\/dafabetlogin.com\/vn\/#website"},"primaryImageOfPage":{"@id":"https:\/\/dafabetlogin.com\/vn\/dafabet-bonuses-vietnam\/#primaryimage"},"image":{"@id":"https:\/\/dafabetlogin.com\/vn\/dafabet-bonuses-vietnam\/#primaryimage"},"thumbnailUrl":"https:\/\/dafabetlogin.com\/vn\/wp-content\/uploads\/2025\/05\/dafabet-bonus.png","datePublished":"2025-08-06T10:24:47+00:00","description":"Kh\u00e1m ph\u00e1 lo\u1ea1t khuy\u1ebfn m\u00e3i Dafabet h\u1ea5p d\u1eabn: th\u01b0\u1edfng ch\u00e0o m\u1eebng, ho\u00e0n ti\u1ec1n th\u1ec3 thao, casino, c\u01b0\u1ee3c xi\u00ean, n\u1ea1p b\u1eb1ng Bitcoin v\u00e0 nhi\u1ec1u \u01b0u \u0111\u00e3i theo m\u00f9a gi\u1ea3i.","breadcrumb":{"@id":"https:\/\/dafabetlogin.com\/vn\/dafabet-bonuses-vietnam\/#breadcrumb"},"inLanguage":"en-US","potentialAction":[{"@type":"ReadAction","target":["https:\/\/dafabetlogin.com\/vn\/dafabet-bonuses-vietnam\/"]}]},{"@type":"ImageObject","inLanguage":"en-US","@id":"https:\/\/dafabetlogin.com\/vn\/dafabet-bonuses-vietnam\/#primaryimage","url":"https:\/\/dafabetlogin.com\/vn\/wp-content\/uploads\/2025\/05\/dafabet-bonus.png","contentUrl":"https:\/\/dafabetlogin.com\/vn\/wp-content\/uploads\/2025\/05\/dafabet-bonus.png","width":1384,"height":612,"caption":"dafabet bonus"},{"@type":"BreadcrumbList","@id":"https:\/\/dafabetlogin.com\/vn\/dafabet-bonuses-vietnam\/#breadcrumb","itemListElement":[{"@type":"ListItem","position":1,"name":"Home","item":"https:\/\/dafabetlogin.com\/vn\/"},{"@type":"ListItem","position":2,"name":"Dafabet Bonuses Vietnam"}]},{"@type":"WebSite","@id":"https:\/\/dafabetlogin.com\/vn\/#website","url":"https:\/\/dafabetlogin.com\/vn\/","name":"Dafabet Login VN","description":"Dafabet l\u00e0 nh\u00e0 c\u00e1i s\u1ed1 1 Ch\u00e2u \u00c1. Dafabet.tips h\u01b0\u1edbng d\u1eabn c\u00e1c b\u1ea1n c\u00e1ch tham gia v\u00e0o Dafabet, m\u1eb9o chi\u1ebfn th\u1eafng khi ch\u01a1i c\u00e1 c\u01b0\u1ee3c online","potentialAction":[{"@type":"SearchAction","target":{"@type":"EntryPoint","urlTemplate":"https:\/\/dafabetlogin.com\/vn\/?s={search_term_string}"},"query-input":{"@type":"PropertyValueSpecification","valueRequired":true,"valueName":"search_term_string"}}],"inLanguage":"en-US"},false]}},"yasr_visitor_votes":{"stars_attributes":{"read_only":false,"span_bottom":false},"number_of_votes":0,"sum_votes":0},"_links":{"self":[{"href":"https:\/\/dafabetlogin.com\/vn\/wp-json\/wp\/v2\/pages\/12588","targetHints":{"allow":["GET"]}}],"collection":[{"href":"https:\/\/dafabetlogin.com\/vn\/wp-json\/wp\/v2\/pages"}],"about":[{"href":"https:\/\/dafabetlogin.com\/vn\/wp-json\/wp\/v2\/types\/page"}],"author":[{"embeddable":true,"href":"https:\/\/dafabetlogin.com\/vn\/wp-json\/wp\/v2\/users\/9"}],"replies":[{"embeddable":true,"href":"https:\/\/dafabetlogin.com\/vn\/wp-json\/wp\/v2\/comments?post=12588"}],"version-history":[{"count":2,"href":"https:\/\/dafabetlogin.com\/vn\/wp-json\/wp\/v2\/pages\/12588\/revisions"}],"predecessor-version":[{"id":12611,"href":"https:\/\/dafabetlogin.com\/vn\/wp-json\/wp\/v2\/pages\/12588\/revisions\/12611"}],"wp:attachment":[{"href":"https:\/\/dafabetlogin.com\/vn\/wp-json\/wp\/v2\/media?parent=12588"}],"curies":[{"name":"wp","href":"https:\/\/api.w.org\/{rel}","templated":true}]}}