{"id":12583,"date":"2025-08-06T17:28:59","date_gmt":"2025-08-06T10:28:59","guid":{"rendered":"https:\/\/dafabetlogin.com\/vn\/?page_id=12583"},"modified":"2025-08-06T17:28:59","modified_gmt":"2025-08-06T10:28:59","slug":"dafabet-support-vietnam","status":"publish","type":"page","link":"https:\/\/dafabetlogin.com\/vn\/dafabet-support-vietnam\/","title":{"rendered":"Dafabet Support Vietnam"},"content":{"rendered":"<h1 style=\"text-align: center;\">H\u1ed7 Tr\u1ee3 Dafabet \u2013 Lu\u00f4n \u0110\u1ed3ng H\u00e0nh C\u00f9ng Ng\u01b0\u1eddi Ch\u01a1i M\u1ecdi L\u00fac, M\u1ecdi N\u01a1i<\/h1>\n<p>T\u1ea1i Dafabet, ch\u00fang t\u00f4i hi\u1ec3u r\u1eb1ng tr\u1ea3i nghi\u1ec7m c\u00e1 c\u01b0\u1ee3c ho\u00e0n h\u1ea3o kh\u00f4ng ch\u1ec9 \u0111\u1ebfn t\u1eeb tr\u00f2 ch\u01a1i h\u1ea5p d\u1eabn hay khuy\u1ebfn m\u00e3i h\u1ea5p d\u1eabn, m\u00e0 c\u00f2n t\u1eeb d\u1ecbch v\u1ee5 h\u1ed7 tr\u1ee3 kh\u00e1ch h\u00e0ng chuy\u00ean nghi\u1ec7p, nhanh ch\u00f3ng v\u00e0 th\u00e2n thi\u1ec7n. D\u00f9 b\u1ea1n l\u00e0 ng\u01b0\u1eddi ch\u01a1i m\u1edbi hay \u0111\u00e3 g\u1eafn b\u00f3 l\u00e2u n\u0103m, \u0111\u1ed9i ng\u0169 h\u1ed7 tr\u1ee3 c\u1ee7a ch\u00fang t\u00f4i lu\u00f4n s\u1eb5n s\u00e0ng gi\u1ea3i \u0111\u00e1p m\u1ecdi th\u1eafc m\u1eafc v\u00e0 x\u1eed l\u00fd k\u1ecbp th\u1eddi m\u1ecdi t\u00ecnh hu\u1ed1ng ph\u00e1t sinh.<\/p>\n<p style=\"text-align: center;\">    <div class=\"dafabet-cta-wrapper\">\n        <a class=\"dafabet-cta-button\" href=\"https:\/\/dafa07.net\/VNDF?btag=654470_VNDLDFSBT0000&#038;utm_source=654470&#038;utm_medium=SEO&#038;utm_campaign=0000\" target=\"_blank\" rel=\"noopener noreferrer\">\n            <span class=\"cta-text\">JOIN NOW<\/span>\n            <img decoding=\"async\" class=\"cta-logo\" src=\"https:\/\/dafabetlogin.com\/vn\/wp-content\/uploads\/2025\/06\/logo-dafabet.png\" alt=\"Dafabet\" \/>\n        <\/a>\n    <\/div>\n    <\/p>\n<h2><strong>T\u1ea1i sao n\u00ean ch\u1ecdn h\u1ed7 tr\u1ee3 Dafabet?<\/strong><\/h2>\n<p><img loading=\"lazy\" decoding=\"async\" class=\"aligncenter wp-image-12584\" src=\"https:\/\/dafabetlogin.com\/vn\/wp-content\/uploads\/2025\/05\/Ho-Tro-Dafabet.png\" alt=\"H\u1ed7 Tr\u1ee3 Dafabet\" width=\"732\" height=\"371\" srcset=\"https:\/\/dafabetlogin.com\/vn\/wp-content\/uploads\/2025\/05\/Ho-Tro-Dafabet.png 1138w, https:\/\/dafabetlogin.com\/vn\/wp-content\/uploads\/2025\/05\/Ho-Tro-Dafabet-250x127.png 250w, https:\/\/dafabetlogin.com\/vn\/wp-content\/uploads\/2025\/05\/Ho-Tro-Dafabet-700x354.png 700w, https:\/\/dafabetlogin.com\/vn\/wp-content\/uploads\/2025\/05\/Ho-Tro-Dafabet-768x389.png 768w, https:\/\/dafabetlogin.com\/vn\/wp-content\/uploads\/2025\/05\/Ho-Tro-Dafabet-120x61.png 120w\" sizes=\"auto, (max-width: 732px) 100vw, 732px\" \/><\/p>\n<ul>\n<li>Ph\u1ea3n h\u1ed3i nhanh ch\u00f3ng 24\/7: D\u00f9 l\u00e0 ban ng\u00e0y hay n\u1eeda \u0111\u00eam, b\u1ea1n \u0111\u1ec1u c\u00f3 th\u1ec3 li\u00ean h\u1ec7 v\u00e0 nh\u1eadn h\u1ed7 tr\u1ee3 trong th\u1eddi gian ng\u1eafn nh\u1ea5t.<\/li>\n<li>\u0110a d\u1ea1ng k\u00eanh li\u00ean h\u1ec7: H\u1ed7 tr\u1ee3 qua chat, email, Zalo \u2013 ti\u1ec7n l\u1ee3i theo c\u00e1ch b\u1ea1n mu\u1ed1n.<\/li>\n<li>\u0110\u1ed9i ng\u0169 chuy\u00ean nghi\u1ec7p: \u0110\u01b0\u1ee3c \u0111\u00e0o t\u1ea1o b\u00e0i b\u1ea3n v\u00e0 am hi\u1ec3u m\u1ecdi s\u1ea3n ph\u1ea9m c\u1ee7a Dafabet.<\/li>\n<li>B\u1ea3o m\u1eadt tuy\u1ec7t \u0111\u1ed1i: M\u1ecdi th\u00f4ng tin trao \u0111\u1ed5i \u0111\u1ec1u \u0111\u01b0\u1ee3c gi\u1eef k\u00edn v\u00e0 tu\u00e2n th\u1ee7 ch\u00ednh s\u00e1ch quy\u1ec1n ri\u00eang t\u01b0.<\/li>\n<\/ul>\n<h2><strong>C\u00e1c k\u00eanh h\u1ed7 tr\u1ee3 Dafabet b\u1ea1n c\u00f3 th\u1ec3 s\u1eed d\u1ee5ng<\/strong><\/h2>\n<p>D\u01b0\u1edbi \u0111\u00e2y l\u00e0 c\u00e1c h\u00ecnh th\u1ee9c h\u1ed7 tr\u1ee3 ch\u00ednh th\u1ee9c t\u1eeb Dafabet d\u00e0nh cho ng\u01b0\u1eddi ch\u01a1i t\u1ea1i Vi\u1ec7t Nam:<\/p>\n<ol>\n<li>Chat Tr\u1ef1c Tuy\u1ebfn 24\/7<\/li>\n<\/ol>\n<ul>\n<li>\u0110\u00e2y l\u00e0 c\u00e1ch nhanh nh\u1ea5t \u0111\u1ec3 b\u1ea1n li\u00ean h\u1ec7 v\u1edbi nh\u00e2n vi\u00ean ch\u0103m s\u00f3c kh\u00e1ch h\u00e0ng.<\/li>\n<li>Ch\u1ec9 c\u1ea7n nh\u1ea5n v\u00e0o bi\u1ec3u t\u01b0\u1ee3ng Chat tr\u00ean trang ch\u1ee7 ho\u1eb7c trong \u1ee9ng d\u1ee5ng, b\u1ea1n s\u1ebd \u0111\u01b0\u1ee3c k\u1ebft n\u1ed1i ngay l\u1eadp t\u1ee9c v\u1edbi nh\u00e2n vi\u00ean t\u01b0 v\u1ea5n.<\/li>\n<li>H\u1ed7 tr\u1ee3 \u0111a ng\u00f4n ng\u1eef, bao g\u1ed3m c\u1ea3 ti\u1ebfng Vi\u1ec7t, \u0111\u1ea3m b\u1ea3o b\u1ea1n \u0111\u01b0\u1ee3c h\u01b0\u1edbng d\u1eabn c\u1ee5 th\u1ec3 v\u00e0 d\u1ec5 hi\u1ec3u.<\/li>\n<\/ul>\n<ol start=\"2\">\n<li>Email h\u1ed7 tr\u1ee3 kh\u00e1ch h\u00e0ng<\/li>\n<\/ol>\n<ul>\n<li>G\u1eedi th\u1eafc m\u1eafc ho\u1eb7c y\u00eau c\u1ea7u \u0111\u1ebfn \u0111\u1ecba ch\u1ec9:<br \/>\nvnsupport@dafabet.com<\/li>\n<li>Email ph\u00f9 h\u1ee3p khi b\u1ea1n c\u1ea7n g\u1eedi t\u00e0i li\u1ec7u, \u1ea3nh ch\u1ee5p m\u00e0n h\u00ecnh ho\u1eb7c y\u00eau c\u1ea7u h\u1ed7 tr\u1ee3 ph\u1ee9c t\u1ea1p c\u1ea7n th\u1eddi gian x\u1eed l\u00fd.<\/li>\n<li>\u0110\u1ed9i ng\u0169 email ph\u1ea3n h\u1ed3i trong v\u00f2ng t\u1eeb 1\u20134 gi\u1edd, tu\u1ef3 theo m\u1ee9c \u0111\u1ed9 chi ti\u1ebft c\u1ee7a n\u1ed9i dung.<\/li>\n<\/ul>\n<ol start=\"3\">\n<li>H\u1ed7 tr\u1ee3 qua Zalo<\/li>\n<\/ol>\n<ul>\n<li>\u0110\u1ed1i v\u1edbi ng\u01b0\u1eddi d\u00f9ng y\u00eau th\u00edch \u1ee9ng d\u1ee5ng Zalo, Dafabet c\u00f3 k\u00eanh ch\u00ednh th\u1ee9c t\u1ea1i:<br \/>\n@DafaVietnam_bot<\/li>\n<li>B\u1ea1n c\u00f3 th\u1ec3 chat tr\u1ef1c ti\u1ebfp, nh\u1eadn th\u00f4ng tin khuy\u1ebfn m\u00e3i ho\u1eb7c h\u01b0\u1edbng d\u1eabn nhanh v\u1ec1 c\u00e1ch ch\u01a1i, n\u1ea1p\/r\u00fat ti\u1ec1n ngay tr\u00ean Zalo.<\/li>\n<li>Zalo l\u00e0 l\u1ef1a ch\u1ecdn ti\u1ec7n l\u1ee3i cho ng\u01b0\u1eddi ch\u01a1i s\u1eed d\u1ee5ng \u0111i\u1ec7n tho\u1ea1i di \u0111\u1ed9ng.<\/li>\n<\/ul>\n<ol start=\"4\">\n<li>Tr\u1ee3 gi\u00fap &amp; C\u00e2u h\u1ecfi th\u01b0\u1eddng g\u1eb7p<\/li>\n<\/ol>\n<ul>\n<li>Truy c\u1eadp m\u1ee5c FAQ \u2013 C\u00e2u h\u1ecfi th\u01b0\u1eddng g\u1eb7p t\u1ea1i trang Dafabet \u0111\u1ec3:\n<ul>\n<li>T\u00ecm h\u01b0\u1edbng d\u1eabn n\u1ea1p ti\u1ec1n, r\u00fat ti\u1ec1n<\/li>\n<li>C\u00e1ch x\u00e1c minh t\u00e0i kho\u1ea3n<\/li>\n<li>Quy \u0111\u1ecbnh \u0111\u1eb7t c\u01b0\u1ee3c, khuy\u1ebfn m\u00e3i<\/li>\n<li>H\u01b0\u1edbng x\u1eed l\u00fd c\u00e1c l\u1ed7i k\u1ef9 thu\u1eadt th\u01b0\u1eddng g\u1eb7p<\/li>\n<\/ul>\n<\/li>\n<li>\u0110\u00e2y l\u00e0 c\u00e1ch c\u1ef1c k\u1ef3 hi\u1ec7u qu\u1ea3 n\u1ebfu b\u1ea1n mu\u1ed1n t\u1ef1 gi\u1ea3i quy\u1ebft v\u1ea5n \u0111\u1ec1 nhanh ch\u00f3ng m\u00e0 kh\u00f4ng c\u1ea7n li\u00ean h\u1ec7 tr\u1ef1c ti\u1ebfp.<\/li>\n<\/ul>\n<ol start=\"5\">\n<li>G\u1eedi Y\u00eau C\u1ea7u Tr\u1ef1c Ti\u1ebfp Qua M\u1eabu Li\u00ean H\u1ec7<\/li>\n<\/ol>\n<p><img loading=\"lazy\" decoding=\"async\" class=\"aligncenter wp-image-12585\" src=\"https:\/\/dafabetlogin.com\/vn\/wp-content\/uploads\/2025\/05\/Bieu-Mau-Lien-He-Dafabet.png\" alt=\"Bi\u1ec3u M\u1eabu Li\u00ean H\u1ec7 Dafabet\" width=\"596\" height=\"584\" srcset=\"https:\/\/dafabetlogin.com\/vn\/wp-content\/uploads\/2025\/05\/Bieu-Mau-Lien-He-Dafabet.png 692w, https:\/\/dafabetlogin.com\/vn\/wp-content\/uploads\/2025\/05\/Bieu-Mau-Lien-He-Dafabet-250x245.png 250w, https:\/\/dafabetlogin.com\/vn\/wp-content\/uploads\/2025\/05\/Bieu-Mau-Lien-He-Dafabet-120x118.png 120w\" sizes=\"auto, (max-width: 596px) 100vw, 596px\" \/><\/p>\n<p>B\u00ean c\u1ea1nh c\u00e1c k\u00eanh h\u1ed7 tr\u1ee3 ph\u1ed5 bi\u1ebfn nh\u01b0 <strong>chat tr\u1ef1c tuy\u1ebfn 24\/7<\/strong>, <strong>Zalo<\/strong> ho\u1eb7c <strong>email<\/strong>, Dafabet c\u00f2n cung c\u1ea5p m\u1ed9t <strong>m\u1eabu li\u00ean h\u1ec7 tr\u1ef1c tuy\u1ebfn<\/strong> ti\u1ec7n l\u1ee3i gi\u00fap b\u1ea1n d\u1ec5 d\u00e0ng g\u1eedi y\u00eau c\u1ea7u b\u1ea5t c\u1ee9 l\u00fac n\u00e0o.<\/p>\n<p><strong>Khi n\u00e0o n\u00ean s\u1eed d\u1ee5ng m\u1eabu li\u00ean h\u1ec7?<\/strong><\/p>\n<ul>\n<li>Khi b\u1ea1n mu\u1ed1n cung c\u1ea5p th\u00f4ng tin chi ti\u1ebft h\u01a1n v\u1ec1 s\u1ef1 c\u1ed1<\/li>\n<li>Khi c\u1ea7n g\u1eedi y\u00eau c\u1ea7u h\u1ed7 tr\u1ee3 k\u00e8m \u1ea3nh ch\u1ee5p ho\u1eb7c m\u00f4 t\u1ea3 k\u1ef9 l\u01b0\u1ee1ng<\/li>\n<li>Khi b\u1ea1n ch\u01b0a th\u1ec3 k\u1ebft n\u1ed1i \u0111\u01b0\u1ee3c v\u1edbi nh\u00e2n vi\u00ean chat tr\u1ef1c tuy\u1ebfn<\/li>\n<\/ul>\n<p><strong>H\u01b0\u1edbng d\u1eabn \u0111i\u1ec1n m\u1eabu li\u00ean h\u1ec7<\/strong><\/p>\n<p>Truy c\u1eadp m\u1eabu li\u00ean h\u1ec7 t\u1ea1i trang: https:\/\/dafasportvn.com\/vn\/contact-us v\u00e0 \u0111i\u1ec1n \u0111\u1ea7y \u0111\u1ee7 c\u00e1c tr\u01b0\u1eddng sau:<\/p>\n<ol>\n<li><strong>T\u00ean v\u00e0 H\u1ecd<\/strong> \u2013 Nh\u1eadp t\u00ean \u0111\u1ea7y \u0111\u1ee7 c\u1ee7a b\u1ea1n \u0111\u1ec3 nh\u00e2n vi\u00ean d\u1ec5 x\u00e1c minh.<\/li>\n<li><strong>T\u00ean \u0111\u0103ng nh\u1eadp<\/strong> \u2013 Cung c\u1ea5p t\u00e0i kho\u1ea3n Dafabet b\u1ea1n \u0111ang s\u1eed d\u1ee5ng.<\/li>\n<li><strong>\u0110\u1ecba ch\u1ec9 Email<\/strong> \u2013 H\u00e3y \u0111i\u1ec1n email ch\u00ednh x\u00e1c \u0111\u1ec3 nh\u1eadn ph\u1ea3n h\u1ed3i s\u1edbm nh\u1ea5t.<\/li>\n<li><strong>S\u1ea3n ph\u1ea9m<\/strong> \u2013 Ch\u1ecdn khu v\u1ef1c b\u1ea1n c\u1ea7n h\u1ed7 tr\u1ee3: Casino, Th\u1ec3 thao, Tr\u00f2 ch\u01a1i,&#8230;<\/li>\n<li><strong>Ch\u1ee7 \u0111\u1ec1<\/strong> \u2013 Ch\u1ecdn n\u1ed9i dung ch\u00ednh nh\u01b0: N\u1ea1p ti\u1ec1n, R\u00fat ti\u1ec1n, Khuy\u1ebfn m\u00e3i,&#8230;<\/li>\n<li><strong>Th\u00f4ng \u0111i\u1ec7p<\/strong> \u2013 Nh\u1eadp n\u1ed9i dung y\u00eau c\u1ea7u, m\u00f4 t\u1ea3 r\u00f5 v\u1ea5n \u0111\u1ec1 \u0111ang g\u1eb7p ph\u1ea3i.<\/li>\n<\/ol>\n<p>Sau khi ho\u00e0n t\u1ea5t, nh\u1ea5n <strong>&#8220;N\u1ed9p \u0111\u01a1n&#8221;<\/strong> \u0111\u1ec3 g\u1eedi th\u00f4ng tin \u0111\u1ebfn \u0111\u1ed9i ng\u0169 h\u1ed7 tr\u1ee3.<\/p>\n<h2><strong>Khi n\u00e0o n\u00ean li\u00ean h\u1ec7 b\u1ed9 ph\u1eadn h\u1ed7 tr\u1ee3?<\/strong><\/h2>\n<p>B\u1ea1n n\u00ean li\u00ean h\u1ec7 b\u1ed9 ph\u1eadn ch\u0103m s\u00f3c kh\u00e1ch h\u00e0ng c\u1ee7a Dafabet khi g\u1eb7p m\u1ed9t trong c\u00e1c t\u00ecnh hu\u1ed1ng sau:<\/p>\n<ul>\n<li>Kh\u00f4ng th\u1ec3 \u0111\u0103ng nh\u1eadp t\u00e0i kho\u1ea3n<\/li>\n<li>L\u1ed7i khi n\u1ea1p ti\u1ec1n ho\u1eb7c r\u00fat ti\u1ec1n<\/li>\n<li>Th\u1eafc m\u1eafc v\u1ec1 \u0111i\u1ec1u ki\u1ec7n nh\u1eadn th\u01b0\u1edfng, khuy\u1ebfn m\u00e3i<\/li>\n<li>V\u1ea5n \u0111\u1ec1 k\u1ef9 thu\u1eadt trong khi ch\u01a1i game<\/li>\n<li>C\u1ea7n x\u00e1c minh t\u00e0i kho\u1ea3n ho\u1eb7c c\u1eadp nh\u1eadt th\u00f4ng tin c\u00e1 nh\u00e2n<\/li>\n<li>Giao d\u1ecbch ch\u01b0a \u0111\u01b0\u1ee3c x\u1eed l\u00fd \u0111\u00fang th\u1eddi gian cam k\u1ebft<\/li>\n<\/ul>\n<h2><strong>M\u1eb9o \u0111\u1ec3 \u0111\u01b0\u1ee3c h\u1ed7 tr\u1ee3 nhanh ch\u00f3ng<\/strong><\/h2>\n<p>\u0110\u1ec3 qu\u00e1 tr\u00ecnh h\u1ed7 tr\u1ee3 di\u1ec5n ra nhanh h\u01a1n, b\u1ea1n n\u00ean chu\u1ea9n b\u1ecb m\u1ed9t s\u1ed1 th\u00f4ng tin sau tr\u01b0\u1edbc khi li\u00ean h\u1ec7:<\/p>\n<ul>\n<li>T\u00ean \u0111\u0103ng nh\u1eadp t\u00e0i kho\u1ea3n<\/li>\n<li>M\u00f4 t\u1ea3 v\u1ea5n \u0111\u1ec1 g\u1eb7p ph\u1ea3i<\/li>\n<li>\u1ea2nh ch\u1ee5p m\u00e0n h\u00ecnh (n\u1ebfu c\u00f3 l\u1ed7i h\u1ec7 th\u1ed1ng)<\/li>\n<li>Th\u1eddi gian x\u1ea3y ra s\u1ef1 c\u1ed1<\/li>\n<li>S\u1ed1 ti\u1ec1n ho\u1eb7c giao d\u1ecbch li\u00ean quan (n\u1ebfu c\u00f3)<\/li>\n<\/ul>\n<p>Nh\u1eefng th\u00f4ng tin n\u00e0y s\u1ebd gi\u00fap nh\u00e2n vi\u00ean h\u1ed7 tr\u1ee3 x\u00e1c minh nhanh v\u00e0 \u0111\u01b0a ra gi\u1ea3i ph\u00e1p hi\u1ec7u qu\u1ea3 ngay t\u1eeb l\u1ea7n \u0111\u1ea7u ti\u00ean.<\/p>\n<p style=\"text-align: center;\">    <div class=\"dafabet-cta-wrapper\">\n        <a class=\"dafabet-cta-button\" href=\"https:\/\/dafa07.net\/VNDF?btag=654470_VNDLDFSBT0000&#038;utm_source=654470&#038;utm_medium=SEO&#038;utm_campaign=0000\" target=\"_blank\" rel=\"noopener noreferrer\">\n            <span class=\"cta-text\">JOIN NOW<\/span>\n            <img decoding=\"async\" class=\"cta-logo\" src=\"https:\/\/dafabetlogin.com\/vn\/wp-content\/uploads\/2025\/06\/logo-dafabet.png\" alt=\"Dafabet\" \/>\n        <\/a>\n    <\/div>\n    <\/p>\n<h2><strong>Tr\u1ee3 gi\u00fap qua \u1ee9ng d\u1ee5ng d\u1ec5 d\u00e0ng <\/strong><\/h2>\n<p>N\u1ebfu b\u1ea1n \u0111ang s\u1eed d\u1ee5ng \u1ee9ng d\u1ee5ng Dafabet, b\u1ea1n v\u1eabn c\u00f3 th\u1ec3 d\u1ec5 d\u00e0ng:<\/p>\n<ul>\n<li>Nh\u1ea5n v\u00e0o bi\u1ec3u t\u01b0\u1ee3ng chat \u0111\u1ec3 nh\u1eadn tr\u1ee3 gi\u00fap<\/li>\n<li>Ki\u1ec3m tra c\u00e1c khuy\u1ebfn m\u00e3i \u0111ang di\u1ec5n ra<\/li>\n<li>G\u1eedi y\u00eau c\u1ea7u x\u00e1c minh ho\u1eb7c ki\u1ec3m tra giao d\u1ecbch<\/li>\n<li>Truy c\u1eadp m\u1ee5c H\u1ed7 tr\u1ee3 trong thanh menu<\/li>\n<\/ul>\n<p>\u1ee8ng d\u1ee5ng Dafabet \u0111\u01b0\u1ee3c t\u1ed1i \u01b0u ho\u00e1 \u0111\u1ec3 gi\u00fap b\u1ea1n nh\u1eadn h\u1ed7 tr\u1ee3 b\u1ea5t c\u1ee9 l\u00fac n\u00e0o ch\u1ec9 v\u1edbi m\u1ed9t v\u00e0i thao t\u00e1c \u0111\u01a1n gi\u1ea3n.<\/p>\n<h2><strong>Cam k\u1ebft t\u1eeb \u0111\u1ed9i ng\u0169 h\u1ed7 tr\u1ee3 Dafabet<\/strong><\/h2>\n<p>D\u1ecbch v\u1ee5 kh\u00e1ch h\u00e0ng c\u1ee7a Dafabet \u0111\u01b0\u1ee3c x\u00e2y d\u1ef1ng tr\u00ean 3 nguy\u00ean t\u1eafc:<\/p>\n<ol>\n<li>T\u1ed1c \u0111\u1ed9 \u2013 Ph\u1ea3n h\u1ed3i nhanh, h\u1ed7 tr\u1ee3 k\u1ecbp th\u1eddi.<\/li>\n<li>Ch\u00ednh x\u00e1c \u2013 \u0110\u01b0a ra gi\u1ea3i ph\u00e1p \u0111\u00fang ngay t\u1eeb l\u1ea7n li\u00ean h\u1ec7 \u0111\u1ea7u ti\u00ean.<\/li>\n<li>T\u1eadn t\u00e2m \u2013 Lu\u00f4n l\u1eafng nghe v\u00e0 \u0111\u1eb7t tr\u1ea3i nghi\u1ec7m ng\u01b0\u1eddi ch\u01a1i l\u00ean h\u00e0ng \u0111\u1ea7u.<\/li>\n<\/ol>\n<p>V\u1edbi kinh nghi\u1ec7m v\u00e0 s\u1ef1 am hi\u1ec3u s\u00e2u s\u1eafc v\u1ec1 th\u1ecb tr\u01b0\u1eddng Vi\u1ec7t Nam, \u0111\u1ed9i ng\u0169 h\u1ed7 tr\u1ee3 Dafabet cam k\u1ebft mang \u0111\u1ebfn s\u1ef1 h\u00e0i l\u00f2ng tuy\u1ec7t \u0111\u1ed1i cho t\u1eebng ng\u01b0\u1eddi ch\u01a1i.<\/p>\n<h2><strong>K\u1ebft lu\u1eadn<\/strong><\/h2>\n<p>H\u1ed7 tr\u1ee3 Dafabet kh\u00f4ng ch\u1ec9 l\u00e0 b\u1ed9 ph\u1eadn x\u1eed l\u00fd s\u1ef1 c\u1ed1, m\u00e0 l\u00e0 ng\u01b0\u1eddi b\u1ea1n \u0111\u1ed3ng h\u00e0nh c\u1ee7a b\u1ea1n trong su\u1ed1t h\u00e0nh tr\u00ecnh c\u00e1 c\u01b0\u1ee3c. D\u00f9 b\u1ea1n g\u1eb7p kh\u00f3 kh\u0103n k\u1ef9 thu\u1eadt, v\u1ea5n \u0111\u1ec1 giao d\u1ecbch, hay ch\u1ec9 \u0111\u01a1n gi\u1ea3n l\u00e0 mu\u1ed1n h\u1ecfi v\u1ec1 ch\u01b0\u01a1ng tr\u00ecnh khuy\u1ebfn m\u00e3i m\u1edbi nh\u1ea5t \u2013 \u0111\u1ed9i ng\u0169 h\u1ed7 tr\u1ee3 Dafabet lu\u00f4n s\u1eb5n s\u00e0ng b\u00ean b\u1ea1n 24\/7.<\/p>\n<p>Li\u00ean h\u1ec7 ngay h\u00f4m nay qua k\u00eanh b\u1ea1n th\u1ea5y ti\u1ec7n nh\u1ea5t: Chat, Email, Zalo ho\u1eb7c truy c\u1eadp FAQ. Dafabet lu\u00f4n l\u1eafng nghe \u0111\u1ec3 ph\u1ee5c v\u1ee5 b\u1ea1n t\u1ed1t h\u01a1n!<\/p>\n","protected":false},"excerpt":{"rendered":"H\u1ed7 Tr\u1ee3 Dafabet \u2013 Lu\u00f4n \u0110\u1ed3ng H\u00e0nh C\u00f9ng Ng\u01b0\u1eddi Ch\u01a1i M\u1ecdi L\u00fac, M\u1ecdi N\u01a1i T\u1ea1i Dafabet, ch\u00fang t\u00f4i hi\u1ec3u r\u1eb1ng tr\u1ea3i nghi\u1ec7m c\u00e1 c\u01b0\u1ee3c ho\u00e0n h\u1ea3o kh\u00f4ng ch\u1ec9 \u0111\u1ebfn t\u1eeb tr\u00f2 ch\u01a1i h\u1ea5p d\u1eabn hay khuy\u1ebfn m\u00e3i h\u1ea5p d\u1eabn, m\u00e0 c\u00f2n t\u1eeb d\u1ecbch v\u1ee5 h\u1ed7 tr\u1ee3 kh\u00e1ch h\u00e0ng chuy\u00ean nghi\u1ec7p, nhanh ch\u00f3ng v\u00e0 th\u00e2n thi\u1ec7n&#8230;. <a class=\"view-article\" href=\"https:\/\/dafabetlogin.com\/vn\/dafabet-support-vietnam\/\">View Article<\/a>","protected":false},"author":9,"featured_media":0,"parent":0,"menu_order":0,"comment_status":"closed","ping_status":"closed","template":"front-page.php","meta":{"_acf_changed":false,"yasr_overall_rating":0,"yasr_post_is_review":"","yasr_auto_insert_disabled":"","yasr_review_type":"","footnotes":""},"class_list":["post-12583","page","type-page","status-publish","hentry"],"acf":[],"yoast_head":"<!-- This site is optimized with the Yoast SEO plugin v27.3 - https:\/\/yoast.com\/product\/yoast-seo-wordpress\/ -->\n<title>Dafabet 24\/7 Support \u2013 Always Ready For You<\/title>\n<meta name=\"description\" content=\"D\u1ecbch v\u1ee5 h\u1ed7 tr\u1ee3 Dafabet lu\u00f4n s\u1eb5n s\u00e0ng 24\/7 qua nhi\u1ec1u k\u00eanh nh\u01b0 chat tr\u1ef1c tuy\u1ebfn, email, Zalo v\u00e0 m\u1ee5c h\u1ecfi \u0111\u00e1p. T\u00ecm ngay c\u00e1ch li\u00ean h\u1ec7 nhanh nh\u1ea5t n\u1ebfu b\u1ea1n c\u1ea7n tr\u1ee3 gi\u00fap!\" \/>\n<meta name=\"robots\" content=\"index, follow, max-snippet:-1, max-image-preview:large, max-video-preview:-1\" \/>\n<link rel=\"canonical\" href=\"https:\/\/dafabetlogin.com\/vn\/dafabet-support-vietnam\/\" \/>\n<meta property=\"og:locale\" content=\"en_US\" \/>\n<meta property=\"og:type\" content=\"article\" \/>\n<meta property=\"og:title\" content=\"Dafabet 24\/7 Support \u2013 Always Ready For You\" \/>\n<meta property=\"og:description\" content=\"D\u1ecbch v\u1ee5 h\u1ed7 tr\u1ee3 Dafabet lu\u00f4n s\u1eb5n s\u00e0ng 24\/7 qua nhi\u1ec1u k\u00eanh nh\u01b0 chat tr\u1ef1c tuy\u1ebfn, email, Zalo v\u00e0 m\u1ee5c h\u1ecfi \u0111\u00e1p. T\u00ecm ngay c\u00e1ch li\u00ean h\u1ec7 nhanh nh\u1ea5t n\u1ebfu b\u1ea1n c\u1ea7n tr\u1ee3 gi\u00fap!\" \/>\n<meta property=\"og:url\" content=\"https:\/\/dafabetlogin.com\/vn\/dafabet-support-vietnam\/\" \/>\n<meta property=\"og:site_name\" content=\"Dafabet Login VN\" \/>\n<meta property=\"og:image\" content=\"https:\/\/dafabetlogin.com\/vn\/wp-content\/uploads\/2025\/05\/Ho-Tro-Dafabet.png\" \/>\n<meta name=\"twitter:card\" content=\"summary_large_image\" \/>\n<meta name=\"twitter:label1\" content=\"Est. reading time\" \/>\n\t<meta name=\"twitter:data1\" content=\"6 minutes\" \/>\n<script type=\"application\/ld+json\" class=\"yoast-schema-graph\">{\"@context\":\"https:\\\/\\\/schema.org\",\"@graph\":[{\"@type\":\"WebPage\",\"@id\":\"https:\\\/\\\/dafabetlogin.com\\\/vn\\\/dafabet-support-vietnam\\\/\",\"url\":\"https:\\\/\\\/dafabetlogin.com\\\/vn\\\/dafabet-support-vietnam\\\/\",\"name\":\"Dafabet 24\\\/7 Support \u2013 Always Ready For You\",\"isPartOf\":{\"@id\":\"https:\\\/\\\/dafabetlogin.com\\\/vn\\\/#website\"},\"primaryImageOfPage\":{\"@id\":\"https:\\\/\\\/dafabetlogin.com\\\/vn\\\/dafabet-support-vietnam\\\/#primaryimage\"},\"image\":{\"@id\":\"https:\\\/\\\/dafabetlogin.com\\\/vn\\\/dafabet-support-vietnam\\\/#primaryimage\"},\"thumbnailUrl\":\"https:\\\/\\\/dafabetlogin.com\\\/vn\\\/wp-content\\\/uploads\\\/2025\\\/05\\\/Ho-Tro-Dafabet.png\",\"datePublished\":\"2025-08-06T10:28:59+00:00\",\"description\":\"D\u1ecbch v\u1ee5 h\u1ed7 tr\u1ee3 Dafabet lu\u00f4n s\u1eb5n s\u00e0ng 24\\\/7 qua nhi\u1ec1u k\u00eanh nh\u01b0 chat tr\u1ef1c tuy\u1ebfn, email, Zalo v\u00e0 m\u1ee5c h\u1ecfi \u0111\u00e1p. T\u00ecm ngay c\u00e1ch li\u00ean h\u1ec7 nhanh nh\u1ea5t n\u1ebfu b\u1ea1n c\u1ea7n tr\u1ee3 gi\u00fap!\",\"breadcrumb\":{\"@id\":\"https:\\\/\\\/dafabetlogin.com\\\/vn\\\/dafabet-support-vietnam\\\/#breadcrumb\"},\"inLanguage\":\"en-US\",\"potentialAction\":[{\"@type\":\"ReadAction\",\"target\":[\"https:\\\/\\\/dafabetlogin.com\\\/vn\\\/dafabet-support-vietnam\\\/\"]}]},{\"@type\":\"ImageObject\",\"inLanguage\":\"en-US\",\"@id\":\"https:\\\/\\\/dafabetlogin.com\\\/vn\\\/dafabet-support-vietnam\\\/#primaryimage\",\"url\":\"https:\\\/\\\/dafabetlogin.com\\\/vn\\\/wp-content\\\/uploads\\\/2025\\\/05\\\/Ho-Tro-Dafabet.png\",\"contentUrl\":\"https:\\\/\\\/dafabetlogin.com\\\/vn\\\/wp-content\\\/uploads\\\/2025\\\/05\\\/Ho-Tro-Dafabet.png\",\"width\":1138,\"height\":576,\"caption\":\"H\u1ed7 Tr\u1ee3 Dafabet\"},{\"@type\":\"BreadcrumbList\",\"@id\":\"https:\\\/\\\/dafabetlogin.com\\\/vn\\\/dafabet-support-vietnam\\\/#breadcrumb\",\"itemListElement\":[{\"@type\":\"ListItem\",\"position\":1,\"name\":\"Home\",\"item\":\"https:\\\/\\\/dafabetlogin.com\\\/vn\\\/\"},{\"@type\":\"ListItem\",\"position\":2,\"name\":\"Dafabet Support Vietnam\"}]},{\"@type\":\"WebSite\",\"@id\":\"https:\\\/\\\/dafabetlogin.com\\\/vn\\\/#website\",\"url\":\"https:\\\/\\\/dafabetlogin.com\\\/vn\\\/\",\"name\":\"Dafabet Login VN\",\"description\":\"Dafabet l\u00e0 nh\u00e0 c\u00e1i s\u1ed1 1 Ch\u00e2u \u00c1. Dafabet.tips h\u01b0\u1edbng d\u1eabn c\u00e1c b\u1ea1n c\u00e1ch tham gia v\u00e0o Dafabet, m\u1eb9o chi\u1ebfn th\u1eafng khi ch\u01a1i c\u00e1 c\u01b0\u1ee3c online\",\"potentialAction\":[{\"@type\":\"SearchAction\",\"target\":{\"@type\":\"EntryPoint\",\"urlTemplate\":\"https:\\\/\\\/dafabetlogin.com\\\/vn\\\/?s={search_term_string}\"},\"query-input\":{\"@type\":\"PropertyValueSpecification\",\"valueRequired\":true,\"valueName\":\"search_term_string\"}}],\"inLanguage\":\"en-US\"},false]}<\/script>\n<!-- \/ Yoast SEO plugin. -->","yoast_head_json":{"title":"Dafabet 24\/7 Support \u2013 Always Ready For You","description":"D\u1ecbch v\u1ee5 h\u1ed7 tr\u1ee3 Dafabet lu\u00f4n s\u1eb5n s\u00e0ng 24\/7 qua nhi\u1ec1u k\u00eanh nh\u01b0 chat tr\u1ef1c tuy\u1ebfn, email, Zalo v\u00e0 m\u1ee5c h\u1ecfi \u0111\u00e1p. T\u00ecm ngay c\u00e1ch li\u00ean h\u1ec7 nhanh nh\u1ea5t n\u1ebfu b\u1ea1n c\u1ea7n tr\u1ee3 gi\u00fap!","robots":{"index":"index","follow":"follow","max-snippet":"max-snippet:-1","max-image-preview":"max-image-preview:large","max-video-preview":"max-video-preview:-1"},"canonical":"https:\/\/dafabetlogin.com\/vn\/dafabet-support-vietnam\/","og_locale":"en_US","og_type":"article","og_title":"Dafabet 24\/7 Support \u2013 Always Ready For You","og_description":"D\u1ecbch v\u1ee5 h\u1ed7 tr\u1ee3 Dafabet lu\u00f4n s\u1eb5n s\u00e0ng 24\/7 qua nhi\u1ec1u k\u00eanh nh\u01b0 chat tr\u1ef1c tuy\u1ebfn, email, Zalo v\u00e0 m\u1ee5c h\u1ecfi \u0111\u00e1p. T\u00ecm ngay c\u00e1ch li\u00ean h\u1ec7 nhanh nh\u1ea5t n\u1ebfu b\u1ea1n c\u1ea7n tr\u1ee3 gi\u00fap!","og_url":"https:\/\/dafabetlogin.com\/vn\/dafabet-support-vietnam\/","og_site_name":"Dafabet Login VN","og_image":[{"url":"https:\/\/dafabetlogin.com\/vn\/wp-content\/uploads\/2025\/05\/Ho-Tro-Dafabet.png","type":"","width":"","height":""}],"twitter_card":"summary_large_image","twitter_misc":{"Est. reading time":"6 minutes"},"schema":{"@context":"https:\/\/schema.org","@graph":[{"@type":"WebPage","@id":"https:\/\/dafabetlogin.com\/vn\/dafabet-support-vietnam\/","url":"https:\/\/dafabetlogin.com\/vn\/dafabet-support-vietnam\/","name":"Dafabet 24\/7 Support \u2013 Always Ready For You","isPartOf":{"@id":"https:\/\/dafabetlogin.com\/vn\/#website"},"primaryImageOfPage":{"@id":"https:\/\/dafabetlogin.com\/vn\/dafabet-support-vietnam\/#primaryimage"},"image":{"@id":"https:\/\/dafabetlogin.com\/vn\/dafabet-support-vietnam\/#primaryimage"},"thumbnailUrl":"https:\/\/dafabetlogin.com\/vn\/wp-content\/uploads\/2025\/05\/Ho-Tro-Dafabet.png","datePublished":"2025-08-06T10:28:59+00:00","description":"D\u1ecbch v\u1ee5 h\u1ed7 tr\u1ee3 Dafabet lu\u00f4n s\u1eb5n s\u00e0ng 24\/7 qua nhi\u1ec1u k\u00eanh nh\u01b0 chat tr\u1ef1c tuy\u1ebfn, email, Zalo v\u00e0 m\u1ee5c h\u1ecfi \u0111\u00e1p. T\u00ecm ngay c\u00e1ch li\u00ean h\u1ec7 nhanh nh\u1ea5t n\u1ebfu b\u1ea1n c\u1ea7n tr\u1ee3 gi\u00fap!","breadcrumb":{"@id":"https:\/\/dafabetlogin.com\/vn\/dafabet-support-vietnam\/#breadcrumb"},"inLanguage":"en-US","potentialAction":[{"@type":"ReadAction","target":["https:\/\/dafabetlogin.com\/vn\/dafabet-support-vietnam\/"]}]},{"@type":"ImageObject","inLanguage":"en-US","@id":"https:\/\/dafabetlogin.com\/vn\/dafabet-support-vietnam\/#primaryimage","url":"https:\/\/dafabetlogin.com\/vn\/wp-content\/uploads\/2025\/05\/Ho-Tro-Dafabet.png","contentUrl":"https:\/\/dafabetlogin.com\/vn\/wp-content\/uploads\/2025\/05\/Ho-Tro-Dafabet.png","width":1138,"height":576,"caption":"H\u1ed7 Tr\u1ee3 Dafabet"},{"@type":"BreadcrumbList","@id":"https:\/\/dafabetlogin.com\/vn\/dafabet-support-vietnam\/#breadcrumb","itemListElement":[{"@type":"ListItem","position":1,"name":"Home","item":"https:\/\/dafabetlogin.com\/vn\/"},{"@type":"ListItem","position":2,"name":"Dafabet Support Vietnam"}]},{"@type":"WebSite","@id":"https:\/\/dafabetlogin.com\/vn\/#website","url":"https:\/\/dafabetlogin.com\/vn\/","name":"Dafabet Login VN","description":"Dafabet l\u00e0 nh\u00e0 c\u00e1i s\u1ed1 1 Ch\u00e2u \u00c1. Dafabet.tips h\u01b0\u1edbng d\u1eabn c\u00e1c b\u1ea1n c\u00e1ch tham gia v\u00e0o Dafabet, m\u1eb9o chi\u1ebfn th\u1eafng khi ch\u01a1i c\u00e1 c\u01b0\u1ee3c online","potentialAction":[{"@type":"SearchAction","target":{"@type":"EntryPoint","urlTemplate":"https:\/\/dafabetlogin.com\/vn\/?s={search_term_string}"},"query-input":{"@type":"PropertyValueSpecification","valueRequired":true,"valueName":"search_term_string"}}],"inLanguage":"en-US"},false]}},"yasr_visitor_votes":{"stars_attributes":{"read_only":false,"span_bottom":false},"number_of_votes":0,"sum_votes":0},"_links":{"self":[{"href":"https:\/\/dafabetlogin.com\/vn\/wp-json\/wp\/v2\/pages\/12583","targetHints":{"allow":["GET"]}}],"collection":[{"href":"https:\/\/dafabetlogin.com\/vn\/wp-json\/wp\/v2\/pages"}],"about":[{"href":"https:\/\/dafabetlogin.com\/vn\/wp-json\/wp\/v2\/types\/page"}],"author":[{"embeddable":true,"href":"https:\/\/dafabetlogin.com\/vn\/wp-json\/wp\/v2\/users\/9"}],"replies":[{"embeddable":true,"href":"https:\/\/dafabetlogin.com\/vn\/wp-json\/wp\/v2\/comments?post=12583"}],"version-history":[{"count":2,"href":"https:\/\/dafabetlogin.com\/vn\/wp-json\/wp\/v2\/pages\/12583\/revisions"}],"predecessor-version":[{"id":12615,"href":"https:\/\/dafabetlogin.com\/vn\/wp-json\/wp\/v2\/pages\/12583\/revisions\/12615"}],"wp:attachment":[{"href":"https:\/\/dafabetlogin.com\/vn\/wp-json\/wp\/v2\/media?parent=12583"}],"curies":[{"name":"wp","href":"https:\/\/api.w.org\/{rel}","templated":true}]}}