{"id":12568,"date":"2025-08-06T17:23:54","date_gmt":"2025-08-06T10:23:54","guid":{"rendered":"https:\/\/dafabetlogin.com\/vn\/?page_id=12568"},"modified":"2025-08-06T17:23:54","modified_gmt":"2025-08-06T10:23:54","slug":"dafabet-app-vietnam","status":"publish","type":"page","link":"https:\/\/dafabetlogin.com\/vn\/dafabet-app-vietnam\/","title":{"rendered":"Dafabet App Vietnam"},"content":{"rendered":"<h1 style=\"text-align: center;\"><strong>\u1ee8ng d\u1ee5ng di \u0111\u1ed9ng Dafabet \u2013 C\u00e1 c\u01b0\u1ee3c m\u1ecdi l\u00fac, m\u1ecdi n\u01a1i<\/strong><\/h1>\n<p>Dafabet mang \u0111\u1ebfn cho ng\u01b0\u1eddi ch\u01a1i Vi\u1ec7t Nam gi\u1ea3i ph\u00e1p c\u00e1 c\u01b0\u1ee3c ti\u1ec7n l\u1ee3i v\u00e0 linh ho\u1ea1t h\u01a1n bao gi\u1edd h\u1ebft th\u00f4ng qua \u1ee9ng d\u1ee5ng di \u0111\u1ed9ng chuy\u00ean bi\u1ec7t. D\u00f9 b\u1ea1n \u0111ang s\u1eed d\u1ee5ng \u0111i\u1ec7n tho\u1ea1i hay m\u00e1y t\u00ednh b\u1ea3ng Android, ch\u1ec9 c\u1ea7n v\u00e0i thao t\u00e1c \u0111\u01a1n gi\u1ea3n l\u00e0 \u0111\u00e3 c\u00f3 th\u1ec3 truy c\u1eadp m\u1ecdi s\u1ea3n ph\u1ea9m c\u1ee7a nh\u00e0 c\u00e1i h\u00e0ng \u0111\u1ea7u ch\u00e2u \u00c1 ngay trong l\u00f2ng b\u00e0n tay.<\/p>\n<p style=\"text-align: center;\">    <div class=\"dafabet-cta-wrapper\">\n        <a class=\"dafabet-cta-button\" href=\"https:\/\/dafa07.net\/VNDF?btag=654470_VNDLDFSBT0000&#038;utm_source=654470&#038;utm_medium=SEO&#038;utm_campaign=0000\" target=\"_blank\" rel=\"noopener noreferrer\">\n            <span class=\"cta-text\">JOIN NOW<\/span>\n            <img decoding=\"async\" class=\"cta-logo\" src=\"https:\/\/dafabetlogin.com\/vn\/wp-content\/uploads\/2025\/06\/logo-dafabet.png\" alt=\"Dafabet\" \/>\n        <\/a>\n    <\/div>\n    <\/p>\n<h2><strong>\u01afu \u0111i\u1ec3m khi s\u1eed d\u1ee5ng \u1ee9ng d\u1ee5ng Dafabet<\/strong><\/h2>\n<p>\u1ee8ng d\u1ee5ng di \u0111\u1ed9ng Dafabet kh\u00f4ng ch\u1ec9 \u0111\u01a1n gi\u1ea3n l\u00e0 phi\u00ean b\u1ea3n thu g\u1ecdn c\u1ee7a trang web, m\u00e0 l\u00e0 m\u1ed9t n\u1ec1n t\u1ea3ng c\u00e1 c\u01b0\u1ee3c to\u00e0n di\u1ec7n \u0111\u01b0\u1ee3c thi\u1ebft k\u1ebf ri\u00eang cho ng\u01b0\u1eddi d\u00f9ng hi\u1ec7n \u0111\u1ea1i. Vi\u1ec7c s\u1eed d\u1ee5ng \u1ee9ng d\u1ee5ng mang l\u1ea1i nhi\u1ec1u l\u1ee3i th\u1ebf r\u00f5 r\u1ec7t so v\u1edbi truy c\u1eadp b\u1eb1ng tr\u00ecnh duy\u1ec7t th\u00f4ng th\u01b0\u1eddng.<\/p>\n<ul>\n<li><strong>\u0110\u1eb7t c\u01b0\u1ee3c nhanh ch\u00f3ng:<\/strong> B\u1ea1n c\u00f3 th\u1ec3 n\u1ea1p ti\u1ec1n, \u0111\u1eb7t c\u01b0\u1ee3c v\u00e0 ch\u01a1i game tr\u1ef1c ti\u1ebfp tr\u00ean \u0111i\u1ec7n tho\u1ea1i m\u00e0 kh\u00f4ng c\u1ea7n m\u1edf tr\u00ecnh duy\u1ec7t, ti\u1ebft ki\u1ec7m th\u1eddi gian v\u00e0 thao t\u00e1c.<\/li>\n<li><strong>Tr\u1ea3i nghi\u1ec7m m\u01b0\u1ee3t m\u00e0:<\/strong> Giao di\u1ec7n c\u1ee7a \u1ee9ng d\u1ee5ng \u0111\u01b0\u1ee3c t\u1ed1i \u01b0u h\u00f3a cho thi\u1ebft b\u1ecb di \u0111\u1ed9ng, gi\u00fap t\u1ed1c \u0111\u1ed9 t\u1ea3i nhanh, d\u1ec5 s\u1eed d\u1ee5ng v\u00e0 ph\u00f9 h\u1ee3p v\u1edbi m\u1ecdi k\u00edch th\u01b0\u1edbc m\u00e0n h\u00ecnh.<\/li>\n<li><strong>Kh\u00f4ng b\u1ecb ch\u1eb7n:<\/strong> \u1ee8ng d\u1ee5ng Dafabet ho\u1ea1t \u0111\u1ed9ng \u1ed5n \u0111\u1ecbnh b\u1ea5t k\u1ec3 b\u1ea1n \u0111ang s\u1eed d\u1ee5ng nh\u00e0 m\u1ea1ng n\u00e0o, kh\u1eafc ph\u1ee5c ho\u00e0n to\u00e0n t\u00ecnh tr\u1ea1ng b\u1ecb ch\u1eb7n nh\u01b0 khi truy c\u1eadp website.<\/li>\n<li><strong>An to\u00e0n v\u00e0 b\u1ea3o m\u1eadt:<\/strong> M\u1ecdi th\u00f4ng tin c\u00e1 nh\u00e2n v\u00e0 giao d\u1ecbch \u0111\u1ec1u \u0111\u01b0\u1ee3c m\u00e3 h\u00f3a, b\u1ea3o v\u1ec7 tuy\u1ec7t \u0111\u1ed1i theo c\u00e1c ti\u00eau chu\u1ea9n b\u1ea3o m\u1eadt qu\u1ed1c t\u1ebf.<\/li>\n<li><strong>Nh\u1eadn th\u00f4ng b\u00e1o t\u1ee9c th\u00ec:<\/strong> B\u1ea1n s\u1ebd lu\u00f4n l\u00e0 ng\u01b0\u1eddi \u0111\u1ea7u ti\u00ean bi\u1ebft \u0111\u1ebfn c\u00e1c khuy\u1ebfn m\u00e3i, \u01b0u \u0111\u00e3i m\u1edbi th\u00f4ng qua t\u00ednh n\u0103ng g\u1eedi th\u00f4ng b\u00e1o tr\u1ef1c ti\u1ebfp t\u1eeb \u1ee9ng d\u1ee5ng.<\/li>\n<\/ul>\n<p>V\u1edbi t\u1ea5t c\u1ea3 nh\u1eefng ti\u1ec7n \u00edch tr\u00ean, \u1ee9ng d\u1ee5ng Dafabet l\u00e0 c\u00f4ng c\u1ee5 kh\u00f4ng th\u1ec3 thi\u1ebfu cho b\u1ea5t k\u1ef3 ng\u01b0\u1eddi ch\u01a1i n\u00e0o mu\u1ed1n c\u00e1 c\u01b0\u1ee3c nhanh, an to\u00e0n v\u00e0 kh\u00f4ng gi\u1edbi h\u1ea1n v\u1ec1 th\u1eddi gian hay \u0111\u1ecba \u0111i\u1ec3m.<\/p>\n<h2><strong>C\u00e1ch t\u1ea3i \u1ee9ng d\u1ee5ng Dafabet di \u0111\u1ed9ng cho Android<\/strong><\/h2>\n<p><img loading=\"lazy\" decoding=\"async\" class=\"aligncenter wp-image-12575\" src=\"https:\/\/dafabetlogin.com\/vn\/wp-content\/uploads\/2025\/05\/dafabet-app.png\" alt=\"dafabet app\" width=\"747\" height=\"265\" srcset=\"https:\/\/dafabetlogin.com\/vn\/wp-content\/uploads\/2025\/05\/dafabet-app.png 1387w, https:\/\/dafabetlogin.com\/vn\/wp-content\/uploads\/2025\/05\/dafabet-app-250x89.png 250w, https:\/\/dafabetlogin.com\/vn\/wp-content\/uploads\/2025\/05\/dafabet-app-700x248.png 700w, https:\/\/dafabetlogin.com\/vn\/wp-content\/uploads\/2025\/05\/dafabet-app-768x272.png 768w, https:\/\/dafabetlogin.com\/vn\/wp-content\/uploads\/2025\/05\/dafabet-app-120x42.png 120w\" sizes=\"auto, (max-width: 747px) 100vw, 747px\" \/><\/p>\n<p>&nbsp;<\/p>\n<p>\u0110\u1ec3 s\u1eed d\u1ee5ng Dafabet thu\u1eadn ti\u1ec7n h\u01a1n tr\u00ean \u0111i\u1ec7n tho\u1ea1i Android, ng\u01b0\u1eddi ch\u01a1i c\u00f3 th\u1ec3 t\u1ea3i tr\u1ef1c ti\u1ebfp \u1ee9ng d\u1ee5ng ch\u00ednh th\u1ee9c t\u1eeb trang mobile c\u1ee7a nh\u00e0 c\u00e1i. Qu\u00e1 tr\u00ecnh t\u1ea3i r\u1ea5t \u0111\u01a1n gi\u1ea3n, b\u1ea1n c\u00f3 th\u1ec3 l\u1ef1a ch\u1ecdn qu\u00e9t m\u00e3 QR ho\u1eb7c truy c\u1eadp \u0111\u01b0\u1eddng d\u1eabn c\u1ee5 th\u1ec3 cho t\u1eebng \u1ee9ng d\u1ee5ng.<\/p>\n<ol>\n<li><strong> T\u1ea3i \u1ee9ng d\u1ee5ng b\u1eb1ng c\u00e1ch qu\u00e9t m\u00e3 QR<\/strong><\/li>\n<\/ol>\n<p>Truy c\u1eadp v\u00e0o trang:<\/p>\n<ul>\n<li>https:\/\/dafasportvn.com\/vn\/mobile<\/li>\n<\/ul>\n<p>Sau \u0111\u00f3, b\u1ea1n s\u1ebd th\u1ea5y c\u00e1c <strong>m\u00e3 QR t\u01b0\u01a1ng \u1ee9ng v\u1edbi t\u1eebng lo\u1ea1i \u1ee9ng d\u1ee5ng<\/strong> nh\u01b0 sau:<\/p>\n<p><img loading=\"lazy\" decoding=\"async\" class=\"aligncenter wp-image-12571\" src=\"https:\/\/dafabetlogin.com\/vn\/wp-content\/uploads\/2025\/05\/Dafabet-app-QR-1.png\" alt=\"Dafabet app QR\" width=\"735\" height=\"209\" srcset=\"https:\/\/dafabetlogin.com\/vn\/wp-content\/uploads\/2025\/05\/Dafabet-app-QR-1.png 1386w, https:\/\/dafabetlogin.com\/vn\/wp-content\/uploads\/2025\/05\/Dafabet-app-QR-1-250x71.png 250w, https:\/\/dafabetlogin.com\/vn\/wp-content\/uploads\/2025\/05\/Dafabet-app-QR-1-700x200.png 700w, https:\/\/dafabetlogin.com\/vn\/wp-content\/uploads\/2025\/05\/Dafabet-app-QR-1-768x218.png 768w, https:\/\/dafabetlogin.com\/vn\/wp-content\/uploads\/2025\/05\/Dafabet-app-QR-1-120x34.png 120w\" sizes=\"auto, (max-width: 735px) 100vw, 735px\" \/><\/p>\n<p>&nbsp;<\/p>\n<ul>\n<li><strong>Dafabet Di \u0110\u1ed9ng (chung):<\/strong> Qu\u00e9t m\u00e3 \u0111\u1ec3 truy c\u1eadp thethaoDafa.com\/mobi-vn tr\u00ean \u0111i\u1ec7n tho\u1ea1i.<\/li>\n<li><strong>\u1ee8ng d\u1ee5ng Casino:<\/strong> Qu\u00e9t m\u00e3 QR ho\u1eb7c truy c\u1eadp 888df.com\/app<\/li>\n<li><strong>\u1ee8ng d\u1ee5ng Th\u1ec3 thao Dafa:<\/strong> Qu\u00e9t m\u00e3 ho\u1eb7c v\u00e0o dfthethaodafa.com\/DFSAPPVN<\/li>\n<li><strong>\u1ee8ng d\u1ee5ng Th\u1ec3 thao OW:<\/strong> Qu\u00e9t m\u00e3 ho\u1eb7c v\u00e0o dfthethaodafa.com\/OWSAPPVN<\/li>\n<\/ul>\n<p>Ch\u1ec9 c\u1ea7n m\u1edf \u1ee9ng d\u1ee5ng qu\u00e9t m\u00e3 ho\u1eb7c camera \u0111i\u1ec7n tho\u1ea1i, qu\u00e9t v\u00e0o m\u00e3 hi\u1ec3n th\u1ecb tr\u00ean m\u00e0n h\u00ecnh l\u00e0 b\u1ea1n s\u1ebd \u0111\u01b0\u1ee3c chuy\u1ec3n \u0111\u1ebfn trang t\u1ea3i \u1ee9ng d\u1ee5ng t\u01b0\u01a1ng \u1ee9ng.<\/p>\n<ol start=\"2\">\n<li><strong> H\u01b0\u1edbng d\u1eabn c\u00e0i \u0111\u1eb7t APK tr\u00ean Android<\/strong><\/li>\n<\/ol>\n<ul>\n<li>Sau khi t\u1ea3i file APK, h\u00e3y m\u1edf m\u1ee5c <strong>T\u1ec7p \u0111\u00e3 t\u1ea3i xu\u1ed1ng<\/strong> tr\u00ean \u0111i\u1ec7n tho\u1ea1i.<\/li>\n<li>N\u1ebfu \u0111i\u1ec7n tho\u1ea1i y\u00eau c\u1ea7u b\u1eadt quy\u1ec1n \u201cC\u00e0i \u0111\u1eb7t \u1ee9ng d\u1ee5ng kh\u00f4ng r\u00f5 ngu\u1ed3n g\u1ed1c\u201d, h\u00e3y v\u00e0o <strong>C\u00e0i \u0111\u1eb7t &gt; B\u1ea3o m\u1eadt<\/strong> v\u00e0 k\u00edch ho\u1ea1t m\u1ee5c n\u00e0y.<\/li>\n<li>Quay l\u1ea1i t\u1ec7p APK v\u00e0 nh\u1ea5n <strong>C\u00e0i \u0111\u1eb7t<\/strong> \u0111\u1ec3 ho\u00e0n t\u1ea5t.<\/li>\n<\/ul>\n<p>Sau khi c\u00e0i \u0111\u1eb7t th\u00e0nh c\u00f4ng, b\u1ea1n c\u00f3 th\u1ec3 \u0111\u0103ng nh\u1eadp ho\u1eb7c \u0111\u0103ng k\u00fd t\u00e0i kho\u1ea3n tr\u1ef1c ti\u1ebfp ngay trong \u1ee9ng d\u1ee5ng.<\/p>\n<h2><strong>H\u01b0\u1edbng d\u1eabn \u0111\u0103ng nh\u1eadp v\u00e0 s\u1eed d\u1ee5ng \u1ee9ng d\u1ee5ng Dafabet<\/strong><\/h2>\n<p><img loading=\"lazy\" decoding=\"async\" class=\"aligncenter wp-image-12573\" src=\"https:\/\/dafabetlogin.com\/vn\/wp-content\/uploads\/2025\/05\/dafabet-login-1.png\" alt=\"dafabet login\" width=\"437\" height=\"941\" srcset=\"https:\/\/dafabetlogin.com\/vn\/wp-content\/uploads\/2025\/05\/dafabet-login-1.png 592w, https:\/\/dafabetlogin.com\/vn\/wp-content\/uploads\/2025\/05\/dafabet-login-1-250x538.png 250w, https:\/\/dafabetlogin.com\/vn\/wp-content\/uploads\/2025\/05\/dafabet-login-1-120x258.png 120w\" sizes=\"auto, (max-width: 437px) 100vw, 437px\" \/><\/p>\n<p>Sau khi \u0111\u00e3 t\u1ea3i v\u00e0 c\u00e0i \u0111\u1eb7t th\u00e0nh c\u00f4ng \u1ee9ng d\u1ee5ng Dafabet tr\u00ean \u0111i\u1ec7n tho\u1ea1i Android, b\u1ea1n c\u00f3 th\u1ec3 b\u1eaft \u0111\u1ea7u \u0111\u0103ng nh\u1eadp v\u00e0 tr\u1ea3i nghi\u1ec7m ngay c\u00e1c s\u1ea3n ph\u1ea9m c\u00e1 c\u01b0\u1ee3c y\u00eau th\u00edch ch\u1ec9 v\u1edbi v\u00e0i thao t\u00e1c \u0111\u01a1n gi\u1ea3n.<\/p>\n<p><strong>B\u01b0\u1edbc 1: M\u1edf \u1ee9ng d\u1ee5ng Dafabet<\/strong><\/p>\n<p>T\u00ecm bi\u1ec3u t\u01b0\u1ee3ng <strong>Dafabet<\/strong> tr\u00ean m\u00e0n h\u00ecnh \u0111i\u1ec7n tho\u1ea1i v\u00e0 nh\u1ea5n \u0111\u1ec3 m\u1edf \u1ee9ng d\u1ee5ng. Giao di\u1ec7n ch\u00ednh s\u1ebd hi\u1ec7n ra v\u1edbi c\u00e1c m\u1ee5c n\u1ed5i b\u1eadt nh\u01b0:<\/p>\n<ul>\n<li><strong>SLOTS<\/strong> (m\u00e1y \u0111\u00e1nh b\u1ea1c)<\/li>\n<li><strong>LIVE CASINO<\/strong> (casino tr\u1ef1c tuy\u1ebfn)<\/li>\n<li><strong>JACKPOTS<\/strong> (gi\u1ea3i \u0111\u1ed9c \u0111\u1eafc)<\/li>\n<li><strong>TABLE GAMES<\/strong> (tr\u00f2 ch\u01a1i b\u00e0n)<\/li>\n<\/ul>\n<p><strong>B\u01b0\u1edbc 2: \u0110\u0103ng nh\u1eadp t\u00e0i kho\u1ea3n<\/strong><\/p>\n<p>Nh\u1ea5n n\u00fat <strong>LOGIN<\/strong> (\u0110\u0103ng nh\u1eadp) \u1edf g\u00f3c tr\u00ean b\u00ean ph\u1ea3i m\u00e0n h\u00ecnh. Sau \u0111\u00f3, nh\u1eadp t\u00ean \u0111\u0103ng nh\u1eadp v\u00e0 m\u1eadt kh\u1ea9u m\u00e0 b\u1ea1n \u0111\u00e3 \u0111\u0103ng k\u00fd.<\/p>\n<p>N\u1ebfu b\u1ea1n ch\u01b0a c\u00f3 t\u00e0i kho\u1ea3n, nh\u1ea5n v\u00e0o <strong>JOIN NOW<\/strong> \u0111\u1ec3 \u0111\u0103ng k\u00fd tr\u1ef1c ti\u1ebfp tr\u00ean app.<\/p>\n<p><strong>B\u01b0\u1edbc 3: Kh\u00e1m ph\u00e1 v\u00e0 b\u1eaft \u0111\u1ea7u ch\u01a1i<\/strong><\/p>\n<p>Sau khi \u0111\u0103ng nh\u1eadp th\u00e0nh c\u00f4ng, b\u1ea1n c\u00f3 th\u1ec3 b\u1eaft \u0111\u1ea7u:<\/p>\n<ul>\n<li>Ch\u01a1i ngay c\u00e1c tr\u00f2 \u0111\u01b0\u1ee3c y\u00eau th\u00edch nh\u01b0 <strong>Dafabet Speed Baccarat<\/strong>, <strong>Funky Monkey<\/strong>, <strong>Golden Tour<\/strong><\/li>\n<li>Truy c\u1eadp m\u1ee5c <strong>New Games<\/strong> \u0111\u1ec3 th\u1eed c\u00e1c tr\u00f2 m\u1edbi nh\u01b0 <strong>Joker Rush<\/strong>, <strong>Monster Multipliers<\/strong>, ho\u1eb7c <strong>Qin\u2019s Empire<\/strong><\/li>\n<li>\u0110\u1eb7t c\u01b0\u1ee3c nhanh ch\u00f3ng, n\u1ea1p\/r\u00fat ti\u1ec1n ngay trong \u1ee9ng d\u1ee5ng<\/li>\n<li>Nh\u1ea5n \u201cPLAY NOW\u201d \u1edf c\u00e1c banner \u0111\u1ec3 v\u00e0o game tr\u1ef1c ti\u1ebfp<\/li>\n<\/ul>\n<p>Giao di\u1ec7n \u0111\u01b0\u1ee3c thi\u1ebft k\u1ebf t\u1ed1i \u01b0u cho thi\u1ebft b\u1ecb di \u0111\u1ed9ng, gi\u00fap b\u1ea1n thao t\u00e1c m\u01b0\u1ee3t m\u00e0, chuy\u1ec3n \u0111\u1ed5i gi\u1eefa c\u00e1c m\u1ee5c c\u1ef1c k\u1ef3 ti\u1ec7n l\u1ee3i ch\u1ec9 v\u1edbi m\u1ed9t ch\u1ea1m.<\/p>\n<p style=\"text-align: center;\">    <div class=\"dafabet-cta-wrapper\">\n        <a class=\"dafabet-cta-button\" href=\"https:\/\/dafa07.net\/VNDF?btag=654470_VNDLDFSBT0000&#038;utm_source=654470&#038;utm_medium=SEO&#038;utm_campaign=0000\" target=\"_blank\" rel=\"noopener noreferrer\">\n            <span class=\"cta-text\">JOIN NOW<\/span>\n            <img decoding=\"async\" class=\"cta-logo\" src=\"https:\/\/dafabetlogin.com\/vn\/wp-content\/uploads\/2025\/06\/logo-dafabet.png\" alt=\"Dafabet\" \/>\n        <\/a>\n    <\/div>\n    <\/p>\n<h2><strong>K\u1ebft lu\u1eadn<\/strong><\/h2>\n<p>\u1ee8ng d\u1ee5ng Dafabet di \u0111\u1ed9ng l\u00e0 l\u1ef1a ch\u1ecdn l\u00fd t\u01b0\u1edfng cho nh\u1eefng ai y\u00eau th\u00edch c\u00e1 c\u01b0\u1ee3c ti\u1ec7n l\u1ee3i, nhanh ch\u00f3ng v\u00e0 kh\u00f4ng b\u1ecb gi\u1edbi h\u1ea1n b\u1edfi tr\u00ecnh duy\u1ec7t hay nh\u00e0 m\u1ea1ng. H\u00e3y <strong>qu\u00e9t m\u00e3 QR ho\u1eb7c truy c\u1eadp \u0111\u01b0\u1eddng d\u1eabn tr\u1ef1c ti\u1ebfp<\/strong> \u0111\u1ec3 t\u1ea3i ngay \u1ee9ng d\u1ee5ng ph\u00f9 h\u1ee3p v\u00e0 b\u1eaft \u0111\u1ea7u tr\u1ea3i nghi\u1ec7m th\u1ebf gi\u1edbi c\u00e1 c\u01b0\u1ee3c \u0111\u1ec9nh cao ch\u1ec9 v\u1edbi m\u1ed9t thi\u1ebft b\u1ecb di \u0111\u1ed9ng.<\/p>\n","protected":false},"excerpt":{"rendered":"\u1ee8ng d\u1ee5ng di \u0111\u1ed9ng Dafabet \u2013 C\u00e1 c\u01b0\u1ee3c m\u1ecdi l\u00fac, m\u1ecdi n\u01a1i Dafabet mang \u0111\u1ebfn cho ng\u01b0\u1eddi ch\u01a1i Vi\u1ec7t Nam gi\u1ea3i ph\u00e1p c\u00e1 c\u01b0\u1ee3c ti\u1ec7n l\u1ee3i v\u00e0 linh ho\u1ea1t h\u01a1n bao gi\u1edd h\u1ebft th\u00f4ng qua \u1ee9ng d\u1ee5ng di \u0111\u1ed9ng chuy\u00ean bi\u1ec7t. D\u00f9 b\u1ea1n \u0111ang s\u1eed d\u1ee5ng \u0111i\u1ec7n tho\u1ea1i hay m\u00e1y t\u00ednh b\u1ea3ng Android, ch\u1ec9 c\u1ea7n&#8230; <a class=\"view-article\" href=\"https:\/\/dafabetlogin.com\/vn\/dafabet-app-vietnam\/\">View Article<\/a>","protected":false},"author":9,"featured_media":0,"parent":0,"menu_order":0,"comment_status":"closed","ping_status":"closed","template":"front-page.php","meta":{"_acf_changed":false,"yasr_overall_rating":0,"yasr_post_is_review":"","yasr_auto_insert_disabled":"","yasr_review_type":"","footnotes":""},"class_list":["post-12568","page","type-page","status-publish","hentry"],"acf":[],"yoast_head":"<!-- This site is optimized with the Yoast SEO plugin v27.3 - https:\/\/yoast.com\/product\/yoast-seo-wordpress\/ -->\n<title>\u1ee8ng d\u1ee5ng di \u0111\u1ed9ng Dafabet \u2013 C\u00e1 c\u01b0\u1ee3c m\u1ecdi l\u00fac, m\u1ecdi n\u01a1i<\/title>\n<meta name=\"description\" content=\"T\u1ea3i \u1ee9ng d\u1ee5ng Dafabet cho Android \u0111\u1ec3 c\u00e1 c\u01b0\u1ee3c m\u1ecdi l\u00fac, m\u1ecdi n\u01a1i v\u1edbi giao di\u1ec7n m\u01b0\u1ee3t m\u00e0, n\u1ea1p r\u00fat ti\u1ec7n l\u1ee3i, kh\u00f4ng b\u1ecb ch\u1eb7n v\u00e0 nh\u1eadn khuy\u1ebfn m\u00e3i t\u1ee9c th\u00ec qua app.\" \/>\n<meta name=\"robots\" content=\"index, follow, max-snippet:-1, max-image-preview:large, max-video-preview:-1\" \/>\n<link rel=\"canonical\" href=\"https:\/\/dafabetlogin.com\/vn\/dafabet-app-vietnam\/\" \/>\n<meta property=\"og:locale\" content=\"en_US\" \/>\n<meta property=\"og:type\" content=\"article\" \/>\n<meta property=\"og:title\" content=\"\u1ee8ng d\u1ee5ng di \u0111\u1ed9ng Dafabet \u2013 C\u00e1 c\u01b0\u1ee3c m\u1ecdi l\u00fac, m\u1ecdi n\u01a1i\" \/>\n<meta property=\"og:description\" content=\"T\u1ea3i \u1ee9ng d\u1ee5ng Dafabet cho Android \u0111\u1ec3 c\u00e1 c\u01b0\u1ee3c m\u1ecdi l\u00fac, m\u1ecdi n\u01a1i v\u1edbi giao di\u1ec7n m\u01b0\u1ee3t m\u00e0, n\u1ea1p r\u00fat ti\u1ec7n l\u1ee3i, kh\u00f4ng b\u1ecb ch\u1eb7n v\u00e0 nh\u1eadn khuy\u1ebfn m\u00e3i t\u1ee9c th\u00ec qua app.\" \/>\n<meta property=\"og:url\" content=\"https:\/\/dafabetlogin.com\/vn\/dafabet-app-vietnam\/\" \/>\n<meta property=\"og:site_name\" content=\"Dafabet Login VN\" \/>\n<meta property=\"og:image\" content=\"https:\/\/dafabetlogin.com\/vn\/wp-content\/uploads\/2025\/05\/dafabet-app.png\" \/>\n<meta name=\"twitter:card\" content=\"summary_large_image\" \/>\n<meta name=\"twitter:label1\" content=\"Est. reading time\" \/>\n\t<meta name=\"twitter:data1\" content=\"5 minutes\" \/>\n<script type=\"application\/ld+json\" class=\"yoast-schema-graph\">{\"@context\":\"https:\\\/\\\/schema.org\",\"@graph\":[{\"@type\":\"WebPage\",\"@id\":\"https:\\\/\\\/dafabetlogin.com\\\/vn\\\/dafabet-app-vietnam\\\/\",\"url\":\"https:\\\/\\\/dafabetlogin.com\\\/vn\\\/dafabet-app-vietnam\\\/\",\"name\":\"\u1ee8ng d\u1ee5ng di \u0111\u1ed9ng Dafabet \u2013 C\u00e1 c\u01b0\u1ee3c m\u1ecdi l\u00fac, m\u1ecdi n\u01a1i\",\"isPartOf\":{\"@id\":\"https:\\\/\\\/dafabetlogin.com\\\/vn\\\/#website\"},\"primaryImageOfPage\":{\"@id\":\"https:\\\/\\\/dafabetlogin.com\\\/vn\\\/dafabet-app-vietnam\\\/#primaryimage\"},\"image\":{\"@id\":\"https:\\\/\\\/dafabetlogin.com\\\/vn\\\/dafabet-app-vietnam\\\/#primaryimage\"},\"thumbnailUrl\":\"https:\\\/\\\/dafabetlogin.com\\\/vn\\\/wp-content\\\/uploads\\\/2025\\\/05\\\/dafabet-app.png\",\"datePublished\":\"2025-08-06T10:23:54+00:00\",\"description\":\"T\u1ea3i \u1ee9ng d\u1ee5ng Dafabet cho Android \u0111\u1ec3 c\u00e1 c\u01b0\u1ee3c m\u1ecdi l\u00fac, m\u1ecdi n\u01a1i v\u1edbi giao di\u1ec7n m\u01b0\u1ee3t m\u00e0, n\u1ea1p r\u00fat ti\u1ec7n l\u1ee3i, kh\u00f4ng b\u1ecb ch\u1eb7n v\u00e0 nh\u1eadn khuy\u1ebfn m\u00e3i t\u1ee9c th\u00ec qua app.\",\"breadcrumb\":{\"@id\":\"https:\\\/\\\/dafabetlogin.com\\\/vn\\\/dafabet-app-vietnam\\\/#breadcrumb\"},\"inLanguage\":\"en-US\",\"potentialAction\":[{\"@type\":\"ReadAction\",\"target\":[\"https:\\\/\\\/dafabetlogin.com\\\/vn\\\/dafabet-app-vietnam\\\/\"]}]},{\"@type\":\"ImageObject\",\"inLanguage\":\"en-US\",\"@id\":\"https:\\\/\\\/dafabetlogin.com\\\/vn\\\/dafabet-app-vietnam\\\/#primaryimage\",\"url\":\"https:\\\/\\\/dafabetlogin.com\\\/vn\\\/wp-content\\\/uploads\\\/2025\\\/05\\\/dafabet-app.png\",\"contentUrl\":\"https:\\\/\\\/dafabetlogin.com\\\/vn\\\/wp-content\\\/uploads\\\/2025\\\/05\\\/dafabet-app.png\",\"width\":1387,\"height\":491,\"caption\":\"dafabet app\"},{\"@type\":\"BreadcrumbList\",\"@id\":\"https:\\\/\\\/dafabetlogin.com\\\/vn\\\/dafabet-app-vietnam\\\/#breadcrumb\",\"itemListElement\":[{\"@type\":\"ListItem\",\"position\":1,\"name\":\"Home\",\"item\":\"https:\\\/\\\/dafabetlogin.com\\\/vn\\\/\"},{\"@type\":\"ListItem\",\"position\":2,\"name\":\"Dafabet App Vietnam\"}]},{\"@type\":\"WebSite\",\"@id\":\"https:\\\/\\\/dafabetlogin.com\\\/vn\\\/#website\",\"url\":\"https:\\\/\\\/dafabetlogin.com\\\/vn\\\/\",\"name\":\"Dafabet Login VN\",\"description\":\"Dafabet l\u00e0 nh\u00e0 c\u00e1i s\u1ed1 1 Ch\u00e2u \u00c1. Dafabet.tips h\u01b0\u1edbng d\u1eabn c\u00e1c b\u1ea1n c\u00e1ch tham gia v\u00e0o Dafabet, m\u1eb9o chi\u1ebfn th\u1eafng khi ch\u01a1i c\u00e1 c\u01b0\u1ee3c online\",\"potentialAction\":[{\"@type\":\"SearchAction\",\"target\":{\"@type\":\"EntryPoint\",\"urlTemplate\":\"https:\\\/\\\/dafabetlogin.com\\\/vn\\\/?s={search_term_string}\"},\"query-input\":{\"@type\":\"PropertyValueSpecification\",\"valueRequired\":true,\"valueName\":\"search_term_string\"}}],\"inLanguage\":\"en-US\"},false]}<\/script>\n<!-- \/ Yoast SEO plugin. -->","yoast_head_json":{"title":"\u1ee8ng d\u1ee5ng di \u0111\u1ed9ng Dafabet \u2013 C\u00e1 c\u01b0\u1ee3c m\u1ecdi l\u00fac, m\u1ecdi n\u01a1i","description":"T\u1ea3i \u1ee9ng d\u1ee5ng Dafabet cho Android \u0111\u1ec3 c\u00e1 c\u01b0\u1ee3c m\u1ecdi l\u00fac, m\u1ecdi n\u01a1i v\u1edbi giao di\u1ec7n m\u01b0\u1ee3t m\u00e0, n\u1ea1p r\u00fat ti\u1ec7n l\u1ee3i, kh\u00f4ng b\u1ecb ch\u1eb7n v\u00e0 nh\u1eadn khuy\u1ebfn m\u00e3i t\u1ee9c th\u00ec qua app.","robots":{"index":"index","follow":"follow","max-snippet":"max-snippet:-1","max-image-preview":"max-image-preview:large","max-video-preview":"max-video-preview:-1"},"canonical":"https:\/\/dafabetlogin.com\/vn\/dafabet-app-vietnam\/","og_locale":"en_US","og_type":"article","og_title":"\u1ee8ng d\u1ee5ng di \u0111\u1ed9ng Dafabet \u2013 C\u00e1 c\u01b0\u1ee3c m\u1ecdi l\u00fac, m\u1ecdi n\u01a1i","og_description":"T\u1ea3i \u1ee9ng d\u1ee5ng Dafabet cho Android \u0111\u1ec3 c\u00e1 c\u01b0\u1ee3c m\u1ecdi l\u00fac, m\u1ecdi n\u01a1i v\u1edbi giao di\u1ec7n m\u01b0\u1ee3t m\u00e0, n\u1ea1p r\u00fat ti\u1ec7n l\u1ee3i, kh\u00f4ng b\u1ecb ch\u1eb7n v\u00e0 nh\u1eadn khuy\u1ebfn m\u00e3i t\u1ee9c th\u00ec qua app.","og_url":"https:\/\/dafabetlogin.com\/vn\/dafabet-app-vietnam\/","og_site_name":"Dafabet Login VN","og_image":[{"url":"https:\/\/dafabetlogin.com\/vn\/wp-content\/uploads\/2025\/05\/dafabet-app.png","type":"","width":"","height":""}],"twitter_card":"summary_large_image","twitter_misc":{"Est. reading time":"5 minutes"},"schema":{"@context":"https:\/\/schema.org","@graph":[{"@type":"WebPage","@id":"https:\/\/dafabetlogin.com\/vn\/dafabet-app-vietnam\/","url":"https:\/\/dafabetlogin.com\/vn\/dafabet-app-vietnam\/","name":"\u1ee8ng d\u1ee5ng di \u0111\u1ed9ng Dafabet \u2013 C\u00e1 c\u01b0\u1ee3c m\u1ecdi l\u00fac, m\u1ecdi n\u01a1i","isPartOf":{"@id":"https:\/\/dafabetlogin.com\/vn\/#website"},"primaryImageOfPage":{"@id":"https:\/\/dafabetlogin.com\/vn\/dafabet-app-vietnam\/#primaryimage"},"image":{"@id":"https:\/\/dafabetlogin.com\/vn\/dafabet-app-vietnam\/#primaryimage"},"thumbnailUrl":"https:\/\/dafabetlogin.com\/vn\/wp-content\/uploads\/2025\/05\/dafabet-app.png","datePublished":"2025-08-06T10:23:54+00:00","description":"T\u1ea3i \u1ee9ng d\u1ee5ng Dafabet cho Android \u0111\u1ec3 c\u00e1 c\u01b0\u1ee3c m\u1ecdi l\u00fac, m\u1ecdi n\u01a1i v\u1edbi giao di\u1ec7n m\u01b0\u1ee3t m\u00e0, n\u1ea1p r\u00fat ti\u1ec7n l\u1ee3i, kh\u00f4ng b\u1ecb ch\u1eb7n v\u00e0 nh\u1eadn khuy\u1ebfn m\u00e3i t\u1ee9c th\u00ec qua app.","breadcrumb":{"@id":"https:\/\/dafabetlogin.com\/vn\/dafabet-app-vietnam\/#breadcrumb"},"inLanguage":"en-US","potentialAction":[{"@type":"ReadAction","target":["https:\/\/dafabetlogin.com\/vn\/dafabet-app-vietnam\/"]}]},{"@type":"ImageObject","inLanguage":"en-US","@id":"https:\/\/dafabetlogin.com\/vn\/dafabet-app-vietnam\/#primaryimage","url":"https:\/\/dafabetlogin.com\/vn\/wp-content\/uploads\/2025\/05\/dafabet-app.png","contentUrl":"https:\/\/dafabetlogin.com\/vn\/wp-content\/uploads\/2025\/05\/dafabet-app.png","width":1387,"height":491,"caption":"dafabet app"},{"@type":"BreadcrumbList","@id":"https:\/\/dafabetlogin.com\/vn\/dafabet-app-vietnam\/#breadcrumb","itemListElement":[{"@type":"ListItem","position":1,"name":"Home","item":"https:\/\/dafabetlogin.com\/vn\/"},{"@type":"ListItem","position":2,"name":"Dafabet App Vietnam"}]},{"@type":"WebSite","@id":"https:\/\/dafabetlogin.com\/vn\/#website","url":"https:\/\/dafabetlogin.com\/vn\/","name":"Dafabet Login VN","description":"Dafabet l\u00e0 nh\u00e0 c\u00e1i s\u1ed1 1 Ch\u00e2u \u00c1. Dafabet.tips h\u01b0\u1edbng d\u1eabn c\u00e1c b\u1ea1n c\u00e1ch tham gia v\u00e0o Dafabet, m\u1eb9o chi\u1ebfn th\u1eafng khi ch\u01a1i c\u00e1 c\u01b0\u1ee3c online","potentialAction":[{"@type":"SearchAction","target":{"@type":"EntryPoint","urlTemplate":"https:\/\/dafabetlogin.com\/vn\/?s={search_term_string}"},"query-input":{"@type":"PropertyValueSpecification","valueRequired":true,"valueName":"search_term_string"}}],"inLanguage":"en-US"},false]}},"yasr_visitor_votes":{"stars_attributes":{"read_only":false,"span_bottom":false},"number_of_votes":0,"sum_votes":0},"_links":{"self":[{"href":"https:\/\/dafabetlogin.com\/vn\/wp-json\/wp\/v2\/pages\/12568","targetHints":{"allow":["GET"]}}],"collection":[{"href":"https:\/\/dafabetlogin.com\/vn\/wp-json\/wp\/v2\/pages"}],"about":[{"href":"https:\/\/dafabetlogin.com\/vn\/wp-json\/wp\/v2\/types\/page"}],"author":[{"embeddable":true,"href":"https:\/\/dafabetlogin.com\/vn\/wp-json\/wp\/v2\/users\/9"}],"replies":[{"embeddable":true,"href":"https:\/\/dafabetlogin.com\/vn\/wp-json\/wp\/v2\/comments?post=12568"}],"version-history":[{"count":3,"href":"https:\/\/dafabetlogin.com\/vn\/wp-json\/wp\/v2\/pages\/12568\/revisions"}],"predecessor-version":[{"id":12610,"href":"https:\/\/dafabetlogin.com\/vn\/wp-json\/wp\/v2\/pages\/12568\/revisions\/12610"}],"wp:attachment":[{"href":"https:\/\/dafabetlogin.com\/vn\/wp-json\/wp\/v2\/media?parent=12568"}],"curies":[{"name":"wp","href":"https:\/\/api.w.org\/{rel}","templated":true}]}}