{"id":12564,"date":"2025-08-06T17:27:43","date_gmt":"2025-08-06T10:27:43","guid":{"rendered":"https:\/\/dafabetlogin.com\/vn\/?page_id=12564"},"modified":"2025-08-06T17:27:43","modified_gmt":"2025-08-06T10:27:43","slug":"dafabet-registration-vietnam","status":"publish","type":"page","link":"https:\/\/dafabetlogin.com\/vn\/dafabet-registration-vietnam\/","title":{"rendered":"Dafabet Registration Vietnam"},"content":{"rendered":"<h1 style=\"text-align: center;\"><strong>H\u01b0\u1edbng d\u1eabn \u0111\u0103ng k\u00fd Dafabet cho ng\u01b0\u1eddi m\u1edbi<\/strong><\/h1>\n<p>Dafabet l\u00e0 m\u1ed9t trong nh\u1eefng nh\u00e0 c\u00e1i tr\u1ef1c tuy\u1ebfn h\u00e0ng \u0111\u1ea7u ch\u00e2u \u00c1, cung c\u1ea5p n\u1ec1n t\u1ea3ng c\u00e1 c\u01b0\u1ee3c th\u1ec3 thao, casino v\u00e0 tr\u00f2 ch\u01a1i tr\u1ef1c tuy\u1ebfn ch\u1ea5t l\u01b0\u1ee3ng cao. N\u1ebfu b\u1ea1n ch\u01b0a c\u00f3 t\u00e0i kho\u1ea3n t\u1ea1i Dafabet, b\u00e0i vi\u1ebft n\u00e0y s\u1ebd h\u01b0\u1edbng d\u1eabn chi ti\u1ebft c\u00e1ch \u0111\u0103ng k\u00fd t\u00e0i kho\u1ea3n nhanh ch\u00f3ng, an to\u00e0n v\u00e0 kh\u00f4ng g\u1eb7p l\u1ed7i.<\/p>\n<p style=\"text-align: center;\">    <div class=\"dafabet-cta-wrapper\">\n        <a class=\"dafabet-cta-button\" href=\"https:\/\/dafa07.net\/VNDF?btag=654470_VNDLDFSBT0000&#038;utm_source=654470&#038;utm_medium=SEO&#038;utm_campaign=0000\" target=\"_blank\" rel=\"noopener noreferrer\">\n            <span class=\"cta-text\">JOIN NOW<\/span>\n            <img decoding=\"async\" class=\"cta-logo\" src=\"https:\/\/dafabetlogin.com\/vn\/wp-content\/uploads\/2025\/06\/logo-dafabet.png\" alt=\"Dafabet\" \/>\n        <\/a>\n    <\/div>\n    <\/p>\n<h2><strong>T\u1ea1i sao b\u1ea1n n\u00ean \u0111\u0103ng k\u00fd t\u00e0i kho\u1ea3n Dafabet?<\/strong><\/h2>\n<p>Dafabet ch\u00ednh l\u00e0 l\u1ef1a ch\u1ecdn ho\u00e0n h\u1ea3o cho ai \u0111ang t\u00ecm ki\u1ebfm m\u1ed9t n\u1ec1n t\u1ea3ng c\u00e1 c\u01b0\u1ee3c uy t\u00edn, \u0111a d\u1ea1ng s\u1ea3n ph\u1ea9m v\u00e0 h\u1ed7 tr\u1ee3 ng\u01b0\u1eddi ch\u01a1i t\u1ea1i Vi\u1ec7t Nam t\u1ed1i \u0111a. Vi\u1ec7c \u0111\u0103ng k\u00fd t\u00e0i kho\u1ea3n kh\u00f4ng ch\u1ec9 m\u1edf ra th\u1ebf gi\u1edbi gi\u1ea3i tr\u00ed \u0111\u1ec9nh cao m\u00e0 c\u00f2n mang l\u1ea1i nhi\u1ec1u quy\u1ec1n l\u1ee3i h\u1ea5p d\u1eabn d\u00e0nh ri\u00eang cho th\u00e0nh vi\u00ean m\u1edbi.<\/p>\n<ul>\n<li><strong>Truy c\u1eadp to\u00e0n b\u1ed9 s\u1ea3n ph\u1ea9m c\u00e1 c\u01b0\u1ee3c h\u00e0ng \u0111\u1ea7u<\/strong>: Sau khi \u0111\u0103ng k\u00fd, b\u1ea1n c\u00f3 th\u1ec3 tham gia m\u1ecdi chuy\u00ean m\u1ee5c h\u1ea5p d\u1eabn nh\u1ea5t c\u1ee7a Dafabet, bao g\u1ed3m Th\u1ec3 thao OW, Th\u1ec3 thao Dafa, Casino tr\u1ef1c tuy\u1ebfn, c\u00e1c tr\u00f2 ch\u01a1i slot, b\u1eafn c\u00e1, v\u00e0 h\u00e0ng tr\u0103m game \u0111\u1ed5i th\u01b0\u1edfng phong ph\u00fa kh\u00e1c.<\/li>\n<li><strong>\u01afu \u0111\u00e3i ch\u00e0o m\u1eebng h\u1ea5p d\u1eabn<\/strong>: Th\u00e0nh vi\u00ean m\u1edbi s\u1ebd nh\u1eadn ngay th\u01b0\u1edfng mi\u1ec5n ph\u00ed l\u00ean \u0111\u1ebfn 300.000 VN\u0110 khi ho\u00e0n t\u1ea5t \u0111\u0103ng k\u00fd v\u00e0 b\u1eaft \u0111\u1ea7u \u0111\u1eb7t c\u01b0\u1ee3c. \u0110\u00e2y l\u00e0 c\u01a1 h\u1ed9i tuy\u1ec7t v\u1eddi \u0111\u1ec3 l\u00e0m quen v\u1edbi h\u1ec7 th\u1ed1ng v\u00e0 b\u1eaft \u0111\u1ea7u h\u00e0nh tr\u00ecnh c\u00e1 c\u01b0\u1ee3c m\u00e0 kh\u00f4ng c\u1ea7n n\u1ea1p ti\u1ec1n qu\u00e1 nhi\u1ec1u.<\/li>\n<li><strong>H\u1ed7 tr\u1ee3 v\u00e0 giao d\u1ecbch ti\u1ec7n l\u1ee3i t\u1ea1i Vi\u1ec7t Nam<\/strong>: Dafabet h\u1ed7 tr\u1ee3 n\u1ea1p\/r\u00fat ti\u1ec1n qua c\u00e1c c\u1ed5ng thanh to\u00e1n ph\u1ed5 bi\u1ebfn t\u1ea1i Vi\u1ec7t Nam, k\u00e8m theo h\u1ed7 tr\u1ee3 kh\u00e1ch h\u00e0ng 24\/7 b\u1eb1ng ti\u1ebfng Vi\u1ec7t, \u0111\u1ea3m b\u1ea3o b\u1ea1n lu\u00f4n \u0111\u01b0\u1ee3c gi\u1ea3i \u0111\u00e1p m\u1ecdi th\u1eafc m\u1eafc nhanh ch\u00f3ng.<\/li>\n<li><strong>Giao di\u1ec7n th\u00e2n thi\u1ec7n tr\u00ean m\u1ecdi thi\u1ebft b\u1ecb:<\/strong> D\u00f9 b\u1ea1n s\u1eed d\u1ee5ng m\u00e1y t\u00ednh hay \u0111i\u1ec7n tho\u1ea1i, website v\u00e0 \u1ee9ng d\u1ee5ng Dafabet \u0111\u1ec1u ho\u1ea1t \u0111\u1ed9ng m\u01b0\u1ee3t m\u00e0, d\u1ec5 s\u1eed d\u1ee5ng v\u00e0 t\u1ed1i \u01b0u tr\u1ea3i nghi\u1ec7m ng\u01b0\u1eddi d\u00f9ng.<\/li>\n<\/ul>\n<p>\u0110\u0103ng k\u00fd t\u00e0i kho\u1ea3n Dafabet l\u00e0 b\u01b0\u1edbc \u0111\u1ea7u ti\u00ean \u0111\u1ec3 ti\u1ebfp c\u1eadn m\u1ed9t s\u00e2n ch\u01a1i an to\u00e0n, minh b\u1ea1ch v\u00e0 \u0111\u1ea7y c\u01a1 h\u1ed9i. H\u00e3y tham gia ngay h\u00f4m nay \u0111\u1ec3 t\u1eadn h\u01b0\u1edfng \u0111\u1ea7y \u0111\u1ee7 ti\u1ec7n \u00edch v\u00e0 ph\u1ea7n th\u01b0\u1edfng d\u00e0nh ri\u00eang cho b\u1ea1n.<\/p>\n<h2><strong>H\u01b0\u1edbng d\u1eabn truy c\u1eadp v\u00e0 \u0111\u0103ng k\u00fd Dafabet<\/strong><\/h2>\n<p>\u0110\u1ec3 b\u1eaft \u0111\u1ea7u h\u00e0nh tr\u00ecnh c\u00e1 c\u01b0\u1ee3c t\u1ea1i Dafabet, tr\u01b0\u1edbc ti\u00ean b\u1ea1n c\u1ea7n truy c\u1eadp \u0111\u00fang \u0111\u1ecba ch\u1ec9 website ch\u00ednh th\u1ee9c d\u00e0nh cho ng\u01b0\u1eddi ch\u01a1i Vi\u1ec7t Nam.<\/p>\n<p style=\"text-align: center;\">    <div class=\"dafabet-cta-wrapper\">\n        <a class=\"dafabet-cta-button\" href=\"https:\/\/dafa07.net\/VNDF?btag=654470_VNDLDFSBT0000&#038;utm_source=654470&#038;utm_medium=SEO&#038;utm_campaign=0000\" target=\"_blank\" rel=\"noopener noreferrer\">\n            <span class=\"cta-text\">JOIN NOW<\/span>\n            <img decoding=\"async\" class=\"cta-logo\" src=\"https:\/\/dafabetlogin.com\/vn\/wp-content\/uploads\/2025\/06\/logo-dafabet.png\" alt=\"Dafabet\" \/>\n        <\/a>\n    <\/div>\n    <\/p>\n<p><img loading=\"lazy\" decoding=\"async\" class=\"aligncenter wp-image-12577\" src=\"https:\/\/dafabetlogin.com\/vn\/wp-content\/uploads\/2025\/05\/dang-ky-dafabet-1-1.png\" alt=\"\u0111\u0103ng k\u00fd dafabet\" width=\"768\" height=\"236\" srcset=\"https:\/\/dafabetlogin.com\/vn\/wp-content\/uploads\/2025\/05\/dang-ky-dafabet-1-1.png 1386w, https:\/\/dafabetlogin.com\/vn\/wp-content\/uploads\/2025\/05\/dang-ky-dafabet-1-1-250x77.png 250w, https:\/\/dafabetlogin.com\/vn\/wp-content\/uploads\/2025\/05\/dang-ky-dafabet-1-1-700x215.png 700w, https:\/\/dafabetlogin.com\/vn\/wp-content\/uploads\/2025\/05\/dang-ky-dafabet-1-1-768x235.png 768w, https:\/\/dafabetlogin.com\/vn\/wp-content\/uploads\/2025\/05\/dang-ky-dafabet-1-1-120x37.png 120w\" sizes=\"auto, (max-width: 768px) 100vw, 768px\" \/><\/p>\n<p>Khi v\u00e0o trang ch\u1ee7, h\u00e3y t\u00ecm v\u00e0 nh\u1ea5n v\u00e0o n\u00fat [THAM GIA NGAY] n\u1eb1m \u1edf g\u00f3c tr\u00ean b\u00ean ph\u1ea3i m\u00e0n h\u00ecnh. \u0110\u00e2y l\u00e0 b\u01b0\u1edbc \u0111\u1ea7u ti\u00ean \u0111\u1ec3 chuy\u1ec3n \u0111\u1ebfn bi\u1ec3u m\u1eabu t\u1ea1o t\u00e0i kho\u1ea3n.<\/p>\n<p>Ngay sau \u0111\u00f3, h\u1ec7 th\u1ed1ng s\u1ebd \u0111\u01b0a b\u1ea1n \u0111\u1ebfn giao di\u1ec7n \u0111\u0103ng k\u00fd, n\u01a1i b\u1ea1n c\u1ea7n \u0111i\u1ec1n \u0111\u1ea7y \u0111\u1ee7 th\u00f4ng tin c\u00e1 nh\u00e2n v\u00e0 li\u00ean h\u1ec7 nh\u01b0 t\u00ean \u0111\u0103ng nh\u1eadp, m\u1eadt kh\u1ea9u, email, s\u1ed1 \u0111i\u1ec7n tho\u1ea1i, v\u00e0 m\u1ed9t s\u1ed1 th\u00f4ng tin c\u01a1 b\u1ea3n kh\u00e1c. Giao di\u1ec7n n\u00e0y th\u00e2n thi\u1ec7n, d\u1ec5 s\u1eed d\u1ee5ng tr\u00ean c\u1ea3 m\u00e1y t\u00ednh l\u1eabn \u0111i\u1ec7n tho\u1ea1i \u2013 b\u1ea1n c\u00f3 th\u1ec3 ho\u00e0n t\u1ea5t qu\u00e1 tr\u00ecnh \u0111\u0103ng k\u00fd ch\u1ec9 trong v\u00e0i ph\u00fat.<\/p>\n<h2><strong>H\u01b0\u1edbng d\u1eabn \u0111i\u1ec1n th\u00f4ng tin \u0111\u0103ng k\u00fd Dafabet<\/strong><\/h2>\n<p><img loading=\"lazy\" decoding=\"async\" class=\"aligncenter wp-image-12566\" src=\"https:\/\/dafabetlogin.com\/vn\/wp-content\/uploads\/2025\/05\/dang-ky-dafabet-1.png\" alt=\"\u0111\u0103ng k\u00fd dafabet\" width=\"601\" height=\"597\" srcset=\"https:\/\/dafabetlogin.com\/vn\/wp-content\/uploads\/2025\/05\/dang-ky-dafabet-1.png 657w, https:\/\/dafabetlogin.com\/vn\/wp-content\/uploads\/2025\/05\/dang-ky-dafabet-1-250x248.png 250w, https:\/\/dafabetlogin.com\/vn\/wp-content\/uploads\/2025\/05\/dang-ky-dafabet-1-150x150.png 150w, https:\/\/dafabetlogin.com\/vn\/wp-content\/uploads\/2025\/05\/dang-ky-dafabet-1-120x119.png 120w\" sizes=\"auto, (max-width: 601px) 100vw, 601px\" \/><\/p>\n<p>&nbsp;<\/p>\n<ol>\n<li><strong> T\u00e0i kho\u1ea3n v\u00e0 th\u00f4ng tin li\u00ean h\u1ec7<\/strong><\/li>\n<\/ol>\n<ul>\n<li><strong>T\u00ean \u0111\u0103ng nh\u1eadp:<\/strong> T\u1ef1 \u0111\u1eb7t, t\u1eeb 6\u201315 k\u00fd t\u1ef1, kh\u00f4ng ch\u1ee9a d\u1ea5u c\u00e1ch ho\u1eb7c k\u00fd t\u1ef1 \u0111\u1eb7c bi\u1ec7t.<\/li>\n<li><strong>M\u1eadt kh\u1ea9u:<\/strong> D\u00e0i t\u1eeb 10\u201315 k\u00fd t\u1ef1, ph\u1ea3i bao g\u1ed3m \u00edt nh\u1ea5t:\n<ul>\n<li>1 ch\u1eef hoa<\/li>\n<li>1 ch\u1eef th\u01b0\u1eddng<\/li>\n<li>1 con s\u1ed1<br \/>\nKh\u00f4ng \u0111\u01b0\u1ee3c tr\u00f9ng v\u1edbi t\u00ean \u0111\u0103ng nh\u1eadp ho\u1eb7c c\u00e1c m\u1eadt kh\u1ea9u ph\u1ed5 bi\u1ebfn.<\/li>\n<\/ul>\n<\/li>\n<li><strong>Email:<\/strong> \u0110\u1ecba ch\u1ec9 email h\u1ee3p l\u1ec7 \u0111\u1ec3 nh\u1eadn th\u00f4ng b\u00e1o v\u00e0 x\u00e1c nh\u1eadn t\u1eeb h\u1ec7 th\u1ed1ng.<\/li>\n<li><strong>S\u1ed1 \u0111i\u1ec7n tho\u1ea1i:<\/strong> Nh\u1eadp s\u1ed1 di \u0111\u1ed9ng \u0111ang d\u00f9ng \u0111\u1ec3 d\u1ec5 d\u00e0ng x\u00e1c minh, nh\u1eadn OTP v\u00e0 h\u1ed7 tr\u1ee3.<\/li>\n<\/ul>\n<ol start=\"2\">\n<li><strong> Th\u00f4ng tin c\u01a1 b\u1ea3n<\/strong><\/li>\n<\/ol>\n<ul>\n<li><strong>H\u1ecd v\u00e0 T\u00ean:<\/strong> Nh\u1eadp ch\u00ednh x\u00e1c h\u1ecd t\u00ean theo CMND\/CCCD (r\u1ea5t quan tr\u1ecdng khi r\u00fat ti\u1ec1n).<\/li>\n<li><strong>Ng\u00e0y th\u00e1ng n\u0103m sinh:<\/strong> B\u1ea1n ph\u1ea3i t\u1eeb <strong>18 tu\u1ed5i tr\u1edf l\u00ean<\/strong> \u0111\u1ec3 \u0111\u1ee7 \u0111i\u1ec1u ki\u1ec7n tham gia.<\/li>\n<li><strong>Ti\u1ec1n t\u1ec7:<\/strong> Ch\u1ecdn \u201cVND \u2013 Vi\u1ec7t Nam \u0110\u1ed3ng\u201d \u0111\u1ec3 thu\u1eadn ti\u1ec7n giao d\u1ecbch.<\/li>\n<li><strong>Qu\u1ed1c gia:<\/strong> Ch\u1ecdn \u201cVi\u1ec7t Nam\u201d.<\/li>\n<\/ul>\n<p>Sau khi \u0111i\u1ec1n \u0111\u1ea7y \u0111\u1ee7 c\u00e1c tr\u01b0\u1eddng th\u00f4ng tin, t\u00edch ch\u1ecdn v\u00e0o \u00f4 <strong>\u201cT\u00f4i \u0111\u00e3 \u0111\u1ee7 18 tu\u1ed5i&#8230;\u201d<\/strong><br \/>\nSau \u0111\u00f3 nh\u1ea5n n\u00fat <strong>[T\u1ea0O T\u00c0I KHO\u1ea2N]<\/strong> \u0111\u1ec3 ho\u00e0n t\u1ea5t.<\/p>\n<p style=\"text-align: center;\">    <div class=\"dafabet-cta-wrapper\">\n        <a class=\"dafabet-cta-button\" href=\"https:\/\/dafa07.net\/VNDF?btag=654470_VNDLDFSBT0000&#038;utm_source=654470&#038;utm_medium=SEO&#038;utm_campaign=0000\" target=\"_blank\" rel=\"noopener noreferrer\">\n            <span class=\"cta-text\">JOIN NOW<\/span>\n            <img decoding=\"async\" class=\"cta-logo\" src=\"https:\/\/dafabetlogin.com\/vn\/wp-content\/uploads\/2025\/06\/logo-dafabet.png\" alt=\"Dafabet\" \/>\n        <\/a>\n    <\/div>\n    <\/p>\n<h2><strong>C\u00e1c l\u1ed7i th\u01b0\u1eddng g\u1eb7p khi \u0111\u0103ng k\u00fd Dafabet<\/strong><\/h2>\n<p>M\u1eb7c d\u00f9 qu\u00e1 tr\u00ecnh \u0111\u0103ng k\u00fd t\u00e0i kho\u1ea3n Dafabet kh\u00e1 \u0111\u01a1n gi\u1ea3n v\u00e0 nhanh ch\u00f3ng, m\u1ed9t s\u1ed1 ng\u01b0\u1eddi ch\u01a1i \u2013 \u0111\u1eb7c bi\u1ec7t l\u00e0 ng\u01b0\u1eddi m\u1edbi \u2013 v\u1eabn c\u00f3 th\u1ec3 g\u1eb7p ph\u1ea3i nh\u1eefng l\u1ed7i ph\u1ed5 bi\u1ebfn khi\u1ebfn vi\u1ec7c t\u1ea1o t\u00e0i kho\u1ea3n b\u1ecb gi\u00e1n \u0111o\u1ea1n. D\u01b0\u1edbi \u0111\u00e2y l\u00e0 nh\u1eefng l\u1ed7i th\u01b0\u1eddng g\u1eb7p nh\u1ea5t v\u00e0 c\u00e1ch kh\u1eafc ph\u1ee5c:<\/p>\n<ol>\n<li><strong> T\u00ean \u0111\u0103ng nh\u1eadp \u0111\u00e3 t\u1ed3n t\u1ea1i<\/strong><br \/>\n\u0110\u00e2y l\u00e0 l\u1ed7i r\u1ea5t ph\u1ed5 bi\u1ebfn do h\u1ec7 th\u1ed1ng Dafabet kh\u00f4ng cho ph\u00e9p tr\u00f9ng t\u00ean ng\u01b0\u1eddi d\u00f9ng. H\u00e3y th\u1eed th\u00eam s\u1ed1 ho\u1eb7c k\u00fd t\u1ef1 \u0111\u1eb7c bi\u1ec7t v\u00e0o t\u00ean \u0111\u0103ng nh\u1eadp \u0111\u1ec3 t\u1ea1o m\u1ed9t t\u00ean m\u1edbi duy nh\u1ea5t.<\/li>\n<li><strong> M\u1eadt kh\u1ea9u kh\u00f4ng h\u1ee3p l\u1ec7<\/strong><br \/>\nDafabet y\u00eau c\u1ea7u m\u1eadt kh\u1ea9u c\u00f3 \u0111\u1ed9 d\u00e0i t\u1eeb 10\u201315 k\u00fd t\u1ef1, b\u1eaft bu\u1ed9c ph\u1ea3i c\u00f3 \u00edt nh\u1ea5t 1 ch\u1eef hoa, 1 ch\u1eef th\u01b0\u1eddng v\u00e0 1 con s\u1ed1. Ngo\u00e0i ra, m\u1eadt kh\u1ea9u kh\u00f4ng \u0111\u01b0\u1ee3c tr\u00f9ng v\u1edbi t\u00ean \u0111\u0103ng nh\u1eadp ho\u1eb7c qu\u00e1 \u0111\u01a1n gi\u1ea3n. H\u00e3y ki\u1ec3m tra k\u1ef9 th\u00f4ng b\u00e1o l\u1ed7i khi nh\u1eadp m\u1eadt kh\u1ea9u \u0111\u1ec3 \u0111i\u1ec1u ch\u1ec9nh cho \u0111\u00fang y\u00eau c\u1ea7u.<\/li>\n<li><strong> Email kh\u00f4ng h\u1ee3p l\u1ec7 ho\u1eb7c \u0111\u00e3 \u0111\u01b0\u1ee3c s\u1eed d\u1ee5ng<\/strong><br \/>\nB\u1ea1n c\u1ea7n nh\u1eadp \u0111\u00fang \u0111\u1ecbnh d\u1ea1ng email (v\u00ed d\u1ee5: abc@gmail.com). N\u1ebfu email \u0111\u00e3 t\u1eebng d\u00f9ng \u0111\u1ec3 \u0111\u0103ng k\u00fd tr\u01b0\u1edbc \u0111\u00f3, b\u1ea1n c\u1ea7n s\u1eed d\u1ee5ng m\u1ed9t \u0111\u1ecba ch\u1ec9 email kh\u00e1c.<\/li>\n<li><strong> Kh\u00f4ng nh\u1eadn \u0111\u01b0\u1ee3c m\u00e3 x\u00e1c minh ho\u1eb7c l\u1ed7i g\u1eedi form<\/strong><br \/>\nTr\u01b0\u1eddng h\u1ee3p n\u00e0y th\u01b0\u1eddng do k\u1ebft n\u1ed1i internet kh\u00f4ng \u1ed5n \u0111\u1ecbnh, tr\u00ecnh duy\u1ec7t l\u1ed7i ho\u1eb7c do h\u1ec7 th\u1ed1ng t\u1ea1m th\u1eddi qu\u00e1 t\u1ea3i. H\u00e3y l\u00e0m m\u1edbi trang v\u00e0 th\u1eed l\u1ea1i sau v\u00e0i ph\u00fat.<\/li>\n<\/ol>\n<p>N\u1ebfu b\u1ea1n g\u1eb7p v\u1ea5n \u0111\u1ec1 kh\u00f4ng th\u1ec3 x\u1eed l\u00fd, h\u00e3y li\u00ean h\u1ec7 ngay b\u1ed9 ph\u1eadn <strong>H\u1ed7 tr\u1ee3 tr\u1ef1c tuy\u1ebfn 24\/7<\/strong> c\u1ee7a Dafabet \u0111\u1ec3 \u0111\u01b0\u1ee3c h\u01b0\u1edbng d\u1eabn c\u1ee5 th\u1ec3.<\/p>\n","protected":false},"excerpt":{"rendered":"H\u01b0\u1edbng d\u1eabn \u0111\u0103ng k\u00fd Dafabet cho ng\u01b0\u1eddi m\u1edbi Dafabet l\u00e0 m\u1ed9t trong nh\u1eefng nh\u00e0 c\u00e1i tr\u1ef1c tuy\u1ebfn h\u00e0ng \u0111\u1ea7u ch\u00e2u \u00c1, cung c\u1ea5p n\u1ec1n t\u1ea3ng c\u00e1 c\u01b0\u1ee3c th\u1ec3 thao, casino v\u00e0 tr\u00f2 ch\u01a1i tr\u1ef1c tuy\u1ebfn ch\u1ea5t l\u01b0\u1ee3ng cao. N\u1ebfu b\u1ea1n ch\u01b0a c\u00f3 t\u00e0i kho\u1ea3n t\u1ea1i Dafabet, b\u00e0i vi\u1ebft n\u00e0y s\u1ebd h\u01b0\u1edbng d\u1eabn chi ti\u1ebft c\u00e1ch&#8230; <a class=\"view-article\" href=\"https:\/\/dafabetlogin.com\/vn\/dafabet-registration-vietnam\/\">View Article<\/a>","protected":false},"author":9,"featured_media":0,"parent":0,"menu_order":0,"comment_status":"closed","ping_status":"closed","template":"front-page.php","meta":{"_acf_changed":false,"yasr_overall_rating":0,"yasr_post_is_review":"","yasr_auto_insert_disabled":"","yasr_review_type":"","footnotes":""},"class_list":["post-12564","page","type-page","status-publish","hentry"],"acf":[],"yoast_head":"<!-- This site is optimized with the Yoast SEO plugin v27.3 - https:\/\/yoast.com\/product\/yoast-seo-wordpress\/ -->\n<title>H\u01b0\u1edbng d\u1eabn \u0111\u0103ng k\u00fd Dafabet cho ng\u01b0\u1eddi m\u1edbi<\/title>\n<meta name=\"description\" content=\"H\u01b0\u1edbng d\u1eabn chi ti\u1ebft c\u00e1ch \u0111\u0103ng k\u00fd t\u00e0i kho\u1ea3n Dafabet cho ng\u01b0\u1eddi m\u1edbi: \u0111i\u1ec1n th\u00f4ng tin, x\u1eed l\u00fd l\u1ed7i \u0111\u0103ng k\u00fd, nh\u1eadn \u01b0u \u0111\u00e3i v\u00e0 truy c\u1eadp nh\u00e0 c\u00e1i an to\u00e0n, nhanh ch\u00f3ng.\" \/>\n<meta name=\"robots\" content=\"index, follow, max-snippet:-1, max-image-preview:large, max-video-preview:-1\" \/>\n<link rel=\"canonical\" href=\"https:\/\/dafabetlogin.com\/vn\/dafabet-registration-vietnam\/\" \/>\n<meta property=\"og:locale\" content=\"en_US\" \/>\n<meta property=\"og:type\" content=\"article\" \/>\n<meta property=\"og:title\" content=\"H\u01b0\u1edbng d\u1eabn \u0111\u0103ng k\u00fd Dafabet cho ng\u01b0\u1eddi m\u1edbi\" \/>\n<meta property=\"og:description\" content=\"H\u01b0\u1edbng d\u1eabn chi ti\u1ebft c\u00e1ch \u0111\u0103ng k\u00fd t\u00e0i kho\u1ea3n Dafabet cho ng\u01b0\u1eddi m\u1edbi: \u0111i\u1ec1n th\u00f4ng tin, x\u1eed l\u00fd l\u1ed7i \u0111\u0103ng k\u00fd, nh\u1eadn \u01b0u \u0111\u00e3i v\u00e0 truy c\u1eadp nh\u00e0 c\u00e1i an to\u00e0n, nhanh ch\u00f3ng.\" \/>\n<meta property=\"og:url\" content=\"https:\/\/dafabetlogin.com\/vn\/dafabet-registration-vietnam\/\" \/>\n<meta property=\"og:site_name\" content=\"Dafabet Login VN\" \/>\n<meta property=\"og:image\" content=\"https:\/\/dafabetlogin.com\/vn\/wp-content\/uploads\/2025\/05\/dang-ky-dafabet-1-1.png\" \/>\n<meta name=\"twitter:card\" content=\"summary_large_image\" \/>\n<meta name=\"twitter:label1\" content=\"Est. reading time\" \/>\n\t<meta name=\"twitter:data1\" content=\"5 minutes\" \/>\n<script type=\"application\/ld+json\" class=\"yoast-schema-graph\">{\"@context\":\"https:\\\/\\\/schema.org\",\"@graph\":[{\"@type\":\"WebPage\",\"@id\":\"https:\\\/\\\/dafabetlogin.com\\\/vn\\\/dafabet-registration-vietnam\\\/\",\"url\":\"https:\\\/\\\/dafabetlogin.com\\\/vn\\\/dafabet-registration-vietnam\\\/\",\"name\":\"H\u01b0\u1edbng d\u1eabn \u0111\u0103ng k\u00fd Dafabet cho ng\u01b0\u1eddi m\u1edbi\",\"isPartOf\":{\"@id\":\"https:\\\/\\\/dafabetlogin.com\\\/vn\\\/#website\"},\"primaryImageOfPage\":{\"@id\":\"https:\\\/\\\/dafabetlogin.com\\\/vn\\\/dafabet-registration-vietnam\\\/#primaryimage\"},\"image\":{\"@id\":\"https:\\\/\\\/dafabetlogin.com\\\/vn\\\/dafabet-registration-vietnam\\\/#primaryimage\"},\"thumbnailUrl\":\"https:\\\/\\\/dafabetlogin.com\\\/vn\\\/wp-content\\\/uploads\\\/2025\\\/05\\\/dang-ky-dafabet-1-1.png\",\"datePublished\":\"2025-08-06T10:27:43+00:00\",\"description\":\"H\u01b0\u1edbng d\u1eabn chi ti\u1ebft c\u00e1ch \u0111\u0103ng k\u00fd t\u00e0i kho\u1ea3n Dafabet cho ng\u01b0\u1eddi m\u1edbi: \u0111i\u1ec1n th\u00f4ng tin, x\u1eed l\u00fd l\u1ed7i \u0111\u0103ng k\u00fd, nh\u1eadn \u01b0u \u0111\u00e3i v\u00e0 truy c\u1eadp nh\u00e0 c\u00e1i an to\u00e0n, nhanh ch\u00f3ng.\",\"breadcrumb\":{\"@id\":\"https:\\\/\\\/dafabetlogin.com\\\/vn\\\/dafabet-registration-vietnam\\\/#breadcrumb\"},\"inLanguage\":\"en-US\",\"potentialAction\":[{\"@type\":\"ReadAction\",\"target\":[\"https:\\\/\\\/dafabetlogin.com\\\/vn\\\/dafabet-registration-vietnam\\\/\"]}]},{\"@type\":\"ImageObject\",\"inLanguage\":\"en-US\",\"@id\":\"https:\\\/\\\/dafabetlogin.com\\\/vn\\\/dafabet-registration-vietnam\\\/#primaryimage\",\"url\":\"https:\\\/\\\/dafabetlogin.com\\\/vn\\\/wp-content\\\/uploads\\\/2025\\\/05\\\/dang-ky-dafabet-1-1.png\",\"contentUrl\":\"https:\\\/\\\/dafabetlogin.com\\\/vn\\\/wp-content\\\/uploads\\\/2025\\\/05\\\/dang-ky-dafabet-1-1.png\",\"width\":1386,\"height\":425,\"caption\":\"\u0111\u0103ng k\u00fd dafabet\"},{\"@type\":\"BreadcrumbList\",\"@id\":\"https:\\\/\\\/dafabetlogin.com\\\/vn\\\/dafabet-registration-vietnam\\\/#breadcrumb\",\"itemListElement\":[{\"@type\":\"ListItem\",\"position\":1,\"name\":\"Home\",\"item\":\"https:\\\/\\\/dafabetlogin.com\\\/vn\\\/\"},{\"@type\":\"ListItem\",\"position\":2,\"name\":\"Dafabet Registration Vietnam\"}]},{\"@type\":\"WebSite\",\"@id\":\"https:\\\/\\\/dafabetlogin.com\\\/vn\\\/#website\",\"url\":\"https:\\\/\\\/dafabetlogin.com\\\/vn\\\/\",\"name\":\"Dafabet Login VN\",\"description\":\"Dafabet l\u00e0 nh\u00e0 c\u00e1i s\u1ed1 1 Ch\u00e2u \u00c1. Dafabet.tips h\u01b0\u1edbng d\u1eabn c\u00e1c b\u1ea1n c\u00e1ch tham gia v\u00e0o Dafabet, m\u1eb9o chi\u1ebfn th\u1eafng khi ch\u01a1i c\u00e1 c\u01b0\u1ee3c online\",\"potentialAction\":[{\"@type\":\"SearchAction\",\"target\":{\"@type\":\"EntryPoint\",\"urlTemplate\":\"https:\\\/\\\/dafabetlogin.com\\\/vn\\\/?s={search_term_string}\"},\"query-input\":{\"@type\":\"PropertyValueSpecification\",\"valueRequired\":true,\"valueName\":\"search_term_string\"}}],\"inLanguage\":\"en-US\"},false]}<\/script>\n<!-- \/ Yoast SEO plugin. -->","yoast_head_json":{"title":"H\u01b0\u1edbng d\u1eabn \u0111\u0103ng k\u00fd Dafabet cho ng\u01b0\u1eddi m\u1edbi","description":"H\u01b0\u1edbng d\u1eabn chi ti\u1ebft c\u00e1ch \u0111\u0103ng k\u00fd t\u00e0i kho\u1ea3n Dafabet cho ng\u01b0\u1eddi m\u1edbi: \u0111i\u1ec1n th\u00f4ng tin, x\u1eed l\u00fd l\u1ed7i \u0111\u0103ng k\u00fd, nh\u1eadn \u01b0u \u0111\u00e3i v\u00e0 truy c\u1eadp nh\u00e0 c\u00e1i an to\u00e0n, nhanh ch\u00f3ng.","robots":{"index":"index","follow":"follow","max-snippet":"max-snippet:-1","max-image-preview":"max-image-preview:large","max-video-preview":"max-video-preview:-1"},"canonical":"https:\/\/dafabetlogin.com\/vn\/dafabet-registration-vietnam\/","og_locale":"en_US","og_type":"article","og_title":"H\u01b0\u1edbng d\u1eabn \u0111\u0103ng k\u00fd Dafabet cho ng\u01b0\u1eddi m\u1edbi","og_description":"H\u01b0\u1edbng d\u1eabn chi ti\u1ebft c\u00e1ch \u0111\u0103ng k\u00fd t\u00e0i kho\u1ea3n Dafabet cho ng\u01b0\u1eddi m\u1edbi: \u0111i\u1ec1n th\u00f4ng tin, x\u1eed l\u00fd l\u1ed7i \u0111\u0103ng k\u00fd, nh\u1eadn \u01b0u \u0111\u00e3i v\u00e0 truy c\u1eadp nh\u00e0 c\u00e1i an to\u00e0n, nhanh ch\u00f3ng.","og_url":"https:\/\/dafabetlogin.com\/vn\/dafabet-registration-vietnam\/","og_site_name":"Dafabet Login VN","og_image":[{"url":"https:\/\/dafabetlogin.com\/vn\/wp-content\/uploads\/2025\/05\/dang-ky-dafabet-1-1.png","type":"","width":"","height":""}],"twitter_card":"summary_large_image","twitter_misc":{"Est. reading time":"5 minutes"},"schema":{"@context":"https:\/\/schema.org","@graph":[{"@type":"WebPage","@id":"https:\/\/dafabetlogin.com\/vn\/dafabet-registration-vietnam\/","url":"https:\/\/dafabetlogin.com\/vn\/dafabet-registration-vietnam\/","name":"H\u01b0\u1edbng d\u1eabn \u0111\u0103ng k\u00fd Dafabet cho ng\u01b0\u1eddi m\u1edbi","isPartOf":{"@id":"https:\/\/dafabetlogin.com\/vn\/#website"},"primaryImageOfPage":{"@id":"https:\/\/dafabetlogin.com\/vn\/dafabet-registration-vietnam\/#primaryimage"},"image":{"@id":"https:\/\/dafabetlogin.com\/vn\/dafabet-registration-vietnam\/#primaryimage"},"thumbnailUrl":"https:\/\/dafabetlogin.com\/vn\/wp-content\/uploads\/2025\/05\/dang-ky-dafabet-1-1.png","datePublished":"2025-08-06T10:27:43+00:00","description":"H\u01b0\u1edbng d\u1eabn chi ti\u1ebft c\u00e1ch \u0111\u0103ng k\u00fd t\u00e0i kho\u1ea3n Dafabet cho ng\u01b0\u1eddi m\u1edbi: \u0111i\u1ec1n th\u00f4ng tin, x\u1eed l\u00fd l\u1ed7i \u0111\u0103ng k\u00fd, nh\u1eadn \u01b0u \u0111\u00e3i v\u00e0 truy c\u1eadp nh\u00e0 c\u00e1i an to\u00e0n, nhanh ch\u00f3ng.","breadcrumb":{"@id":"https:\/\/dafabetlogin.com\/vn\/dafabet-registration-vietnam\/#breadcrumb"},"inLanguage":"en-US","potentialAction":[{"@type":"ReadAction","target":["https:\/\/dafabetlogin.com\/vn\/dafabet-registration-vietnam\/"]}]},{"@type":"ImageObject","inLanguage":"en-US","@id":"https:\/\/dafabetlogin.com\/vn\/dafabet-registration-vietnam\/#primaryimage","url":"https:\/\/dafabetlogin.com\/vn\/wp-content\/uploads\/2025\/05\/dang-ky-dafabet-1-1.png","contentUrl":"https:\/\/dafabetlogin.com\/vn\/wp-content\/uploads\/2025\/05\/dang-ky-dafabet-1-1.png","width":1386,"height":425,"caption":"\u0111\u0103ng k\u00fd dafabet"},{"@type":"BreadcrumbList","@id":"https:\/\/dafabetlogin.com\/vn\/dafabet-registration-vietnam\/#breadcrumb","itemListElement":[{"@type":"ListItem","position":1,"name":"Home","item":"https:\/\/dafabetlogin.com\/vn\/"},{"@type":"ListItem","position":2,"name":"Dafabet Registration Vietnam"}]},{"@type":"WebSite","@id":"https:\/\/dafabetlogin.com\/vn\/#website","url":"https:\/\/dafabetlogin.com\/vn\/","name":"Dafabet Login VN","description":"Dafabet l\u00e0 nh\u00e0 c\u00e1i s\u1ed1 1 Ch\u00e2u \u00c1. Dafabet.tips h\u01b0\u1edbng d\u1eabn c\u00e1c b\u1ea1n c\u00e1ch tham gia v\u00e0o Dafabet, m\u1eb9o chi\u1ebfn th\u1eafng khi ch\u01a1i c\u00e1 c\u01b0\u1ee3c online","potentialAction":[{"@type":"SearchAction","target":{"@type":"EntryPoint","urlTemplate":"https:\/\/dafabetlogin.com\/vn\/?s={search_term_string}"},"query-input":{"@type":"PropertyValueSpecification","valueRequired":true,"valueName":"search_term_string"}}],"inLanguage":"en-US"},false]}},"yasr_visitor_votes":{"stars_attributes":{"read_only":false,"span_bottom":false},"number_of_votes":0,"sum_votes":0},"_links":{"self":[{"href":"https:\/\/dafabetlogin.com\/vn\/wp-json\/wp\/v2\/pages\/12564","targetHints":{"allow":["GET"]}}],"collection":[{"href":"https:\/\/dafabetlogin.com\/vn\/wp-json\/wp\/v2\/pages"}],"about":[{"href":"https:\/\/dafabetlogin.com\/vn\/wp-json\/wp\/v2\/types\/page"}],"author":[{"embeddable":true,"href":"https:\/\/dafabetlogin.com\/vn\/wp-json\/wp\/v2\/users\/9"}],"replies":[{"embeddable":true,"href":"https:\/\/dafabetlogin.com\/vn\/wp-json\/wp\/v2\/comments?post=12564"}],"version-history":[{"count":3,"href":"https:\/\/dafabetlogin.com\/vn\/wp-json\/wp\/v2\/pages\/12564\/revisions"}],"predecessor-version":[{"id":12614,"href":"https:\/\/dafabetlogin.com\/vn\/wp-json\/wp\/v2\/pages\/12564\/revisions\/12614"}],"wp:attachment":[{"href":"https:\/\/dafabetlogin.com\/vn\/wp-json\/wp\/v2\/media?parent=12564"}],"curies":[{"name":"wp","href":"https:\/\/api.w.org\/{rel}","templated":true}]}}