{"id":12558,"date":"2025-08-06T17:25:58","date_gmt":"2025-08-06T10:25:58","guid":{"rendered":"https:\/\/dafabetlogin.com\/vn\/?page_id=12558"},"modified":"2025-10-15T22:33:51","modified_gmt":"2025-10-15T15:33:51","slug":"dafabet-login-vietnam","status":"publish","type":"page","link":"https:\/\/dafabetlogin.com\/vn\/dafabet-login-vietnam\/","title":{"rendered":"Dafabet Login Vietnam"},"content":{"rendered":"<h1 style=\"text-align: center;\"><strong>H\u01b0\u1edbng d\u1eabn \u0111\u0103ng nh\u1eadp Dafabet kh\u00f4ng b\u1ecb ch\u1eb7n<\/strong><\/h1>\n<p><strong>Dafabet<\/strong> l\u00e0 m\u1ed9t trong nh\u1eefng nh\u00e0 c\u00e1i c\u00e1 c\u01b0\u1ee3c tr\u1ef1c tuy\u1ebfn h\u00e0ng \u0111\u1ea7u ch\u00e2u \u00c1, \u0111\u1eb7c bi\u1ec7t ph\u1ed5 bi\u1ebfn t\u1ea1i th\u1ecb tr\u01b0\u1eddng Vi\u1ec7t Nam v\u1edbi c\u00e1c s\u1ea3n ph\u1ea9m th\u1ec3 thao, casino, v\u00e0 slot game h\u1ea5p d\u1eabn. Tuy nhi\u00ean, nhi\u1ec1u ng\u01b0\u1eddi ch\u01a1i \u2013 \u0111\u1eb7c bi\u1ec7t l\u00e0 ng\u01b0\u1eddi m\u1edbi \u2013 th\u01b0\u1eddng g\u1eb7p kh\u00f3 kh\u0103n trong qu\u00e1 tr\u00ecnh <strong>\u0111\u0103ng nh\u1eadp Dafabet<\/strong>, nh\u1ea5t l\u00e0 khi b\u1ecb ch\u1eb7n truy c\u1eadp ho\u1eb7c qu\u00ean th\u00f4ng tin t\u00e0i kho\u1ea3n.<\/p>\n<p>B\u00e0i vi\u1ebft n\u00e0y s\u1ebd h\u01b0\u1edbng d\u1eabn b\u1ea1n c\u00e1ch <strong>\u0111\u0103ng nh\u1eadp Dafabet<\/strong> nhanh ch\u00f3ng v\u00e0 an to\u00e0n, c\u00e1ch kh\u1eafc ph\u1ee5c s\u1ef1 c\u1ed1 ph\u1ed5 bi\u1ebfn, v\u00e0 cung c\u1ea5p <strong>link \u0111\u0103ng nh\u1eadp Dafabet<\/strong> ch\u00ednh x\u00e1c, c\u1eadp nh\u1eadt li\u00ean t\u1ee5c.<\/p>\n<p style=\"text-align: center;\">    <div class=\"dafabet-cta-wrapper\">\n        <a class=\"dafabet-cta-button\" href=\"https:\/\/dafa07.net\/VNDF?btag=654470_VNDLDFSBT0000&#038;utm_source=654470&#038;utm_medium=SEO&#038;utm_campaign=0000\" target=\"_blank\" rel=\"noopener noreferrer\">\n            <span class=\"cta-text\">JOIN NOW<\/span>\n            <img decoding=\"async\" class=\"cta-logo\" src=\"https:\/\/dafabetlogin.com\/vn\/wp-content\/uploads\/2025\/06\/logo-dafabet.png\" alt=\"Dafabet\" \/>\n        <\/a>\n    <\/div>\n    <\/p>\n<h2><strong>Truy c\u1eadp \u0111\u00fang website ch\u00ednh th\u1ee9c c\u1ee7a Dafabet<\/strong><\/h2>\n<p>M\u1ed9t trong nh\u1eefng v\u1ea5n \u0111\u1ec1 l\u1edbn nh\u1ea5t l\u00e0 ng\u01b0\u1eddi ch\u01a1i v\u00e0o nh\u1ea7m trang gi\u1ea3 m\u1ea1o, khi\u1ebfn t\u00e0i kho\u1ea3n b\u1ecb m\u1ea5t ho\u1eb7c kh\u00f4ng th\u1ec3 \u0111\u0103ng nh\u1eadp. V\u00ec v\u1eady, \u0111i\u1ec1u \u0111\u1ea7u ti\u00ean b\u1ea1n c\u1ea7n l\u00e0m l\u00e0 <strong>ch\u1eafc ch\u1eafn b\u1ea1n \u0111ang truy c\u1eadp \u0111\u00fang website<\/strong>.<\/p>\n<p><strong>Link \u0111\u0103ng nh\u1eadp Dafabet m\u1edbi nh\u1ea5t<\/strong>:<br \/>\n\ud83d\udc49 <strong>https:\/\/dafasportvn.com\/vn?btag=654470_VNDLDFSBT0000\u00a0<\/strong><\/p>\n<p>Link n\u00e0y l\u00e0 \u0111\u01b0\u1eddng d\u1eabn ch\u00ednh th\u1ee9c \u0111\u01b0\u1ee3c s\u1eed d\u1ee5ng t\u1ea1i Vi\u1ec7t Nam, \u0111\u1ea3m b\u1ea3o kh\u00f4ng b\u1ecb ch\u1eb7n b\u1edfi nh\u00e0 m\u1ea1ng v\u00e0 an to\u00e0n tuy\u1ec7t \u0111\u1ed1i.<\/p>\n<h2><strong>C\u00e1c b\u01b0\u1edbc \u0111\u0103ng nh\u1eadp Dafabet<\/strong><\/h2>\n<p><img loading=\"lazy\" decoding=\"async\" width=\"1387\" height=\"600\" class=\"aligncenter size-full wp-image-12560\" src=\"https:\/\/dafabetlogin.com\/vn\/wp-content\/uploads\/2025\/05\/dafabet-dang-nhap.jpg\" alt=\"dafabet \u0111\u0103ng nh\u1eadp\" srcset=\"https:\/\/dafabetlogin.com\/vn\/wp-content\/uploads\/2025\/05\/dafabet-dang-nhap.jpg 1387w, https:\/\/dafabetlogin.com\/vn\/wp-content\/uploads\/2025\/05\/dafabet-dang-nhap-250x108.jpg 250w, https:\/\/dafabetlogin.com\/vn\/wp-content\/uploads\/2025\/05\/dafabet-dang-nhap-700x303.jpg 700w, https:\/\/dafabetlogin.com\/vn\/wp-content\/uploads\/2025\/05\/dafabet-dang-nhap-768x332.jpg 768w, https:\/\/dafabetlogin.com\/vn\/wp-content\/uploads\/2025\/05\/dafabet-dang-nhap-120x52.jpg 120w\" sizes=\"auto, (max-width: 1387px) 100vw, 1387px\" \/><\/p>\n<p>Khi truy c\u1eadp \u0111\u00fang website, b\u1ea1n s\u1ebd th\u1ea5y giao di\u1ec7n nh\u01b0 h\u00ecnh \u0111\u1ea7u ti\u00ean b\u1ea1n cung c\u1ea5p \u2013 bao g\u1ed3m c\u00e1c m\u1ee5c \u201cTh\u1ec3 Thao OW\u201d, \u201cCasino\u201d, \u201cTr\u00f2 ch\u01a1i\u201d, v\u00e0 hai n\u00fat r\u00f5 r\u00e0ng \u1edf g\u00f3c tr\u00ean b\u00ean ph\u1ea3i:<\/p>\n<ul>\n<li><strong>[\u0110\u0102NG NH\u1eacP]<\/strong><\/li>\n<li><strong>[THAM GIA NGAY]<\/strong><\/li>\n<\/ul>\n<p><strong>B\u01b0\u1edbc 1: Nh\u1ea5n v\u00e0o n\u00fat \u201c\u0110\u0103ng nh\u1eadp\u201d<\/strong><\/p>\n<p>\u1ede g\u00f3c tr\u00ean b\u00ean ph\u1ea3i, b\u1ea1n s\u1ebd th\u1ea5y \u00f4 \u201cUsername\u201d v\u00e0 \u201cM\u1eadt kh\u1ea9u\u201d. Nh\u1eadp th\u00f4ng tin \u0111\u0103ng nh\u1eadp m\u00e0 b\u1ea1n \u0111\u00e3 t\u1ea1o khi \u0111\u0103ng k\u00fd t\u00e0i kho\u1ea3n.<\/p>\n<ul>\n<li><strong>T\u00ean \u0111\u0103ng nh\u1eadp<\/strong>: th\u01b0\u1eddng l\u00e0 chu\u1ed7i k\u00fd t\u1ef1 b\u1ea1n t\u1ef1 \u0111\u1eb7t<\/li>\n<li><strong>M\u1eadt kh\u1ea9u<\/strong>: ph\u1ea3i ph\u00e2n bi\u1ec7t ch\u1eef hoa\/th\u01b0\u1eddng<\/li>\n<\/ul>\n<p><em>M\u1eb9o:<\/em> Tick v\u00e0o bi\u1ec3u t\u01b0\u1ee3ng con m\u1eaft \u0111\u1ec3 xem m\u1eadt kh\u1ea9u n\u1ebfu mu\u1ed1n ch\u1eafc ch\u1eafn r\u1eb1ng b\u1ea1n g\u00f5 \u0111\u00fang.<\/p>\n<p><strong>B\u01b0\u1edbc 2: Nh\u1ea5n \u201c\u0110\u0103ng nh\u1eadp\u201d<\/strong><\/p>\n<p>Sau khi nh\u1eadp xong th\u00f4ng tin, nh\u1ea5n n\u00fat <strong>[\u0110\u0102NG NH\u1eacP]<\/strong> \u0111\u1ec3 ho\u00e0n t\u1ea5t. N\u1ebfu th\u00f4ng tin \u0111\u00fang, b\u1ea1n s\u1ebd \u0111\u01b0\u1ee3c chuy\u1ec3n v\u00e0o trang qu\u1ea3n l\u00fd t\u00e0i kho\u1ea3n c\u00e1 nh\u00e2n, n\u01a1i c\u00f3 th\u1ec3 n\u1ea1p ti\u1ec1n, \u0111\u1eb7t c\u01b0\u1ee3c, nh\u1eadn khuy\u1ebfn m\u00e3i\u2026<\/p>\n<h2><strong>Qu\u00ean m\u1eadt kh\u1ea9u ho\u1eb7c t\u00ean \u0111\u0103ng nh\u1eadp?<\/strong><\/h2>\n<p>\u0110\u00e2y l\u00e0 t\u00ecnh hu\u1ed1ng ph\u1ed5 bi\u1ebfn v\u1edbi ng\u01b0\u1eddi ch\u01a1i l\u00e2u ng\u00e0y kh\u00f4ng truy c\u1eadp. R\u1ea5t may, <strong>Dafabet c\u00f3 h\u1ec7 th\u1ed1ng kh\u00f4i ph\u1ee5c c\u1ef1c k\u1ef3 \u0111\u01a1n gi\u1ea3n v\u00e0 tr\u1ef1c quan.<\/strong><\/p>\n<p>T\u1eeb m\u00e0n h\u00ecnh \u0111\u0103ng nh\u1eadp, b\u1ea1n nh\u1ea5n v\u00e0o d\u00f2ng nh\u1ecf ph\u00eda d\u01b0\u1edbi n\u00fat \u0111\u0103ng nh\u1eadp:<br \/>\n<strong>\u201cKh\u00f4ng th\u1ec3 \u0111\u0103ng nh\u1eadp?\u201d<\/strong><\/p>\n<p>B\u1ea1n s\u1ebd \u0111\u01b0\u1ee3c chuy\u1ec3n \u0111\u1ebfn giao di\u1ec7n nh\u01b0 \u1ea3nh s\u1ed1 2 v\u00e0 s\u1ed1 3 b\u1ea1n \u0111\u00e3 cung c\u1ea5p, v\u1edbi hai l\u1ef1a ch\u1ecdn:<\/p>\n<ul>\n<li><strong>Qu\u00ean M\u1eadt Kh\u1ea9u?<\/strong><\/li>\n<li><strong>Qu\u00ean T\u00ean \u0110\u0103ng Nh\u1eadp?<\/strong><\/li>\n<\/ul>\n<p><strong>Tr\u01b0\u1eddng h\u1ee3p 1: Kh\u00f4i ph\u1ee5c m\u1eadt kh\u1ea9u<\/strong><\/p>\n<p><img loading=\"lazy\" decoding=\"async\" class=\"aligncenter wp-image-12561\" src=\"https:\/\/dafabetlogin.com\/vn\/wp-content\/uploads\/2025\/05\/dafabet-login.png\" alt=\"dafabet login\" width=\"736\" height=\"459\" srcset=\"https:\/\/dafabetlogin.com\/vn\/wp-content\/uploads\/2025\/05\/dafabet-login.png 1222w, https:\/\/dafabetlogin.com\/vn\/wp-content\/uploads\/2025\/05\/dafabet-login-250x156.png 250w, https:\/\/dafabetlogin.com\/vn\/wp-content\/uploads\/2025\/05\/dafabet-login-700x436.png 700w, https:\/\/dafabetlogin.com\/vn\/wp-content\/uploads\/2025\/05\/dafabet-login-768x479.png 768w, https:\/\/dafabetlogin.com\/vn\/wp-content\/uploads\/2025\/05\/dafabet-login-120x75.png 120w\" sizes=\"auto, (max-width: 736px) 100vw, 736px\" \/><\/p>\n<ol>\n<li>Ch\u1ecdn m\u1ee5c <strong>\u201cQu\u00ean M\u1eadt Kh\u1ea9u?\u201d<\/strong><\/li>\n<li>Nh\u1eadp:\n<ul>\n<li><strong>T\u00ean \u0111\u0103ng nh\u1eadp<\/strong><\/li>\n<li><strong>\u0110\u1ecba ch\u1ec9 email \u0111\u00e3 \u0111\u0103ng k\u00fd<\/strong><\/li>\n<\/ul>\n<\/li>\n<li>Nh\u1ea5n n\u00fat <strong>[G\u1eecI]<\/strong><\/li>\n<li>H\u1ec7 th\u1ed1ng s\u1ebd g\u1eedi email x\u00e1c nh\u1eadn k\u00e8m h\u01b0\u1edbng d\u1eabn t\u1ea1o m\u1eadt kh\u1ea9u m\u1edbi.<\/li>\n<\/ol>\n<p><strong>Tr\u01b0\u1eddng h\u1ee3p 2: Qu\u00ean t\u00ean \u0111\u0103ng nh\u1eadp<\/strong><\/p>\n<p><img loading=\"lazy\" decoding=\"async\" class=\"aligncenter wp-image-12562\" src=\"https:\/\/dafabetlogin.com\/vn\/wp-content\/uploads\/2025\/05\/dafabet-dang-nhap-ten.png\" alt=\"Dafabet \u0111\u0103ng nh\u1eadp t\u00ean\" width=\"744\" height=\"413\" srcset=\"https:\/\/dafabetlogin.com\/vn\/wp-content\/uploads\/2025\/05\/dafabet-dang-nhap-ten.png 1222w, https:\/\/dafabetlogin.com\/vn\/wp-content\/uploads\/2025\/05\/dafabet-dang-nhap-ten-250x139.png 250w, https:\/\/dafabetlogin.com\/vn\/wp-content\/uploads\/2025\/05\/dafabet-dang-nhap-ten-700x388.png 700w, https:\/\/dafabetlogin.com\/vn\/wp-content\/uploads\/2025\/05\/dafabet-dang-nhap-ten-768x426.png 768w, https:\/\/dafabetlogin.com\/vn\/wp-content\/uploads\/2025\/05\/dafabet-dang-nhap-ten-120x67.png 120w\" sizes=\"auto, (max-width: 744px) 100vw, 744px\" \/><\/p>\n<ol>\n<li>Ch\u1ecdn tab <strong>\u201cQu\u00ean T\u00ean \u0110\u0103ng Nh\u1eadp?\u201d<\/strong><\/li>\n<li>Nh\u1eadp:\n<ul>\n<li><strong>\u0110\u1ecba ch\u1ec9 email<\/strong><\/li>\n<\/ul>\n<\/li>\n<li>Nh\u1ea5n <strong>[G\u1eecI]<\/strong><\/li>\n<li>Email ch\u1ee9a t\u00ean \u0111\u0103ng nh\u1eadp s\u1ebd \u0111\u01b0\u1ee3c g\u1eedi \u0111\u1ebfn b\u1ea1n.<\/li>\n<\/ol>\n<p><em>L\u01b0u \u00fd:<\/em> Ki\u1ec3m tra c\u1ea3 h\u1ed9p th\u01b0 r\u00e1c (spam\/junk mail) n\u1ebfu kh\u00f4ng th\u1ea5y email trong 5 ph\u00fat.<\/p>\n<h2><strong>H\u01b0\u1edbng d\u1eabn \u0111\u0103ng nh\u1eadp link Dafabet kh\u00f4ng b\u1ecb ch\u1eb7n?<\/strong><\/h2>\n<p>M\u1ed9t s\u1ed1 nh\u00e0 m\u1ea1ng t\u1ea1i Vi\u1ec7t Nam ch\u1eb7n \u0111\u01b0\u1eddng d\u1eabn \u0111\u1ebfn c\u00e1c trang c\u00e1 c\u01b0\u1ee3c qu\u1ed1c t\u1ebf. \u0110\u1ec3 x\u1eed l\u00fd:<\/p>\n<p><strong>C\u00e1ch 1: \u0110\u1ed5i DNS<\/strong><\/p>\n<p>Tr\u00ean m\u00e1y t\u00ednh:<\/p>\n<ul>\n<li>V\u00e0o ph\u1ea7n \u201cC\u00e0i \u0111\u1eb7t m\u1ea1ng\u201d<\/li>\n<li>\u0110\u1ed5i DNS th\u00e0nh:\n<ul>\n<li><strong>1.1.1.1<\/strong> ho\u1eb7c <strong>8.8.8.8<\/strong><\/li>\n<\/ul>\n<\/li>\n<\/ul>\n<p>Tr\u00ean \u0111i\u1ec7n tho\u1ea1i:<\/p>\n<ul>\n<li>V\u00e0o ph\u1ea7n Wi-Fi \u2192 s\u1eeda DNS theo h\u01b0\u1edbng d\u1eabn t\u01b0\u01a1ng t\u1ef1<\/li>\n<\/ul>\n<p><strong>C\u00e1ch 2: D\u00f9ng tr\u00ecnh duy\u1ec7t c\u00f3 VPN (nh\u01b0 Opera)<\/strong><\/p>\n<ul>\n<li>Opera c\u00f3 s\u1eb5n t\u00ednh n\u0103ng VPN mi\u1ec5n ph\u00ed, c\u00f3 th\u1ec3 b\u1eadt t\u1eaft d\u1ec5 d\u00e0ng<\/li>\n<li>Sau khi b\u1eadt VPN, truy c\u1eadp l\u1ea1i link Dafabet<\/li>\n<\/ul>\n<p><strong>C\u00e1ch 3: T\u1ea3i \u1ee9ng d\u1ee5ng Dafabet<\/strong><\/p>\n<p>\u1ee8ng d\u1ee5ng Dafabet cho Android\/iOS gi\u00fap b\u1ea1n:<\/p>\n<ul>\n<li>V\u01b0\u1ee3t ch\u1eb7n t\u1ef1 \u0111\u1ed9ng<\/li>\n<li>\u0110\u0103ng nh\u1eadp m\u1ed9t l\u1ea7n v\u00e0 duy tr\u00ec tr\u1ea1ng th\u00e1i<\/li>\n<li>Nh\u1eadn th\u00f4ng b\u00e1o khuy\u1ebfn m\u00e3i s\u1edbm<\/li>\n<\/ul>\n<p>Link t\u1ea3i th\u01b0\u1eddng n\u1eb1m \u1edf ph\u1ea7n d\u01b0\u1edbi c\u00f9ng c\u1ee7a website ho\u1eb7c trong m\u1ee5c \u201cDi \u0111\u1ed9ng\u201d tr\u00ean thanh menu.<\/p>\n<p style=\"text-align: center;\">    <div class=\"dafabet-cta-wrapper\">\n        <a class=\"dafabet-cta-button\" href=\"https:\/\/dafa07.net\/VNDF?btag=654470_VNDLDFSBT0000&#038;utm_source=654470&#038;utm_medium=SEO&#038;utm_campaign=0000\" target=\"_blank\" rel=\"noopener noreferrer\">\n            <span class=\"cta-text\">JOIN NOW<\/span>\n            <img decoding=\"async\" class=\"cta-logo\" src=\"https:\/\/dafabetlogin.com\/vn\/wp-content\/uploads\/2025\/06\/logo-dafabet.png\" alt=\"Dafabet\" \/>\n        <\/a>\n    <\/div>\n    <\/p>\n<h2><strong>M\u1ed9t s\u1ed1 l\u1ed7i \u0111\u0103ng nh\u1eadp ph\u1ed5 bi\u1ebfn v\u00e0 c\u00e1ch kh\u1eafc ph\u1ee5c<\/strong><\/h2>\n<ol>\n<li><strong> Th\u00f4ng tin \u0111\u0103ng nh\u1eadp kh\u00f4ng ch\u00ednh x\u00e1c:<\/strong><br \/>\n\u0110\u00e2y l\u00e0 l\u1ed7i th\u01b0\u1eddng g\u1eb7p nh\u1ea5t, th\u01b0\u1eddng x\u1ea3y ra khi b\u1ea1n nh\u1eadp sai t\u00ean \u0111\u0103ng nh\u1eadp ho\u1eb7c m\u1eadt kh\u1ea9u. \u0110\u1ec3 kh\u1eafc ph\u1ee5c, h\u00e3y ki\u1ec3m tra k\u1ef9 \u0111\u1ecbnh d\u1ea1ng ch\u1eef hoa, ch\u1eef th\u01b0\u1eddng, k\u00fd t\u1ef1 \u0111\u1eb7c bi\u1ec7t v\u00e0 s\u1ed1. \u0110\u1ea3m b\u1ea3o b\u1ea1n kh\u00f4ng b\u1eadt ch\u1ebf \u0111\u1ed9 g\u00f5 ti\u1ebfng Vi\u1ec7t ho\u1eb7c nh\u1eadp nh\u1ea7m b\u00e0n ph\u00edm.<\/li>\n<li><strong> T\u00e0i kho\u1ea3n b\u1ecb kh\u00f3a:<\/strong><br \/>\nKhi b\u1ea1n nh\u1eadp sai th\u00f4ng tin qu\u00e1 nhi\u1ec1u l\u1ea7n li\u00ean ti\u1ebfp, h\u1ec7 th\u1ed1ng s\u1ebd t\u1ef1 \u0111\u1ed9ng kh\u00f3a t\u00e0i kho\u1ea3n t\u1ea1m th\u1eddi \u0111\u1ec3 b\u1ea3o v\u1ec7. Trong tr\u01b0\u1eddng h\u1ee3p n\u00e0y, b\u1ea1n n\u00ean \u0111\u1ee3i kho\u1ea3ng 15 ph\u00fat tr\u01b0\u1edbc khi th\u1eed l\u1ea1i. N\u1ebfu v\u1eabn kh\u00f4ng th\u1ec3 truy c\u1eadp, h\u00e3y li\u00ean h\u1ec7 b\u1ed9 ph\u1eadn h\u1ed7 tr\u1ee3 \u0111\u1ec3 \u0111\u01b0\u1ee3c m\u1edf kh\u00f3a.<\/li>\n<li><strong> Kh\u00f4ng th\u1ec3 truy c\u1eadp website:<\/strong><br \/>\n\u0110\u00e2y l\u00e0 l\u1ed7i x\u1ea3y ra khi \u0111\u01b0\u1eddng d\u1eabn \u0111\u1ebfn Dafabet b\u1ecb ch\u1eb7n b\u1edfi nh\u00e0 m\u1ea1ng ho\u1eb7c b\u1ea1n \u0111ang d\u00f9ng link c\u0169\/sai. \u0110\u1ec3 x\u1eed l\u00fd, b\u1ea1n c\u00f3 th\u1ec3 s\u1eed d\u1ee5ng <strong>link d\u1ef1 ph\u00f2ng<\/strong>, \u0111\u1ed5i <strong>DNS<\/strong> tr\u00ean thi\u1ebft b\u1ecb ho\u1eb7c d\u00f9ng <strong>VPN<\/strong> \u0111\u1ec3 v\u01b0\u1ee3t t\u01b0\u1eddng l\u1eeda.<\/li>\n<li><strong> Kh\u00f4ng nh\u1eadn \u0111\u01b0\u1ee3c email kh\u00f4i ph\u1ee5c:<\/strong><br \/>\nN\u1ebfu b\u1ea1n \u0111\u00e3 y\u00eau c\u1ea7u \u0111\u1eb7t l\u1ea1i m\u1eadt kh\u1ea9u ho\u1eb7c t\u00ean \u0111\u0103ng nh\u1eadp nh\u01b0ng kh\u00f4ng th\u1ea5y email x\u00e1c nh\u1eadn, r\u1ea5t c\u00f3 th\u1ec3 th\u01b0 \u0111\u00e3 r\u01a1i v\u00e0o h\u1ed9p th\u01b0 r\u00e1c (spam). H\u00e3y ki\u1ec3m tra k\u1ef9 c\u00e1c m\u1ee5c trong h\u1ed9p th\u01b0 c\u1ee7a b\u1ea1n. N\u1ebfu v\u1eabn kh\u00f4ng c\u00f3, h\u00e3y ch\u1edd v\u00e0i ph\u00fat v\u00e0 th\u1eed g\u1eedi l\u1ea1i y\u00eau c\u1ea7u kh\u00f4i ph\u1ee5c.<\/li>\n<\/ol>\n<p>&nbsp;<\/p>\n<p>&nbsp;<\/p>\n","protected":false},"excerpt":{"rendered":"H\u01b0\u1edbng d\u1eabn \u0111\u0103ng nh\u1eadp Dafabet kh\u00f4ng b\u1ecb ch\u1eb7n Dafabet l\u00e0 m\u1ed9t trong nh\u1eefng nh\u00e0 c\u00e1i c\u00e1 c\u01b0\u1ee3c tr\u1ef1c tuy\u1ebfn h\u00e0ng \u0111\u1ea7u ch\u00e2u \u00c1, \u0111\u1eb7c bi\u1ec7t ph\u1ed5 bi\u1ebfn t\u1ea1i th\u1ecb tr\u01b0\u1eddng Vi\u1ec7t Nam v\u1edbi c\u00e1c s\u1ea3n ph\u1ea9m th\u1ec3 thao, casino, v\u00e0 slot game h\u1ea5p d\u1eabn. Tuy nhi\u00ean, nhi\u1ec1u ng\u01b0\u1eddi ch\u01a1i \u2013 \u0111\u1eb7c bi\u1ec7t l\u00e0 ng\u01b0\u1eddi m\u1edbi&#8230; <a class=\"view-article\" href=\"https:\/\/dafabetlogin.com\/vn\/dafabet-login-vietnam\/\">View Article<\/a>","protected":false},"author":9,"featured_media":0,"parent":0,"menu_order":0,"comment_status":"closed","ping_status":"closed","template":"front-page.php","meta":{"_acf_changed":false,"yasr_overall_rating":0,"yasr_post_is_review":"","yasr_auto_insert_disabled":"","yasr_review_type":"","footnotes":""},"class_list":["post-12558","page","type-page","status-publish","hentry"],"acf":[],"yoast_head":"<!-- This site is optimized with the Yoast SEO plugin v27.3 - https:\/\/yoast.com\/product\/yoast-seo-wordpress\/ -->\n<title>H\u01b0\u1edbng d\u1eabn \u0111\u0103ng nh\u1eadp Dafabet kh\u00f4ng b\u1ecb ch\u1eb7n<\/title>\n<meta name=\"description\" content=\"H\u01b0\u1edbng d\u1eabn chi ti\u1ebft c\u00e1ch \u0111\u0103ng nh\u1eadp Dafabet an to\u00e0n, c\u00e1ch l\u1ea5y l\u1ea1i m\u1eadt kh\u1ea9u, x\u1eed l\u00fd link b\u1ecb ch\u1eb7n v\u00e0 c\u1eadp nh\u1eadt link \u0111\u0103ng nh\u1eadp Dafabet m\u1edbi nh\u1ea5t cho ng\u01b0\u1eddi ch\u01a1i Vi\u1ec7t.\" \/>\n<meta name=\"robots\" content=\"index, follow, max-snippet:-1, max-image-preview:large, max-video-preview:-1\" \/>\n<link rel=\"canonical\" href=\"https:\/\/dafabetlogin.com\/vn\/dafabet-login-vietnam\/\" \/>\n<meta property=\"og:locale\" content=\"en_US\" \/>\n<meta property=\"og:type\" content=\"article\" \/>\n<meta property=\"og:title\" content=\"H\u01b0\u1edbng d\u1eabn \u0111\u0103ng nh\u1eadp Dafabet kh\u00f4ng b\u1ecb ch\u1eb7n\" \/>\n<meta property=\"og:description\" content=\"H\u01b0\u1edbng d\u1eabn chi ti\u1ebft c\u00e1ch \u0111\u0103ng nh\u1eadp Dafabet an to\u00e0n, c\u00e1ch l\u1ea5y l\u1ea1i m\u1eadt kh\u1ea9u, x\u1eed l\u00fd link b\u1ecb ch\u1eb7n v\u00e0 c\u1eadp nh\u1eadt link \u0111\u0103ng nh\u1eadp Dafabet m\u1edbi nh\u1ea5t cho ng\u01b0\u1eddi ch\u01a1i Vi\u1ec7t.\" \/>\n<meta property=\"og:url\" content=\"https:\/\/dafabetlogin.com\/vn\/dafabet-login-vietnam\/\" \/>\n<meta property=\"og:site_name\" content=\"Dafabet Login VN\" \/>\n<meta property=\"article:modified_time\" content=\"2025-10-15T15:33:51+00:00\" \/>\n<meta property=\"og:image\" content=\"https:\/\/dafabetlogin.com\/vn\/wp-content\/uploads\/2025\/05\/dafabet-dang-nhap.jpg\" \/>\n<meta name=\"twitter:card\" content=\"summary_large_image\" \/>\n<meta name=\"twitter:label1\" content=\"Est. reading time\" \/>\n\t<meta name=\"twitter:data1\" content=\"5 minutes\" \/>\n<script type=\"application\/ld+json\" class=\"yoast-schema-graph\">{\"@context\":\"https:\\\/\\\/schema.org\",\"@graph\":[{\"@type\":\"WebPage\",\"@id\":\"https:\\\/\\\/dafabetlogin.com\\\/vn\\\/dafabet-login-vietnam\\\/\",\"url\":\"https:\\\/\\\/dafabetlogin.com\\\/vn\\\/dafabet-login-vietnam\\\/\",\"name\":\"H\u01b0\u1edbng d\u1eabn \u0111\u0103ng nh\u1eadp Dafabet kh\u00f4ng b\u1ecb ch\u1eb7n\",\"isPartOf\":{\"@id\":\"https:\\\/\\\/dafabetlogin.com\\\/vn\\\/#website\"},\"primaryImageOfPage\":{\"@id\":\"https:\\\/\\\/dafabetlogin.com\\\/vn\\\/dafabet-login-vietnam\\\/#primaryimage\"},\"image\":{\"@id\":\"https:\\\/\\\/dafabetlogin.com\\\/vn\\\/dafabet-login-vietnam\\\/#primaryimage\"},\"thumbnailUrl\":\"https:\\\/\\\/dafabetlogin.com\\\/vn\\\/wp-content\\\/uploads\\\/2025\\\/05\\\/dafabet-dang-nhap.jpg\",\"datePublished\":\"2025-08-06T10:25:58+00:00\",\"dateModified\":\"2025-10-15T15:33:51+00:00\",\"description\":\"H\u01b0\u1edbng d\u1eabn chi ti\u1ebft c\u00e1ch \u0111\u0103ng nh\u1eadp Dafabet an to\u00e0n, c\u00e1ch l\u1ea5y l\u1ea1i m\u1eadt kh\u1ea9u, x\u1eed l\u00fd link b\u1ecb ch\u1eb7n v\u00e0 c\u1eadp nh\u1eadt link \u0111\u0103ng nh\u1eadp Dafabet m\u1edbi nh\u1ea5t cho ng\u01b0\u1eddi ch\u01a1i Vi\u1ec7t.\",\"breadcrumb\":{\"@id\":\"https:\\\/\\\/dafabetlogin.com\\\/vn\\\/dafabet-login-vietnam\\\/#breadcrumb\"},\"inLanguage\":\"en-US\",\"potentialAction\":[{\"@type\":\"ReadAction\",\"target\":[\"https:\\\/\\\/dafabetlogin.com\\\/vn\\\/dafabet-login-vietnam\\\/\"]}]},{\"@type\":\"ImageObject\",\"inLanguage\":\"en-US\",\"@id\":\"https:\\\/\\\/dafabetlogin.com\\\/vn\\\/dafabet-login-vietnam\\\/#primaryimage\",\"url\":\"https:\\\/\\\/dafabetlogin.com\\\/vn\\\/wp-content\\\/uploads\\\/2025\\\/05\\\/dafabet-dang-nhap.jpg\",\"contentUrl\":\"https:\\\/\\\/dafabetlogin.com\\\/vn\\\/wp-content\\\/uploads\\\/2025\\\/05\\\/dafabet-dang-nhap.jpg\",\"width\":1387,\"height\":600,\"caption\":\"dafabet \u0111\u0103ng nh\u1eadp\"},{\"@type\":\"BreadcrumbList\",\"@id\":\"https:\\\/\\\/dafabetlogin.com\\\/vn\\\/dafabet-login-vietnam\\\/#breadcrumb\",\"itemListElement\":[{\"@type\":\"ListItem\",\"position\":1,\"name\":\"Home\",\"item\":\"https:\\\/\\\/dafabetlogin.com\\\/vn\\\/\"},{\"@type\":\"ListItem\",\"position\":2,\"name\":\"Dafabet Login Vietnam\"}]},{\"@type\":\"WebSite\",\"@id\":\"https:\\\/\\\/dafabetlogin.com\\\/vn\\\/#website\",\"url\":\"https:\\\/\\\/dafabetlogin.com\\\/vn\\\/\",\"name\":\"Dafabet Login VN\",\"description\":\"Dafabet l\u00e0 nh\u00e0 c\u00e1i s\u1ed1 1 Ch\u00e2u \u00c1. Dafabet.tips h\u01b0\u1edbng d\u1eabn c\u00e1c b\u1ea1n c\u00e1ch tham gia v\u00e0o Dafabet, m\u1eb9o chi\u1ebfn th\u1eafng khi ch\u01a1i c\u00e1 c\u01b0\u1ee3c online\",\"potentialAction\":[{\"@type\":\"SearchAction\",\"target\":{\"@type\":\"EntryPoint\",\"urlTemplate\":\"https:\\\/\\\/dafabetlogin.com\\\/vn\\\/?s={search_term_string}\"},\"query-input\":{\"@type\":\"PropertyValueSpecification\",\"valueRequired\":true,\"valueName\":\"search_term_string\"}}],\"inLanguage\":\"en-US\"},false]}<\/script>\n<!-- \/ Yoast SEO plugin. -->","yoast_head_json":{"title":"H\u01b0\u1edbng d\u1eabn \u0111\u0103ng nh\u1eadp Dafabet kh\u00f4ng b\u1ecb ch\u1eb7n","description":"H\u01b0\u1edbng d\u1eabn chi ti\u1ebft c\u00e1ch \u0111\u0103ng nh\u1eadp Dafabet an to\u00e0n, c\u00e1ch l\u1ea5y l\u1ea1i m\u1eadt kh\u1ea9u, x\u1eed l\u00fd link b\u1ecb ch\u1eb7n v\u00e0 c\u1eadp nh\u1eadt link \u0111\u0103ng nh\u1eadp Dafabet m\u1edbi nh\u1ea5t cho ng\u01b0\u1eddi ch\u01a1i Vi\u1ec7t.","robots":{"index":"index","follow":"follow","max-snippet":"max-snippet:-1","max-image-preview":"max-image-preview:large","max-video-preview":"max-video-preview:-1"},"canonical":"https:\/\/dafabetlogin.com\/vn\/dafabet-login-vietnam\/","og_locale":"en_US","og_type":"article","og_title":"H\u01b0\u1edbng d\u1eabn \u0111\u0103ng nh\u1eadp Dafabet kh\u00f4ng b\u1ecb ch\u1eb7n","og_description":"H\u01b0\u1edbng d\u1eabn chi ti\u1ebft c\u00e1ch \u0111\u0103ng nh\u1eadp Dafabet an to\u00e0n, c\u00e1ch l\u1ea5y l\u1ea1i m\u1eadt kh\u1ea9u, x\u1eed l\u00fd link b\u1ecb ch\u1eb7n v\u00e0 c\u1eadp nh\u1eadt link \u0111\u0103ng nh\u1eadp Dafabet m\u1edbi nh\u1ea5t cho ng\u01b0\u1eddi ch\u01a1i Vi\u1ec7t.","og_url":"https:\/\/dafabetlogin.com\/vn\/dafabet-login-vietnam\/","og_site_name":"Dafabet Login VN","article_modified_time":"2025-10-15T15:33:51+00:00","og_image":[{"url":"https:\/\/dafabetlogin.com\/vn\/wp-content\/uploads\/2025\/05\/dafabet-dang-nhap.jpg","type":"","width":"","height":""}],"twitter_card":"summary_large_image","twitter_misc":{"Est. reading time":"5 minutes"},"schema":{"@context":"https:\/\/schema.org","@graph":[{"@type":"WebPage","@id":"https:\/\/dafabetlogin.com\/vn\/dafabet-login-vietnam\/","url":"https:\/\/dafabetlogin.com\/vn\/dafabet-login-vietnam\/","name":"H\u01b0\u1edbng d\u1eabn \u0111\u0103ng nh\u1eadp Dafabet kh\u00f4ng b\u1ecb ch\u1eb7n","isPartOf":{"@id":"https:\/\/dafabetlogin.com\/vn\/#website"},"primaryImageOfPage":{"@id":"https:\/\/dafabetlogin.com\/vn\/dafabet-login-vietnam\/#primaryimage"},"image":{"@id":"https:\/\/dafabetlogin.com\/vn\/dafabet-login-vietnam\/#primaryimage"},"thumbnailUrl":"https:\/\/dafabetlogin.com\/vn\/wp-content\/uploads\/2025\/05\/dafabet-dang-nhap.jpg","datePublished":"2025-08-06T10:25:58+00:00","dateModified":"2025-10-15T15:33:51+00:00","description":"H\u01b0\u1edbng d\u1eabn chi ti\u1ebft c\u00e1ch \u0111\u0103ng nh\u1eadp Dafabet an to\u00e0n, c\u00e1ch l\u1ea5y l\u1ea1i m\u1eadt kh\u1ea9u, x\u1eed l\u00fd link b\u1ecb ch\u1eb7n v\u00e0 c\u1eadp nh\u1eadt link \u0111\u0103ng nh\u1eadp Dafabet m\u1edbi nh\u1ea5t cho ng\u01b0\u1eddi ch\u01a1i Vi\u1ec7t.","breadcrumb":{"@id":"https:\/\/dafabetlogin.com\/vn\/dafabet-login-vietnam\/#breadcrumb"},"inLanguage":"en-US","potentialAction":[{"@type":"ReadAction","target":["https:\/\/dafabetlogin.com\/vn\/dafabet-login-vietnam\/"]}]},{"@type":"ImageObject","inLanguage":"en-US","@id":"https:\/\/dafabetlogin.com\/vn\/dafabet-login-vietnam\/#primaryimage","url":"https:\/\/dafabetlogin.com\/vn\/wp-content\/uploads\/2025\/05\/dafabet-dang-nhap.jpg","contentUrl":"https:\/\/dafabetlogin.com\/vn\/wp-content\/uploads\/2025\/05\/dafabet-dang-nhap.jpg","width":1387,"height":600,"caption":"dafabet \u0111\u0103ng nh\u1eadp"},{"@type":"BreadcrumbList","@id":"https:\/\/dafabetlogin.com\/vn\/dafabet-login-vietnam\/#breadcrumb","itemListElement":[{"@type":"ListItem","position":1,"name":"Home","item":"https:\/\/dafabetlogin.com\/vn\/"},{"@type":"ListItem","position":2,"name":"Dafabet Login Vietnam"}]},{"@type":"WebSite","@id":"https:\/\/dafabetlogin.com\/vn\/#website","url":"https:\/\/dafabetlogin.com\/vn\/","name":"Dafabet Login VN","description":"Dafabet l\u00e0 nh\u00e0 c\u00e1i s\u1ed1 1 Ch\u00e2u \u00c1. Dafabet.tips h\u01b0\u1edbng d\u1eabn c\u00e1c b\u1ea1n c\u00e1ch tham gia v\u00e0o Dafabet, m\u1eb9o chi\u1ebfn th\u1eafng khi ch\u01a1i c\u00e1 c\u01b0\u1ee3c online","potentialAction":[{"@type":"SearchAction","target":{"@type":"EntryPoint","urlTemplate":"https:\/\/dafabetlogin.com\/vn\/?s={search_term_string}"},"query-input":{"@type":"PropertyValueSpecification","valueRequired":true,"valueName":"search_term_string"}}],"inLanguage":"en-US"},false]}},"yasr_visitor_votes":{"stars_attributes":{"read_only":false,"span_bottom":false},"number_of_votes":0,"sum_votes":0},"_links":{"self":[{"href":"https:\/\/dafabetlogin.com\/vn\/wp-json\/wp\/v2\/pages\/12558","targetHints":{"allow":["GET"]}}],"collection":[{"href":"https:\/\/dafabetlogin.com\/vn\/wp-json\/wp\/v2\/pages"}],"about":[{"href":"https:\/\/dafabetlogin.com\/vn\/wp-json\/wp\/v2\/types\/page"}],"author":[{"embeddable":true,"href":"https:\/\/dafabetlogin.com\/vn\/wp-json\/wp\/v2\/users\/9"}],"replies":[{"embeddable":true,"href":"https:\/\/dafabetlogin.com\/vn\/wp-json\/wp\/v2\/comments?post=12558"}],"version-history":[{"count":4,"href":"https:\/\/dafabetlogin.com\/vn\/wp-json\/wp\/v2\/pages\/12558\/revisions"}],"predecessor-version":[{"id":12626,"href":"https:\/\/dafabetlogin.com\/vn\/wp-json\/wp\/v2\/pages\/12558\/revisions\/12626"}],"wp:attachment":[{"href":"https:\/\/dafabetlogin.com\/vn\/wp-json\/wp\/v2\/media?parent=12558"}],"curies":[{"name":"wp","href":"https:\/\/api.w.org\/{rel}","templated":true}]}}